{"id":112093,"date":"2022-09-05T10:23:40","date_gmt":"2022-09-05T08:23:40","guid":{"rendered":"https:\/\/nabytoklaguna.sk\/sk\/?post_type=product&#038;p=112093"},"modified":"2025-11-18T12:41:02","modified_gmt":"2025-11-18T11:41:02","slug":"pohovka-sole","status":"publish","type":"product","link":"https:\/\/nabytoklaguna.sk\/sk\/produkt\/pohovka-sole\/","title":{"rendered":"Pohovka SOLE"},"content":{"rendered":"<p>Kr\u00e1sna modern\u00e1 <strong>pohovka SOLE<\/strong> sa stane Va\u0161im ob\u013e\u00faben\u00fdm k\u00faskom n\u00e1bytku. Svoj\u00edm<strong> dizajnom<\/strong> spr\u00edjemn\u00ed vzh\u013ead ka\u017edej miestnosti a naviac vynik\u00e1 svojou <strong>funk\u010dnos\u0165ou<\/strong>. Pohovka je <b>celo\u010dal\u00fanen\u00e1\u00a0<\/b>tak\u017ee ju nem\u00e1te probl\u00e9m umiesti\u0165 ani do priestoru, obsahuje <strong>ve\u013ek\u00fd \u00falo\u017en\u00fd priestor<\/strong> v ktorom ulo\u017e\u00edte deky \u010di in\u00e9 drobnosti, a <strong>pevn\u00e9 podr\u00fa\u010dky <\/strong>naviac dodaj\u00fa e\u0161te lep\u0161i komfort pri le\u0148o\u0161en\u00ed \u010di pozeran\u00ed TV. Kvalitn\u00e9 <strong>pru\u017einov\u00e9 jadro<\/strong> v\u00e1m zaru\u010d\u00ed <strong>pohodln\u00e9 sedenie<\/strong>. <strong>SOLE<\/strong> tie\u017e disponuje <strong>funkciou rozkladu, <\/strong>rozklad je ve\u013emi jednoduch\u00fd a za par sek\u00fand vytvor\u00edte<strong> plochu na spanie s rozmerom 145x190cm<\/strong>. Dizajnov\u00fd vzh\u013ead pohovky dod\u00e1vaj\u00fa mas\u00edvne <strong>dreven\u00e9 nohy <\/strong>a mo\u017enos\u0165 v\u00fdberu z mnoh\u00fdch\u00a0<strong>kvalitn\u00fdch po\u0165ahov\u00fdch l\u00e1tok<\/strong>. <strong>D<\/strong><b>ekorat\u00edvne pre\u0161\u00edvanie\u00a0<\/b>dod\u00e1 pohovke ten spr\u00e1vny \u0161mrnc. Pohovka <strong>SOLE<\/strong> V\u00e1m poskytne to spr\u00e1vne pohodlie pri pozeran\u00ed TV \u010di \u010d\u00edtan\u00ed knihy.<b>.<\/b><\/p>\n<p>Mo\u017enos\u0165 v\u00fdberu farebn\u00e9ho prevedenia zo vzorkovn\u00edka l\u00e1tok. Odpor\u00fa\u010dame l\u00e1tky:<strong>\u00a0MONOLITH, POWER, QUATRO, LEA.\u00a0<\/strong><\/p>\n<p>Pri objedn\u00e1vke vybran\u00fa l\u00e1tku nap\u00ed\u0161te pros\u00edm do po pozn\u00e1mky.<\/p>\n<p>Pre bli\u017e\u0161ie inform\u00e1cie a pomoc s v\u00fdberom n\u00e1s kontaktujte\u00a0<a href=\"mailto:nabytok.laguna@zoznam.sk\">emailom\u00a0<\/a>alebo telefonicky.<\/p>\n<h3 class=\"page-product-heading\">VLASTNOSTI<\/h3>\n<p>&nbsp;<\/p>\n<table class=\"table-data-sheet\">\n<tbody>\n<tr class=\"odd\">\n<td>H\u013abka<\/td>\n<td>100 cm<\/td>\n<\/tr>\n<tr class=\"even\">\n<td>\u0160\u00edrka<\/td>\n<td>215 cm<\/td>\n<\/tr>\n<tr class=\"even\">\n<td>Vhodn\u00e1 miestnos\u0165<\/td>\n<td>ob\u00fdva\u010dka, spolo\u010densk\u00e1 miestnos\u0165, hotely, kaviarne<\/td>\n<\/tr>\n<tr class=\"odd\">\n<td>Typ n\u00e1bytku<\/td>\n<td>pohovka<\/td>\n<\/tr>\n<tr class=\"even\">\n<td>\u0160t\u00fdl n\u00e1bytku<\/td>\n<td>modern\u00fd<\/td>\n<\/tr>\n<tr class=\"odd\">\n<td>Z\u00e1ruka<\/td>\n<td>2 roky<\/td>\n<\/tr>\n<tr class=\"even\">\n<td>Sp\u00f4sob dodania<\/td>\n<td>demont<\/td>\n<\/tr>\n<tr class=\"even\">\n<td>\u00dalo\u017en\u00fd priestor<\/td>\n<td>\u00e1no<\/td>\n<\/tr>\n<tr class=\"odd\">\n<td>Rohov\u00e9 prevedenie<\/td>\n<td>nie<\/td>\n<\/tr>\n<tr class=\"even\">\n<td>V\u00fd\u0161ka sed\u00e1ka<\/td>\n<td>45 cm<\/td>\n<\/tr>\n<tr class=\"even\">\n<td>Mo\u017enos\u0165 rozkladania<\/td>\n<td>\u00e1no<\/td>\n<\/tr>\n<tr class=\"odd\">\n<td>Plocha po rozlo\u017een\u00ed<\/td>\n<td>145\u00d7190 cm<\/td>\n<\/tr>\n<tr class=\"even\">\n<td>Obsahuje vank\u00fa\u0161e<\/td>\n<td>\u00e1no<\/td>\n<\/tr>\n<tr class=\"odd\">\n<td>Nastavenie opierok<\/td>\n<td>nie<\/td>\n<\/tr>\n<tr class=\"even\">\n<td>V\u00fdpl\u0148 seda\u010dky<\/td>\n<td>pru\u017eina<\/td>\n<\/tr>\n<\/tbody>\n<\/table>\n<p>Nastavenie displeja m\u00f4\u017ee sp\u00f4sobi\u0165 odch\u00fdlku vo farbe vzoriek po\u0165ahov\u00fdch l\u00e1tok.<\/p>\n","protected":false},"excerpt":{"rendered":"<p>Kr\u00e1sna modern\u00e1 pohovka SOLE sa stane Va\u0161im ob\u013e\u00faben\u00fdm k\u00faskom n\u00e1bytku. Svoj\u00edm dizajnom spr\u00edjemn\u00ed vzh\u013ead ka\u017edej miestnosti a naviac vynik\u00e1 svojou funk\u010dnos\u0165ou. Pohovka je celo\u010dal\u00fanen\u00e1\u00a0tak\u017ee ju nem\u00e1te probl\u00e9m umiesti\u0165 ani do priestoru, obsahuje ve\u013ek\u00fd \u00falo\u017en\u00fd priestor v ktorom ulo\u017e\u00edte deky \u010di in\u00e9 drobnosti, a pevn\u00e9 podr\u00fa\u010dky naviac dodaj\u00fa e\u0161te lep\u0161i komfort pri le\u0148o\u0161en\u00ed \u010di pozeran\u00ed TV&#8230;.<\/p>\n","protected":false},"featured_media":112095,"comment_status":"closed","ping_status":"closed","template":"","meta":{"_seopress_robots_primary_cat":"none","_seopress_titles_title":"","_seopress_titles_desc":"","_seopress_robots_index":""},"product_brand":[],"product_cat":[140,219],"product_tag":[],"class_list":{"0":"post-112093","1":"product","2":"type-product","3":"status-publish","4":"has-post-thumbnail","6":"product_cat-sedacie-supravy","7":"product_cat-pohovky","9":"first","10":"instock","11":"sale","12":"shipping-taxable","13":"purchasable","14":"product-type-simple"},"_links":{"self":[{"href":"https:\/\/nabytoklaguna.sk\/sk\/wp-json\/wp\/v2\/product\/112093","targetHints":{"allow":["GET"]}}],"collection":[{"href":"https:\/\/nabytoklaguna.sk\/sk\/wp-json\/wp\/v2\/product"}],"about":[{"href":"https:\/\/nabytoklaguna.sk\/sk\/wp-json\/wp\/v2\/types\/product"}],"replies":[{"embeddable":true,"href":"https:\/\/nabytoklaguna.sk\/sk\/wp-json\/wp\/v2\/comments?post=112093"}],"wp:featuredmedia":[{"embeddable":true,"href":"https:\/\/nabytoklaguna.sk\/sk\/wp-json\/wp\/v2\/media\/112095"}],"wp:attachment":[{"href":"https:\/\/nabytoklaguna.sk\/sk\/wp-json\/wp\/v2\/media?parent=112093"}],"wp:term":[{"taxonomy":"product_brand","embeddable":true,"href":"https:\/\/nabytoklaguna.sk\/sk\/wp-json\/wp\/v2\/product_brand?post=112093"},{"taxonomy":"product_cat","embeddable":true,"href":"https:\/\/nabytoklaguna.sk\/sk\/wp-json\/wp\/v2\/product_cat?post=112093"},{"taxonomy":"product_tag","embeddable":true,"href":"https:\/\/nabytoklaguna.sk\/sk\/wp-json\/wp\/v2\/product_tag?post=112093"}],"curies":[{"name":"wp","href":"https:\/\/api.w.org\/{rel}","templated":true}]}}