{"id":112099,"date":"2022-09-05T11:55:11","date_gmt":"2022-09-05T09:55:11","guid":{"rendered":"https:\/\/nabytoklaguna.sk\/sk\/?post_type=product&#038;p=112099"},"modified":"2025-11-05T11:26:18","modified_gmt":"2025-11-05T10:26:18","slug":"pohovka-alen","status":"publish","type":"product","link":"https:\/\/nabytoklaguna.sk\/sk\/produkt\/pohovka-alen\/","title":{"rendered":"pohovka ALEN"},"content":{"rendered":"<p>Ak chcete modern\u00fa pohovku, ktor\u00e1 je vhodn\u00e1 aj do men\u0161ej ob\u00fdva\u010dky alebo sp\u00e1lne, <b>ALEN <\/b>bude pre v\u00e1s v\u00fdzvou. T\u00e1to pohovka m\u00e1 v sebe viacero <strong>benefitov<\/strong>. Je <b>celo\u010dal\u00fanen\u00e1, <\/b>tak\u017ee ju \u013eahko m\u00f4\u017ete umiestni\u0165 aj do priestoru, a<b> s mo\u017enos\u0165ou rozkladu, <\/b>\u010do ur\u010dite ocen\u00edte pri ne\u010dakanej n\u00e1v\u0161teve alebo len tak pre dom\u00e1ce pohodlie. <strong>Plocha na spanie<\/strong> dosahuje rozmer <strong>148 x 195 cm<\/strong>. Zaujme v\u00e1s <b>ulo\u017en\u00fd priestor\u00a0<\/b>so \u0161irokou \u0161k\u00e1lou vyu\u017eitia. Pohovka je jedine\u010dn\u00e1 aj pre svoje <strong>farebn\u00e9 prevedenie<\/strong>. Kvalitn\u00e9 l\u00e1tky m\u00f4\u017eete skombinova\u0165 pod\u013ea vlastn\u00e9ho uv\u00e1\u017eenia.\u00a0Te\u0161i\u0165 sa m\u00f4\u017eete aj na pohodln\u00e9\u00a0<b>opierky r\u00fak a vank\u00fa\u0161e <\/b>ktor\u00e9 V\u00e1m zaru\u010dia ten spr\u00e1vny komfort. Pohodlie spojen\u00e9 s modern\u00fdm vzh\u013eadom a funk\u010dnos\u0165ou, to je\u00a0<b>pohovka ALEN.<\/b><\/p>\n<p>Mo\u017enos\u0165 v\u00fdberu farebn\u00e9ho prevedenia zo vzorkovn\u00edka l\u00e1tok. Odpor\u00fa\u010dame l\u00e1tky:<strong>\u00a0MONOLITH, POWER, QUATRO, LEA.\u00a0<\/strong><\/p>\n<p>Pri objedn\u00e1vke vybran\u00e9 l\u00e1tky nap\u00ed\u0161te pros\u00edm do po pozn\u00e1mky.<\/p>\n<p>Pre bli\u017e\u0161ie inform\u00e1cie a pomoc s v\u00fdberom n\u00e1s kontaktujte\u00a0<a href=\"mailto:nabytok.laguna@zoznam.sk\">emailom\u00a0<\/a>alebo telefonicky.<\/p>\n<p><img loading=\"lazy\" decoding=\"async\" class=\"alignnone wp-image-111498 size-full\" src=\"https:\/\/nabytoklaguna.sk\/sk\/wp-content\/uploads\/2021\/04\/Pomoc-sedacky-7.png\" alt=\"apollo premium b sedacia s\u00faprava\" width=\"362\" height=\"107\" \/><\/p>\n<h3 class=\"page-product-heading\">VLASTNOSTI<\/h3>\n<table class=\"table-data-sheet\" style=\"width: 100%; height: 878px;\">\n<tbody>\n<tr class=\"odd\" style=\"height: 52px;\">\n<td style=\"height: 52px;\">H\u013abka<\/td>\n<td style=\"height: 52px;\">97 cm<\/td>\n<\/tr>\n<tr class=\"even\" style=\"height: 52px;\">\n<td style=\"height: 52px;\">\u0160\u00edrka<\/td>\n<td style=\"height: 52px;\">195 cm<\/td>\n<\/tr>\n<tr class=\"odd\" style=\"height: 52px;\">\n<td style=\"height: 52px;\">V\u00fd\u0161ka<\/td>\n<td style=\"height: 52px;\">96 cm<\/td>\n<\/tr>\n<tr class=\"even\" style=\"height: 52px;\">\n<td style=\"height: 52px;\">Vhodn\u00e1 miestnos\u0165<\/td>\n<td style=\"height: 52px;\">ob\u00fdva\u010dka, spolo\u010densk\u00e1 miestnos\u0165, hotely, kaviarne<\/td>\n<\/tr>\n<tr class=\"odd\" style=\"height: 52px;\">\n<td style=\"height: 52px;\">Typ n\u00e1bytku<\/td>\n<td style=\"height: 52px;\">pohovka<\/td>\n<\/tr>\n<tr class=\"even\" style=\"height: 52px;\">\n<td style=\"height: 52px;\">\u0160t\u00fdl n\u00e1bytku<\/td>\n<td style=\"height: 52px;\">modern\u00fd<\/td>\n<\/tr>\n<tr class=\"odd\" style=\"height: 52px;\">\n<td style=\"height: 52px;\">Z\u00e1ruka<\/td>\n<td style=\"height: 52px;\">2 roky<\/td>\n<\/tr>\n<tr class=\"even\" style=\"height: 52px;\">\n<td style=\"height: 52px;\">Sp\u00f4sob dodania<\/td>\n<td style=\"height: 52px;\">demont<\/td>\n<\/tr>\n<tr class=\"even\" style=\"height: 52px;\">\n<td style=\"height: 52px;\">\u00dalo\u017en\u00fd priestor<\/td>\n<td style=\"height: 52px;\">\u00e1no<\/td>\n<\/tr>\n<tr class=\"odd\" style=\"height: 52px;\">\n<td style=\"height: 52px;\">Rohov\u00e9 prevedenie<\/td>\n<td style=\"height: 52px;\">nie<\/td>\n<\/tr>\n<tr class=\"even\" style=\"height: 52px;\">\n<td style=\"height: 52px;\">V\u00fd\u0161ka sed\u00e1ka<\/td>\n<td style=\"height: 52px;\">44 cm<\/td>\n<\/tr>\n<tr class=\"odd\" style=\"height: 52px;\">\n<td style=\"height: 52px;\">V\u00fd\u0161ka zadn\u00e9ho \u010dela<\/td>\n<td style=\"height: 52px;\">74-96 cm<\/td>\n<\/tr>\n<tr class=\"even\" style=\"height: 52px;\">\n<td style=\"height: 52px;\">Mo\u017enos\u0165 rozkladania<\/td>\n<td style=\"height: 52px;\">\u00e1no<\/td>\n<\/tr>\n<tr class=\"odd\" style=\"height: 52px;\">\n<td style=\"height: 52px;\">Plocha po rozlo\u017een\u00ed<\/td>\n<td style=\"height: 52px;\">148\u00d7195 cm<\/td>\n<\/tr>\n<tr class=\"even\" style=\"height: 52px;\">\n<td style=\"height: 52px;\">Obsahuje vank\u00fa\u0161e<\/td>\n<td style=\"height: 52px;\">ano<\/td>\n<\/tr>\n<tr class=\"odd\" style=\"height: 47px;\">\n<td style=\"height: 47px;\">Nastavenie opierok<\/td>\n<td style=\"height: 47px;\">nie<\/td>\n<\/tr>\n<tr class=\"even\" style=\"height: 51px;\">\n<td style=\"height: 51px;\">V\u00fdpl\u0148 seda\u010dky<\/td>\n<td style=\"height: 51px;\">pru\u017eina<\/td>\n<\/tr>\n<\/tbody>\n<\/table>\n<p>Nastavenie displeja m\u00f4\u017ee sp\u00f4sobi\u0165 odch\u00fdlku vo farbe vzoriek po\u0165ahov\u00fdch l\u00e1tok.<\/p>\n","protected":false},"excerpt":{"rendered":"<p>Ak chcete modern\u00fa pohovku, ktor\u00e1 je vhodn\u00e1 aj do men\u0161ej ob\u00fdva\u010dky alebo sp\u00e1lne, ALEN bude pre v\u00e1s v\u00fdzvou. T\u00e1to pohovka m\u00e1 v sebe viacero benefitov. Je celo\u010dal\u00fanen\u00e1, tak\u017ee ju \u013eahko m\u00f4\u017ete umiestni\u0165 aj do priestoru, a s mo\u017enos\u0165ou rozkladu, \u010do ur\u010dite ocen\u00edte pri ne\u010dakanej n\u00e1v\u0161teve alebo len tak pre dom\u00e1ce pohodlie. Plocha na spanie dosahuje&#8230;<\/p>\n","protected":false},"featured_media":112101,"comment_status":"closed","ping_status":"closed","template":"","meta":{"_seopress_robots_primary_cat":"none","_seopress_titles_title":"","_seopress_titles_desc":"","_seopress_robots_index":""},"product_brand":[],"product_cat":[140,219],"product_tag":[],"class_list":{"0":"post-112099","1":"product","2":"type-product","3":"status-publish","4":"has-post-thumbnail","6":"product_cat-sedacie-supravy","7":"product_cat-pohovky","9":"first","10":"onbackorder","11":"shipping-taxable","12":"purchasable","13":"product-type-simple"},"_links":{"self":[{"href":"https:\/\/nabytoklaguna.sk\/sk\/wp-json\/wp\/v2\/product\/112099","targetHints":{"allow":["GET"]}}],"collection":[{"href":"https:\/\/nabytoklaguna.sk\/sk\/wp-json\/wp\/v2\/product"}],"about":[{"href":"https:\/\/nabytoklaguna.sk\/sk\/wp-json\/wp\/v2\/types\/product"}],"replies":[{"embeddable":true,"href":"https:\/\/nabytoklaguna.sk\/sk\/wp-json\/wp\/v2\/comments?post=112099"}],"wp:featuredmedia":[{"embeddable":true,"href":"https:\/\/nabytoklaguna.sk\/sk\/wp-json\/wp\/v2\/media\/112101"}],"wp:attachment":[{"href":"https:\/\/nabytoklaguna.sk\/sk\/wp-json\/wp\/v2\/media?parent=112099"}],"wp:term":[{"taxonomy":"product_brand","embeddable":true,"href":"https:\/\/nabytoklaguna.sk\/sk\/wp-json\/wp\/v2\/product_brand?post=112099"},{"taxonomy":"product_cat","embeddable":true,"href":"https:\/\/nabytoklaguna.sk\/sk\/wp-json\/wp\/v2\/product_cat?post=112099"},{"taxonomy":"product_tag","embeddable":true,"href":"https:\/\/nabytoklaguna.sk\/sk\/wp-json\/wp\/v2\/product_tag?post=112099"}],"curies":[{"name":"wp","href":"https:\/\/api.w.org\/{rel}","templated":true}]}}