{"id":112130,"date":"2022-09-05T16:11:31","date_gmt":"2022-09-05T14:11:31","guid":{"rendered":"https:\/\/nabytoklaguna.sk\/sk\/?post_type=product&#038;p=112130"},"modified":"2025-07-14T15:30:27","modified_gmt":"2025-07-14T13:30:27","slug":"pohovka-julka","status":"publish","type":"product","link":"https:\/\/nabytoklaguna.sk\/sk\/produkt\/pohovka-julka\/","title":{"rendered":"pohovka JULKA"},"content":{"rendered":"<p>Ak si chcete si svoj domov zariadi\u0165 <strong>\u0161t\u00fdlovo, <\/strong><strong>pohovka JULKA <\/strong><span style=\"font-size: 15.008px;\">je t\u00e1 prav\u00e1 vo\u013eba. Je to jednoducho\u00a0<\/span><strong style=\"font-size: 15.008px;\">modern\u00fd k\u00fasok n\u00e1bytku<\/strong><span style=\"font-size: 15.008px;\">, ktor\u00fd ukr\u00fdva v sebe mnoho funkci\u00ed. Obsahuje\u00a0<\/span><strong style=\"font-size: 15.008px;\">v<\/strong><b style=\"font-size: 15.008px;\">e\u013ek\u00fd \u00falo\u017en\u00fd priestor<\/b><span style=\"font-size: 15.008px;\">\u00a0 ktor\u00fd plnohodnotne posl\u00fa\u017ei na schovanie lo\u017en\u00e9ho pr\u00e1dla \u010di sez\u00f3nnych vec\u00ed. <\/span><strong style=\"font-size: 15.008px;\">Jednoduch\u00fdm rozkladom<\/strong><span style=\"font-size: 15.008px;\">\u00a0zasa pohovku zmen\u00edte na<\/span><b style=\"font-size: 15.008px;\">\u00a0plnohodnotn\u00e9 l\u00f4\u017eko<\/b><span style=\"font-size: 15.008px;\">\u00a0v rozmere\u00a0<\/span><b style=\"font-size: 15.008px;\">122\u00d7190 cm, <\/b><span style=\"font-size: 15.008px;\">ktor\u00e9 posl\u00fa\u017ei na pr\u00edle\u017eitostn\u00e9 spanie. \u00a0Kvalitn\u00e9 <\/span><strong style=\"font-size: 15.008px;\">pevn\u00e9<\/strong> <b style=\"font-size: 15.008px;\">opierky<\/b><span style=\"font-size: 15.008px;\">\u00a0a\u00a0<\/span><b style=\"font-size: 15.008px;\">odoln\u00e9 jadro<\/b><span style=\"font-size: 15.008px;\">\u00a0tvoren\u00e9<\/span><b style=\"font-size: 15.008px;\">\u00a0pru\u017einov FALISTE\u00a0 v kombin\u00e1cii s PUR penou<\/b><span style=\"font-size: 15.008px;\"> zaru\u010d\u00ed pohodlie a trv\u00e1cnos\u0165 pohovky. Mo\u017enos\u0165 v\u00fdberu z mnoh\u00fdch <\/span><strong style=\"font-size: 15.008px;\">kvalitn\u00fdch po\u0165ahov\u00fdch l\u00e1tok<\/strong><span style=\"font-size: 15.008px;\">\u00a0a\u00a0<\/span><b style=\"font-size: 15.008px;\">dekorat\u00edvne pre\u0161\u00edvanie\u00a0<\/b><span style=\"font-size: 15.008px;\">dod\u00e1 pohovke ten spr\u00e1vny \u0161mrnc. Pohodlie spojen\u00e9 s modern\u00fdm vzh\u013eadom a funk\u010dnos\u0165ou, to je\u00a0<\/span><b style=\"font-size: 15.008px;\">pohovka <strong>JULK<\/strong>A.<\/b><\/p>\n<h3>pohovka JULKA \u2013 b\u00e9\u017eovo hned\u00e1\u2013 DOSTUPN\u00c1 SKLADOM U N\u00c1S<\/h3>\n<p>&nbsp;<\/p>\n<p>Mo\u017enos\u0165 v\u00fdberu farebn\u00e9ho prevedenia zo vzorkovn\u00edka l\u00e1tok. Odpor\u00fa\u010dame l\u00e1tky:<strong>\u00a0MONOLITH, POWER, QUATRO, LEA.\u00a0<\/strong><\/p>\n<p>Pri objedn\u00e1vke vybran\u00fa l\u00e1tku nap\u00ed\u0161te pros\u00edm do po pozn\u00e1mky.<\/p>\n<p>Pre bli\u017e\u0161ie inform\u00e1cie a pomoc s v\u00fdberom n\u00e1s kontaktujte\u00a0<a href=\"mailto:nabytok.laguna@zoznam.sk\">emailom\u00a0<\/a>alebo telefonicky.<\/p>\n<p><img loading=\"lazy\" decoding=\"async\" class=\"alignnone wp-image-111498 size-full\" src=\"https:\/\/nabytoklaguna.sk\/sk\/wp-content\/uploads\/2021\/04\/Pomoc-sedacky-7.png\" alt=\"apollo premium b sedacia s\u00faprava\" width=\"362\" height=\"107\" \/><\/p>\n<h3 class=\"page-product-heading\">VLASTNOSTI<\/h3>\n<table class=\"table-data-sheet\">\n<tbody>\n<tr class=\"odd\">\n<td>H\u013abka<\/td>\n<td>92 cm<\/td>\n<\/tr>\n<tr class=\"even\">\n<td>\u0160\u00edrka<\/td>\n<td>214 cm<\/td>\n<\/tr>\n<tr class=\"odd\">\n<td>V\u00fd\u0161ka<\/td>\n<td>90 cm<\/td>\n<\/tr>\n<tr class=\"even\">\n<td>Vhodn\u00e1 miestnos\u0165<\/td>\n<td>ob\u00fdva\u010dka, spolo\u010densk\u00e1 miestnos\u0165, hotely, kaviarne<\/td>\n<\/tr>\n<tr class=\"odd\">\n<td>Typ n\u00e1bytku<\/td>\n<td>pohovka<\/td>\n<\/tr>\n<tr class=\"even\">\n<td>\u0160t\u00fdl n\u00e1bytku<\/td>\n<td>modern\u00fd<\/td>\n<\/tr>\n<tr class=\"odd\">\n<td>Z\u00e1ruka<\/td>\n<td>2 roky<\/td>\n<\/tr>\n<tr class=\"even\">\n<td>Sp\u00f4sob dodania<\/td>\n<td>demont<\/td>\n<\/tr>\n<tr class=\"even\">\n<td>\u00dalo\u017en\u00fd priestor<\/td>\n<td>\u00e1no<\/td>\n<\/tr>\n<tr class=\"odd\">\n<td>Rohov\u00e9 prevedenie<\/td>\n<td>nie<\/td>\n<\/tr>\n<tr class=\"even\">\n<td>V\u00fd\u0161ka sed\u00e1ka<\/td>\n<td>46 cm<\/td>\n<\/tr>\n<tr class=\"odd\">\n<td>V\u00fd\u0161ka zadn\u00e9ho \u010dela<\/td>\n<td>90 cm<\/td>\n<\/tr>\n<tr class=\"even\">\n<td>Mo\u017enos\u0165 rozkladania<\/td>\n<td>\u00e1no<\/td>\n<\/tr>\n<tr class=\"odd\">\n<td>Plocha po rozlo\u017een\u00ed<\/td>\n<td>122\u00d7190 cm<\/td>\n<\/tr>\n<tr class=\"even\">\n<td>Obsahuje vank\u00fa\u0161e<\/td>\n<td>nie<\/td>\n<\/tr>\n<tr class=\"odd\">\n<td>Nastavenie opierok<\/td>\n<td>nie<\/td>\n<\/tr>\n<tr class=\"even\">\n<td>V\u00fdpl\u0148 seda\u010dky<\/td>\n<td>pru\u017eina + pena<\/td>\n<\/tr>\n<\/tbody>\n<\/table>\n<p>Nastavenie displeja m\u00f4\u017ee sp\u00f4sobi\u0165 odch\u00fdlku vo farbe vzoriek po\u0165ahov\u00fdch l\u00e1tok.<\/p>\n","protected":false},"excerpt":{"rendered":"<p>Ak si chcete si svoj domov zariadi\u0165 \u0161t\u00fdlovo, pohovka JULKA je t\u00e1 prav\u00e1 vo\u013eba. Je to jednoducho\u00a0modern\u00fd k\u00fasok n\u00e1bytku, ktor\u00fd ukr\u00fdva v sebe mnoho funkci\u00ed. Obsahuje\u00a0ve\u013ek\u00fd \u00falo\u017en\u00fd priestor\u00a0 ktor\u00fd plnohodnotne posl\u00fa\u017ei na schovanie lo\u017en\u00e9ho pr\u00e1dla \u010di sez\u00f3nnych vec\u00ed. Jednoduch\u00fdm rozkladom\u00a0zasa pohovku zmen\u00edte na\u00a0plnohodnotn\u00e9 l\u00f4\u017eko\u00a0v rozmere\u00a0122\u00d7190 cm, ktor\u00e9 posl\u00fa\u017ei na pr\u00edle\u017eitostn\u00e9 spanie. \u00a0Kvalitn\u00e9 pevn\u00e9 opierky\u00a0a\u00a0odoln\u00e9 jadro\u00a0tvoren\u00e9\u00a0pru\u017einov&#8230;<\/p>\n","protected":false},"featured_media":112132,"comment_status":"closed","ping_status":"closed","template":"","meta":{"_seopress_robots_primary_cat":"none","_seopress_titles_title":"","_seopress_titles_desc":"","_seopress_robots_index":""},"product_brand":[],"product_cat":[140,219],"product_tag":[],"class_list":{"0":"post-112130","1":"product","2":"type-product","3":"status-publish","4":"has-post-thumbnail","6":"product_cat-sedacie-supravy","7":"product_cat-pohovky","9":"first","10":"onbackorder","11":"shipping-taxable","12":"purchasable","13":"product-type-simple"},"_links":{"self":[{"href":"https:\/\/nabytoklaguna.sk\/sk\/wp-json\/wp\/v2\/product\/112130","targetHints":{"allow":["GET"]}}],"collection":[{"href":"https:\/\/nabytoklaguna.sk\/sk\/wp-json\/wp\/v2\/product"}],"about":[{"href":"https:\/\/nabytoklaguna.sk\/sk\/wp-json\/wp\/v2\/types\/product"}],"replies":[{"embeddable":true,"href":"https:\/\/nabytoklaguna.sk\/sk\/wp-json\/wp\/v2\/comments?post=112130"}],"wp:featuredmedia":[{"embeddable":true,"href":"https:\/\/nabytoklaguna.sk\/sk\/wp-json\/wp\/v2\/media\/112132"}],"wp:attachment":[{"href":"https:\/\/nabytoklaguna.sk\/sk\/wp-json\/wp\/v2\/media?parent=112130"}],"wp:term":[{"taxonomy":"product_brand","embeddable":true,"href":"https:\/\/nabytoklaguna.sk\/sk\/wp-json\/wp\/v2\/product_brand?post=112130"},{"taxonomy":"product_cat","embeddable":true,"href":"https:\/\/nabytoklaguna.sk\/sk\/wp-json\/wp\/v2\/product_cat?post=112130"},{"taxonomy":"product_tag","embeddable":true,"href":"https:\/\/nabytoklaguna.sk\/sk\/wp-json\/wp\/v2\/product_tag?post=112130"}],"curies":[{"name":"wp","href":"https:\/\/api.w.org\/{rel}","templated":true}]}}