{"id":113764,"date":"2022-11-24T12:38:21","date_gmt":"2022-11-24T11:38:21","guid":{"rendered":"https:\/\/nabytoklaguna.sk\/sk\/?post_type=product&#038;p=113764"},"modified":"2026-02-17T14:08:41","modified_gmt":"2026-02-17T13:08:41","slug":"k-libor-new","status":"publish","type":"product","link":"https:\/\/nabytoklaguna.sk\/sk\/produkt\/k-libor-new\/","title":{"rendered":"K LIBOR NEW"},"content":{"rendered":"<p>\u017diadna ob\u00fdvacia izba sa nezaob\u00edde bez dobr\u00e9ho <b>konferen\u010dn\u00e9ho stol\u00edka<\/b>.\u00a0 Modern\u00fd a \u0161t\u00fdlov\u00fd konferen\u010dn\u00fd stol\u00edk <b>LIBOR NEW <\/b>V\u00e1m pom\u00f4\u017ee vytrvori\u0165 domov pln\u00fd harm\u00f3nie a pokoja. Doska stola je vyroben\u00e1 zo\u00a0<b>skla<\/b>, nohy s\u00fa z<b>\u00a0MDF<\/b>. Na v\u00fdber m\u00e1te z farebn\u00fdch preveden\u00ed\u00a0 <strong>dub sonoma <\/strong>alebo <strong>extra biela vysok\u00fd lesk.\u00a0 \u00a0LIBOR NEW <\/strong>roz\u017eiari v\u00e1\u0161 domov a vnesie do interi\u00e9ru atmosf\u00e9ru <strong>luxusu a elegancie<\/strong>. V\u00fdhodou je\u00a0<b>\u00falo\u017en\u00fd priestor<\/b>\u00a0v podobe\u00a0<b>jednej police<\/b>, ktor\u00fd poskytuje odkladac\u00ed priestor na \u010dasopisy, ovl\u00e1da\u010de a pod. Stol\u00edk, ktor\u00fd sa stane srdcom v\u00e1\u0161ho domova.<\/p>\n<div class=\"text\">\n<ul>\n<li><b>Materi\u00e1l:<\/b>\u00a0MDF\/sklo<\/li>\n<li><b>Farba:<\/b> dub sonoma\/\u010d\u00edra,\u00a0 biela vysok\u00fd lesk \/ \u010d\u00edra<\/li>\n<li><b>Rozmery (\u0160xHxV):<\/b>\u00a0100x60x42 cm<\/li>\n<li>Tvrden\u00e9 sklo (8mm)<\/li>\n<li>Hr\u00fabka materi\u00e1lu: 20 mm<\/li>\n<li>S policou<\/li>\n<li>Dod\u00e1van\u00e9 v demonte<\/li>\n<\/ul>\n<\/div>\n<p>&nbsp;<\/p>\n","protected":false},"excerpt":{"rendered":"<p>\u017diadna ob\u00fdvacia izba sa nezaob\u00edde bez dobr\u00e9ho konferen\u010dn\u00e9ho stol\u00edka.\u00a0 Modern\u00fd a \u0161t\u00fdlov\u00fd konferen\u010dn\u00fd stol\u00edk LIBOR NEW V\u00e1m pom\u00f4\u017ee vytrvori\u0165 domov pln\u00fd harm\u00f3nie a pokoja. Doska stola je vyroben\u00e1 zo\u00a0skla, nohy s\u00fa z\u00a0MDF. Na v\u00fdber m\u00e1te z farebn\u00fdch preveden\u00ed\u00a0 dub sonoma alebo extra biela vysok\u00fd lesk.\u00a0 \u00a0LIBOR NEW roz\u017eiari v\u00e1\u0161 domov a vnesie do interi\u00e9ru atmosf\u00e9ru&#8230;<\/p>\n","protected":false},"featured_media":113768,"comment_status":"closed","ping_status":"closed","template":"","meta":{"_seopress_robots_primary_cat":"none","_seopress_titles_title":"","_seopress_titles_desc":"","_seopress_robots_index":""},"product_brand":[],"product_cat":[221],"product_tag":[],"class_list":{"0":"post-113764","1":"product","2":"type-product","3":"status-publish","4":"has-post-thumbnail","6":"product_cat-konferencne-stoliky","7":"pa_farba-biela-extra-vysoky-lesk","8":"pa_farba-dub-sonoma","10":"first","11":"onbackorder","12":"shipping-taxable","13":"purchasable","14":"product-type-variable"},"_links":{"self":[{"href":"https:\/\/nabytoklaguna.sk\/sk\/wp-json\/wp\/v2\/product\/113764","targetHints":{"allow":["GET"]}}],"collection":[{"href":"https:\/\/nabytoklaguna.sk\/sk\/wp-json\/wp\/v2\/product"}],"about":[{"href":"https:\/\/nabytoklaguna.sk\/sk\/wp-json\/wp\/v2\/types\/product"}],"replies":[{"embeddable":true,"href":"https:\/\/nabytoklaguna.sk\/sk\/wp-json\/wp\/v2\/comments?post=113764"}],"wp:featuredmedia":[{"embeddable":true,"href":"https:\/\/nabytoklaguna.sk\/sk\/wp-json\/wp\/v2\/media\/113768"}],"wp:attachment":[{"href":"https:\/\/nabytoklaguna.sk\/sk\/wp-json\/wp\/v2\/media?parent=113764"}],"wp:term":[{"taxonomy":"product_brand","embeddable":true,"href":"https:\/\/nabytoklaguna.sk\/sk\/wp-json\/wp\/v2\/product_brand?post=113764"},{"taxonomy":"product_cat","embeddable":true,"href":"https:\/\/nabytoklaguna.sk\/sk\/wp-json\/wp\/v2\/product_cat?post=113764"},{"taxonomy":"product_tag","embeddable":true,"href":"https:\/\/nabytoklaguna.sk\/sk\/wp-json\/wp\/v2\/product_tag?post=113764"}],"curies":[{"name":"wp","href":"https:\/\/api.w.org\/{rel}","templated":true}]}}