{"id":114258,"date":"2022-12-20T12:01:04","date_gmt":"2022-12-20T11:01:04","guid":{"rendered":"https:\/\/nabytoklaguna.sk\/sk\/?post_type=product&#038;p=114258"},"modified":"2023-11-25T11:20:02","modified_gmt":"2023-11-25T10:20:02","slug":"rolo-rost-rolovany","status":"publish","type":"product","link":"https:\/\/nabytoklaguna.sk\/sk\/produkt\/rolo-rost-rolovany\/","title":{"rendered":"ROLO ro\u0161t rolovan\u00fd 160&#215;200, 180&#215;200"},"content":{"rendered":"<p><strong>Dreven\u00fd, latkov\u00fd, rolovate\u013en\u00fd ro\u0161t<\/strong><\/p>\n<p>Rozmer: 160&#215;200 alebo 180&#215;200 cm<br \/>\nV\u00fd\u0161ka ro\u0161tu je 2 &#8211; 2,5cm.<\/p>\n","protected":false},"excerpt":{"rendered":"<p>Dreven\u00fd, latkov\u00fd, rolovate\u013en\u00fd ro\u0161t Rozmer: 160&#215;200 alebo 180&#215;200 cm V\u00fd\u0161ka ro\u0161tu je 2 &#8211; 2,5cm.<\/p>\n","protected":false},"featured_media":114261,"comment_status":"closed","ping_status":"closed","template":"","meta":{"_seopress_robots_primary_cat":"none","_seopress_titles_title":"","_seopress_titles_desc":"","_seopress_robots_index":""},"product_brand":[],"product_cat":[227],"product_tag":[],"class_list":{"0":"post-114258","1":"product","2":"type-product","3":"status-publish","4":"has-post-thumbnail","6":"product_cat-rosty-matrace","8":"first","9":"onbackorder","10":"shipping-taxable","11":"purchasable","12":"product-type-variable"},"_links":{"self":[{"href":"https:\/\/nabytoklaguna.sk\/sk\/wp-json\/wp\/v2\/product\/114258","targetHints":{"allow":["GET"]}}],"collection":[{"href":"https:\/\/nabytoklaguna.sk\/sk\/wp-json\/wp\/v2\/product"}],"about":[{"href":"https:\/\/nabytoklaguna.sk\/sk\/wp-json\/wp\/v2\/types\/product"}],"replies":[{"embeddable":true,"href":"https:\/\/nabytoklaguna.sk\/sk\/wp-json\/wp\/v2\/comments?post=114258"}],"wp:featuredmedia":[{"embeddable":true,"href":"https:\/\/nabytoklaguna.sk\/sk\/wp-json\/wp\/v2\/media\/114261"}],"wp:attachment":[{"href":"https:\/\/nabytoklaguna.sk\/sk\/wp-json\/wp\/v2\/media?parent=114258"}],"wp:term":[{"taxonomy":"product_brand","embeddable":true,"href":"https:\/\/nabytoklaguna.sk\/sk\/wp-json\/wp\/v2\/product_brand?post=114258"},{"taxonomy":"product_cat","embeddable":true,"href":"https:\/\/nabytoklaguna.sk\/sk\/wp-json\/wp\/v2\/product_cat?post=114258"},{"taxonomy":"product_tag","embeddable":true,"href":"https:\/\/nabytoklaguna.sk\/sk\/wp-json\/wp\/v2\/product_tag?post=114258"}],"curies":[{"name":"wp","href":"https:\/\/api.w.org\/{rel}","templated":true}]}}