{"id":115823,"date":"2023-01-21T10:44:29","date_gmt":"2023-01-21T09:44:29","guid":{"rendered":"https:\/\/nabytoklaguna.sk\/sk\/?post_type=product&#038;p=115823"},"modified":"2025-02-05T14:29:03","modified_gmt":"2025-02-05T13:29:03","slug":"w-esto-obyvacia-stena-2","status":"publish","type":"product","link":"https:\/\/nabytoklaguna.sk\/sk\/produkt\/w-esto-obyvacia-stena-2\/","title":{"rendered":"ESTO OB\u00ddVACIA STENA"},"content":{"rendered":"<p>Ak h\u013ead\u00e1te\u00a0<strong>modern\u00fd, vkusn\u00fd, kvalitn\u00fd<\/strong>\u00a0n\u00e1bytok do Va\u0161ej ob\u00fdva\u010dky,\u00a0<strong>W ESTO<\/strong>\u00a0je to \u010do potrebujete. N\u00e1bytok<strong> W ESTO<\/strong>\u00a0je vyroben\u00fd z vysokokvalitn\u00fdch 16mm laminovan\u00fdch drevotriesok v m\u00f3dnom\u00a0<strong>dub evoke<\/strong>\u00a0a ob\u013e\u00fabenom\u00a0<strong>alpskom bielom lesku<\/strong>\u00a0preveden\u00ed. Ve\u013ekou v\u00fdhodou tohto sektoru s\u00fa<strong>\u00a01,5mm ABS<\/strong>\u00a0<strong>hrany<\/strong> a tie\u017e\u00a0<strong>z\u00e1suvky s pln\u00fdm v\u00fdsuvom<\/strong>\u00a0\u2013 gu\u013e\u00f4\u010dkov\u00e9 vedenie a pou\u017eit\u00e9\u00a0<strong>tvrden\u00e9 sklo.<\/strong><\/p>\n<p>Univerz\u00e1lna farba n\u00e1bytku W ESTO vytv\u00e1ra pr\u00edjemn\u00e9 prostredie spolu s<strong>\u00a0LED<\/strong>\u00a0osvetlen\u00edm, ktor\u00e9 je za pr\u00edplatok<\/p>\n<p><strong>Ob\u00fdvacia zostava sa sklad\u00e1 z komponentov<\/strong>:<\/p>\n<ul>\n<li>RTV W ESTO BT1 (\u0161\/h\/v)(v cm) 153 x 40 x 50 cm<\/li>\n<li>poli\u010dka W ESTO BT11 (\u0161\/h\/v)(v cm) 153 x 23,5 x 22 cm<\/li>\n<li>vitr\u00edna W ESTO BT4 (\u0161\/h\/v)(v cm) 99 x 40 x 136 cm<\/li>\n<li>vitr\u00edna W ESTO BT5 (\u0161\/h\/v)(v cm) 66 x 40 x 192 cm<\/li>\n<\/ul>\n<p>&nbsp;<\/p>\n<p><strong>Mo\u017enos\u0165 zak\u00fapi\u0165 \u010fal\u0161ie komponenty zo s\u00e9rie W ESTO<\/strong>\u00a0:<\/p>\n<ul>\n<li>RTV W ESTO BT1 (\u0161\/h\/v)(v cm) 153 x 40 x 50 cm<\/li>\n<li>komoda W ESTO BT2 (\u0161\/h\/v)(v cm) 99 x 40 x 87,5 cm<\/li>\n<li>komoda W ESTO BT3 (\u0161\/h\/v)(v cm) 153 x 40 x 87,5 cm<\/li>\n<li>vitr\u00edna W ESTO BT4 (\u0161\/h\/v)(v cm) 99 x 40 x 136 cm<\/li>\n<li>vitr\u00edna W ESTO BT5 (\u0161\/h\/v)(v cm) 66 x 40 x 192 cm<\/li>\n<li>skri\u0148a W ESTO BT6 (\u0161\/h\/v)(v cm) 66 x 40 x 192 cm<\/li>\n<li>reg\u00e1l W ESTO BT7 (\u0161\/h\/v)(v cm) 66 x 40 x 192 cm<\/li>\n<li>skri\u0148a W ESTO BT8 (\u0161\/h\/v)(v cm) 99 x 54 x 192 cm<\/li>\n<li>poli\u010dka W ESTO BT11 (\u0161\/h\/v)(v cm) 153 x 23,5 x 22 cm<\/li>\n<li>konferen\u010dn\u00fd stol\u00edk W ESTO BT30 (\u0161\/d\/v)(v cm) 67 x 102 x 49 cm<\/li>\n<li>rozkladac\u00ed st\u00f4l W ESTO BT31 (\u0161\/d\/v)(v cm) 90 x 160 \u2013 200 x 76,5 cm<\/li>\n<\/ul>\n","protected":false},"excerpt":{"rendered":"<p>Ak h\u013ead\u00e1te\u00a0modern\u00fd, vkusn\u00fd, kvalitn\u00fd\u00a0n\u00e1bytok do Va\u0161ej ob\u00fdva\u010dky,\u00a0W ESTO\u00a0je to \u010do potrebujete. N\u00e1bytok W ESTO\u00a0je vyroben\u00fd z vysokokvalitn\u00fdch 16mm laminovan\u00fdch drevotriesok v m\u00f3dnom\u00a0dub evoke\u00a0a ob\u013e\u00fabenom\u00a0alpskom bielom lesku\u00a0preveden\u00ed. Ve\u013ekou v\u00fdhodou tohto sektoru s\u00fa\u00a01,5mm ABS\u00a0hrany a tie\u017e\u00a0z\u00e1suvky s pln\u00fdm v\u00fdsuvom\u00a0\u2013 gu\u013e\u00f4\u010dkov\u00e9 vedenie a pou\u017eit\u00e9\u00a0tvrden\u00e9 sklo. Univerz\u00e1lna farba n\u00e1bytku W ESTO vytv\u00e1ra pr\u00edjemn\u00e9 prostredie spolu s\u00a0LED\u00a0osvetlen\u00edm, ktor\u00e9 je za&#8230;<\/p>\n","protected":false},"featured_media":115826,"comment_status":"closed","ping_status":"closed","template":"","meta":{"_seopress_robots_primary_cat":"none","_seopress_titles_title":"","_seopress_titles_desc":"","_seopress_robots_index":""},"product_brand":[],"product_cat":[182,251],"product_tag":[],"class_list":{"0":"post-115823","1":"product","2":"type-product","3":"status-publish","4":"has-post-thumbnail","6":"product_cat-obyvacie-steny","7":"product_cat-steny","9":"first","10":"onbackorder","11":"shipping-taxable","12":"purchasable","13":"product-type-simple"},"_links":{"self":[{"href":"https:\/\/nabytoklaguna.sk\/sk\/wp-json\/wp\/v2\/product\/115823","targetHints":{"allow":["GET"]}}],"collection":[{"href":"https:\/\/nabytoklaguna.sk\/sk\/wp-json\/wp\/v2\/product"}],"about":[{"href":"https:\/\/nabytoklaguna.sk\/sk\/wp-json\/wp\/v2\/types\/product"}],"replies":[{"embeddable":true,"href":"https:\/\/nabytoklaguna.sk\/sk\/wp-json\/wp\/v2\/comments?post=115823"}],"wp:featuredmedia":[{"embeddable":true,"href":"https:\/\/nabytoklaguna.sk\/sk\/wp-json\/wp\/v2\/media\/115826"}],"wp:attachment":[{"href":"https:\/\/nabytoklaguna.sk\/sk\/wp-json\/wp\/v2\/media?parent=115823"}],"wp:term":[{"taxonomy":"product_brand","embeddable":true,"href":"https:\/\/nabytoklaguna.sk\/sk\/wp-json\/wp\/v2\/product_brand?post=115823"},{"taxonomy":"product_cat","embeddable":true,"href":"https:\/\/nabytoklaguna.sk\/sk\/wp-json\/wp\/v2\/product_cat?post=115823"},{"taxonomy":"product_tag","embeddable":true,"href":"https:\/\/nabytoklaguna.sk\/sk\/wp-json\/wp\/v2\/product_tag?post=115823"}],"curies":[{"name":"wp","href":"https:\/\/api.w.org\/{rel}","templated":true}]}}