{"id":115960,"date":"2023-02-04T11:06:21","date_gmt":"2023-02-04T10:06:21","guid":{"rendered":"https:\/\/nabytoklaguna.sk\/sk\/?post_type=product&#038;p=115960"},"modified":"2023-05-23T15:25:37","modified_gmt":"2023-05-23T13:25:37","slug":"w-nobi-obyvacia-stena-2","status":"publish","type":"product","link":"https:\/\/nabytoklaguna.sk\/sk\/produkt\/w-nobi-obyvacia-stena-2\/","title":{"rendered":"W NOBI ob\u00fdvacia stena"},"content":{"rendered":"<p>Nov\u00e1 p\u00fataj\u00faca<b> kolekcia W NOBI <\/b>v modernom preveden\u00ed <strong>dub craft zlat\u00fd \/ alpsk\u00e1 biela leskl\u00e1 <\/strong>zaujme u\u017e pri vstupe do miestnosti. V\u010faka<strong>\u00a0mno\u017estvu prvkov<\/strong>\u00a0si jednoducho zariadite\u00a0<strong>ob\u00fdva\u010dku aj jed\u00e1le\u0148<\/strong>\u00a0v rovnakom \u0161t\u00fdle, cel\u00fa kolekciu ozvl\u00e1\u0161t\u0148uj\u00fa\u00a0<strong>vr\u00fabkovan\u00e9 \u010del\u00e1<\/strong> na z\u00e1suvk\u00e1ch a dreven\u00e9 \u00fachytky. V\u00fdhodou tohto n\u00e1bytku s\u00fa pou\u017eit\u00e9 <strong>ABS hrany v hr\u00fabke 0,5mm a 1,5mm<\/strong>, dvierka a \u010dielka z\u00e1suviek s\u00fa z MDF materi\u00e1lu. Dvierka maj\u00fa <strong>tich\u00e9 zatv\u00e1ranie <\/strong>a ur\u010dite ocen\u00edte aj\u00a0<strong>z\u00e1suvky s pln\u00fdm v\u00fdsuvom<\/strong>\u00a0 a pou\u017eit\u00e9 <strong>hrub\u00e9 MDF 22mm a 18mm dosky.\u00a0<\/strong><\/p>\n<p>Univerz\u00e1lna farba n\u00e1bytku W NOBI vytv\u00e1ra pr\u00edjemn\u00e9 prostredie spolu s<strong>\u00a0LED<\/strong>\u00a0osvetlen\u00edm, ktor\u00e9 je za pr\u00edplatok<\/p>\n<p><strong>Ob\u00fdvacia zostava sa sklad\u00e1 z komponentov<\/strong>:<\/p>\n<ul>\n<li>RTV W NOBI SB1 (\u0161\/h\/v)(v cm) 155,5 x 39,5 x 56,5 cm<\/li>\n<li>vitr\u00edna W NOBI SB7 (\u0161\/h\/v)(v cm) 72,5 x 39,5 x 197 cm<\/li>\n<li>vitr\u00edna W NOBI SB8 (\u0161\/h\/v)(v cm) 56,5 x 39,5 x 197 cm<\/li>\n<li>poli\u010dka W NOBI SB12 (\u0161\/h\/v)(v cm) 155,5 x 23,5 x 22 cm<\/li>\n<\/ul>\n<p><strong>Mo\u017enos\u0165 zak\u00fapi\u0165 \u010fal\u0161ie komponenty zo s\u00e9rie W NOBI<\/strong>\u00a0:<\/p>\n<ul>\n<li>RTV W NOBI SB1 (\u0161\/h\/v)(v cm) 155,5 x 39,5 x 56,5 cm<\/li>\n<li>komoda W NOBI SB2 (\u0161\/h\/v)(v cm) 85 x 39,5 x <span style=\"font-size: 15.008px\">90 <\/span>cm<\/li>\n<li>komoda W NOBI SB3 (\u0161\/h\/v)(v cm) 114 x 39,5 x 90 cm<\/li>\n<li>komoda W NOBI SB4 (\u0161\/h\/v)(v cm) 155,5 x 39,5 x <span style=\"font-size: 15.008px\">90 <\/span>cm<\/li>\n<li>vitr\u00edna W NOBI SB5 (\u0161\/h\/v)(v cm) 155,5 x 39,5 x <span style=\"font-size: 15.008px\">90 <\/span>cm<\/li>\n<li>vitr\u00edna W NOBI SB6 (\u0161\/h\/v)(v cm) 85 x 39,5 x 145 cm<\/li>\n<li>vitr\u00edna W NOBI SB7 (\u0161\/h\/v)(v cm) 72,5 x 39,5 x 197 cm<\/li>\n<li>vitr\u00edna W NOBI SB8 (\u0161\/h\/v)(v cm) 56,5 x 39,5 x 197 cm<\/li>\n<li>vitr\u00edna W NOBI SB9 (\u0161\/h\/v)(v cm) 56,5 x 39,5 x 197 cm<\/li>\n<li>skri\u0148a W NOBI SB10 (\u0161\/h\/v)(v cm) 56,5x 39,5 x 197 cm<\/li>\n<li>skri\u0148a W NOBI SB11 (\u0161\/h\/v)(v cm) 85 x 56 x 197 cm<\/li>\n<li>poli\u010dka W NOBI SB12 (\u0161\/h\/v)(v cm) 155,5 x 23,5 x 22 cm<\/li>\n<li>konferen\u010dn\u00fd stol\u00edk W NOBI SB13 (\u0161\/d\/v)(v cm) 68 x 114 -144 x 51,5 cm<\/li>\n<li>rozkladac\u00ed st\u00f4l W NOBI SB14 (\u0161\/d\/v)(v cm) 76 x 112-145-178 x 76 cm<\/li>\n<\/ul>\n","protected":false},"excerpt":{"rendered":"<p>Nov\u00e1 p\u00fataj\u00faca kolekcia W NOBI v modernom preveden\u00ed dub craft zlat\u00fd \/ alpsk\u00e1 biela leskl\u00e1 zaujme u\u017e pri vstupe do miestnosti. V\u010faka\u00a0mno\u017estvu prvkov\u00a0si jednoducho zariadite\u00a0ob\u00fdva\u010dku aj jed\u00e1le\u0148\u00a0v rovnakom \u0161t\u00fdle, cel\u00fa kolekciu ozvl\u00e1\u0161t\u0148uj\u00fa\u00a0vr\u00fabkovan\u00e9 \u010del\u00e1 na z\u00e1suvk\u00e1ch a dreven\u00e9 \u00fachytky. V\u00fdhodou tohto n\u00e1bytku s\u00fa pou\u017eit\u00e9 ABS hrany v hr\u00fabke 0,5mm a 1,5mm, dvierka a \u010dielka z\u00e1suviek s\u00fa&#8230;<\/p>\n","protected":false},"featured_media":115963,"comment_status":"closed","ping_status":"closed","template":"","meta":{"_seopress_robots_primary_cat":"none","_seopress_titles_title":"","_seopress_titles_desc":"","_seopress_robots_index":""},"product_brand":[],"product_cat":[182,251],"product_tag":[],"class_list":{"0":"post-115960","1":"product","2":"type-product","3":"status-publish","4":"has-post-thumbnail","6":"product_cat-obyvacie-steny","7":"product_cat-steny","9":"first","10":"onbackorder","11":"shipping-taxable","12":"purchasable","13":"product-type-simple"},"_links":{"self":[{"href":"https:\/\/nabytoklaguna.sk\/sk\/wp-json\/wp\/v2\/product\/115960","targetHints":{"allow":["GET"]}}],"collection":[{"href":"https:\/\/nabytoklaguna.sk\/sk\/wp-json\/wp\/v2\/product"}],"about":[{"href":"https:\/\/nabytoklaguna.sk\/sk\/wp-json\/wp\/v2\/types\/product"}],"replies":[{"embeddable":true,"href":"https:\/\/nabytoklaguna.sk\/sk\/wp-json\/wp\/v2\/comments?post=115960"}],"wp:featuredmedia":[{"embeddable":true,"href":"https:\/\/nabytoklaguna.sk\/sk\/wp-json\/wp\/v2\/media\/115963"}],"wp:attachment":[{"href":"https:\/\/nabytoklaguna.sk\/sk\/wp-json\/wp\/v2\/media?parent=115960"}],"wp:term":[{"taxonomy":"product_brand","embeddable":true,"href":"https:\/\/nabytoklaguna.sk\/sk\/wp-json\/wp\/v2\/product_brand?post=115960"},{"taxonomy":"product_cat","embeddable":true,"href":"https:\/\/nabytoklaguna.sk\/sk\/wp-json\/wp\/v2\/product_cat?post=115960"},{"taxonomy":"product_tag","embeddable":true,"href":"https:\/\/nabytoklaguna.sk\/sk\/wp-json\/wp\/v2\/product_tag?post=115960"}],"curies":[{"name":"wp","href":"https:\/\/api.w.org\/{rel}","templated":true}]}}