{"id":116085,"date":"2023-02-15T13:00:49","date_gmt":"2023-02-15T12:00:49","guid":{"rendered":"https:\/\/nabytoklaguna.sk\/sk\/?post_type=product&#038;p=116085"},"modified":"2026-02-03T16:46:40","modified_gmt":"2026-02-03T15:46:40","slug":"kolombo-ii-sedacia-suprava","status":"publish","type":"product","link":"https:\/\/nabytoklaguna.sk\/sk\/produkt\/kolombo-ii-sedacia-suprava\/","title":{"rendered":"CEZAR II  ko\u017een\u00e1 sedacia s\u00faprava D3"},"content":{"rendered":"<p><strong>Luxusn\u00e1 ko\u017een\u00e1<\/strong> sedacia s\u00faprava <strong>CEZAR<\/strong> V\u00e1s ohrom\u00ed hne\u010f na prv\u00fd poh\u013ead. Sedacia s\u00faprava<strong>\u00a0je \u010dal\u00fanen\u00e1 kvalitnou talianskou hov\u00e4dzou ko\u017eou<\/strong>. Vn\u00fatro sedacej \u010dasti tvoria pru\u017einy Bonell v kombin\u00e1cii s HR penou. V\u010faka tejto v\u00fdplne je sedenie<strong> kvalitn\u00e9, komfortn\u00e9 a dlhodobo pru\u017en\u00e9<\/strong> . <strong>Drevo<\/strong> vyu\u017e\u00edvan\u00e9 na v\u00fdrobu n\u00e1bytku je pevn\u00fd a vysoko <strong>kvalitn\u00fd dub.<\/strong> Zobrazen\u00e1 zostava sa sklad\u00e1 z 3-sedu (bez rozkladu) a dvojsed. Za pr\u00edplatok je mo\u017en\u00e9 objedna\u0165 3-sed s rozkladom. S <strong>CEZAROM<\/strong> si u\u017eijete chv\u00edle pokoja\u00a0 a harm\u00f3nie.<\/p>\n<p>Mo\u017enos\u0165 zak\u00fapi\u0165 aj <strong>taburet<\/strong> o rozmeroch (\u0161 x h x v) 55 x 55 x 47 cm za cenu<strong> 315 eur<\/strong><\/p>\n<p><strong>Rozmery 3-sedu<\/strong><\/p>\n<p>\u0160\u00edrka: 206 cm<br \/>\nH\u013abka: 107 cm<br \/>\nV\u00fd\u0161ka: 107 cm<\/p>\n<p><strong>Rozmery 2-sedu<\/strong><\/p>\n<p>\u0160\u00edrka:150 cm<br \/>\nH\u013abka: 107 cm<br \/>\nV\u00fd\u0161ka: 107 cm<\/p>\n<p><strong>Rozmery kresla<\/strong><\/p>\n<p>\u0160\u00edrka: 100 cm<br \/>\nH\u013abka: 107 cm<br \/>\nV\u00fd\u0161ka: 107 cm<\/p>\n<ul>\n<li>Farebn\u00e9 prevedenie dreva a ko\u017ee sa na z\u00e1klade nastavenia jasu na Va\u0161ej obrazovke m\u00f4\u017ee l\u00ed\u0161i\u0165<\/li>\n<\/ul>\n","protected":false},"excerpt":{"rendered":"<p>Luxusn\u00e1 ko\u017een\u00e1 sedacia s\u00faprava CEZAR V\u00e1s ohrom\u00ed hne\u010f na prv\u00fd poh\u013ead. Sedacia s\u00faprava\u00a0je \u010dal\u00fanen\u00e1 kvalitnou talianskou hov\u00e4dzou ko\u017eou. Vn\u00fatro sedacej \u010dasti tvoria pru\u017einy Bonell v kombin\u00e1cii s HR penou. V\u010faka tejto v\u00fdplne je sedenie kvalitn\u00e9, komfortn\u00e9 a dlhodobo pru\u017en\u00e9 . Drevo vyu\u017e\u00edvan\u00e9 na v\u00fdrobu n\u00e1bytku je pevn\u00fd a vysoko kvalitn\u00fd dub. Zobrazen\u00e1 zostava sa sklad\u00e1&#8230;<\/p>\n","protected":false},"featured_media":116089,"comment_status":"closed","ping_status":"closed","template":"","meta":{"_seopress_robots_primary_cat":"none","_seopress_titles_title":"","_seopress_titles_desc":"","_seopress_robots_index":""},"product_brand":[],"product_cat":[256,140,214],"product_tag":[],"class_list":{"0":"post-116085","1":"product","2":"type-product","3":"status-publish","4":"has-post-thumbnail","6":"product_cat-supravy-311","7":"product_cat-sedacie-supravy","8":"product_cat-kozene-sedacie-supravy","9":"pa_typ-produktu-3n1","10":"pa_typ-produktu-3n2","11":"pa_typ-produktu-2-sed","12":"pa_typ-produktu-3-sed-bez-rozkladu","13":"pa_typ-produktu-3-sed-s-rozkladom","14":"pa_typ-produktu-3r21","15":"pa_typ-produktu-kreslo","16":"pa_typ-produktu-taburetka","18":"first","19":"instock","20":"shipping-taxable","21":"purchasable","22":"product-type-variable"},"_links":{"self":[{"href":"https:\/\/nabytoklaguna.sk\/sk\/wp-json\/wp\/v2\/product\/116085","targetHints":{"allow":["GET"]}}],"collection":[{"href":"https:\/\/nabytoklaguna.sk\/sk\/wp-json\/wp\/v2\/product"}],"about":[{"href":"https:\/\/nabytoklaguna.sk\/sk\/wp-json\/wp\/v2\/types\/product"}],"replies":[{"embeddable":true,"href":"https:\/\/nabytoklaguna.sk\/sk\/wp-json\/wp\/v2\/comments?post=116085"}],"wp:featuredmedia":[{"embeddable":true,"href":"https:\/\/nabytoklaguna.sk\/sk\/wp-json\/wp\/v2\/media\/116089"}],"wp:attachment":[{"href":"https:\/\/nabytoklaguna.sk\/sk\/wp-json\/wp\/v2\/media?parent=116085"}],"wp:term":[{"taxonomy":"product_brand","embeddable":true,"href":"https:\/\/nabytoklaguna.sk\/sk\/wp-json\/wp\/v2\/product_brand?post=116085"},{"taxonomy":"product_cat","embeddable":true,"href":"https:\/\/nabytoklaguna.sk\/sk\/wp-json\/wp\/v2\/product_cat?post=116085"},{"taxonomy":"product_tag","embeddable":true,"href":"https:\/\/nabytoklaguna.sk\/sk\/wp-json\/wp\/v2\/product_tag?post=116085"}],"curies":[{"name":"wp","href":"https:\/\/api.w.org\/{rel}","templated":true}]}}