{"id":11616,"date":"2021-02-22T16:54:36","date_gmt":"2021-02-22T15:54:36","guid":{"rendered":"http:\/\/nabytoklaguna.sk\/sk\/?post_type=product&#038;p=11616"},"modified":"2023-02-21T12:34:31","modified_gmt":"2023-02-21T11:34:31","slug":"rea-poppo-90x200","status":"publish","type":"product","link":"https:\/\/nabytoklaguna.sk\/sk\/produkt\/rea-poppo-90x200\/","title":{"rendered":"DREVONA REA POPPO 90X200"},"content":{"rendered":"<p>Jednol\u00f4\u017eko s \u00falo\u017en\u00fdm priestorom. DTD laminovan\u00e1 hr. 25 mm a 16 mm,\u00a0 ABS hrany. . V spodnej \u010dasti je \u00falo\u017en\u00fd priestor: 1x z\u00e1suvka, 2x pos\u00favne \u010delo. Kvalitn\u00fd slovensk\u00fd v\u00fdrobok s mo\u017enos\u0165ou v\u00fdberu farebn\u00e9ho prevedenia pod\u013ea ponuky. Poste\u013e je dod\u00e1van\u00e1 bez ro\u0161tu a matraca. N\u00e1jdete v na\u0161ej ponuke. <strong>Rolovan\u00fd ro\u0161t je mo\u017en\u00e9 zak\u00fapi\u0165 za cenu 33,- EUR( pros\u00edm uvies\u0165 do pozn\u00e1mky pri objedn\u00e1vke)<\/strong><\/p>\n<p>&nbsp;<\/p>\n<p>Mo\u017enos\u0165 objednania \u010dela na z\u00e1suvku v 8 dez\u00e9noch UNICOLOR, n\u00e1jdete v na\u0161ej gal\u00e9rii.<\/p>\n<p>Cena \u010dela 23,- \u20ac\/2ks.<\/p>\n<p>&nbsp;<\/p>\n<p>Rozmery: \u0161xdxv: 96x200x74 cm.<\/p>\n<p>Spanie: 90&#215;200 cm.<\/p>\n","protected":false},"excerpt":{"rendered":"<p><img loading=\"lazy\" decoding=\"async\" class=\"alignnone size-full wp-image-11515\" src=\"http:\/\/nabytoklaguna.sk\/sk\/wp-content\/uploads\/2017\/03\/slovensk\u00fd-znak-9.png\" alt=\"\" width=\"126\" height=\"126\" srcset=\"https:\/\/nabytoklaguna.sk\/sk\/wp-content\/uploads\/2017\/03\/slovensk\u00fd-znak-9.png 126w, https:\/\/nabytoklaguna.sk\/sk\/wp-content\/uploads\/2017\/03\/slovensk\u00fd-znak-9-100x100.png 100w\" sizes=\"auto, (max-width: 126px) 100vw, 126px\" \/><\/p>\n","protected":false},"featured_media":11619,"comment_status":"closed","ping_status":"closed","template":"","meta":{"_seopress_robots_primary_cat":"234","_seopress_titles_title":"","_seopress_titles_desc":"","_seopress_robots_index":""},"product_brand":[],"product_cat":[234],"product_tag":[],"class_list":{"0":"post-11616","1":"product","2":"type-product","3":"status-publish","4":"has-post-thumbnail","6":"product_cat-detske-postele","7":"pa_farba-biela","8":"pa_farba-buk","9":"pa_farba-dub-bardolino","10":"pa_farba-dub-canyon","11":"pa_farba-navarra","12":"pa_farba-orech-rockpile","13":"pa_farba-venge","15":"first","16":"onbackorder","17":"shipping-taxable","18":"purchasable","19":"product-type-variable"},"_links":{"self":[{"href":"https:\/\/nabytoklaguna.sk\/sk\/wp-json\/wp\/v2\/product\/11616","targetHints":{"allow":["GET"]}}],"collection":[{"href":"https:\/\/nabytoklaguna.sk\/sk\/wp-json\/wp\/v2\/product"}],"about":[{"href":"https:\/\/nabytoklaguna.sk\/sk\/wp-json\/wp\/v2\/types\/product"}],"replies":[{"embeddable":true,"href":"https:\/\/nabytoklaguna.sk\/sk\/wp-json\/wp\/v2\/comments?post=11616"}],"wp:featuredmedia":[{"embeddable":true,"href":"https:\/\/nabytoklaguna.sk\/sk\/wp-json\/wp\/v2\/media\/11619"}],"wp:attachment":[{"href":"https:\/\/nabytoklaguna.sk\/sk\/wp-json\/wp\/v2\/media?parent=11616"}],"wp:term":[{"taxonomy":"product_brand","embeddable":true,"href":"https:\/\/nabytoklaguna.sk\/sk\/wp-json\/wp\/v2\/product_brand?post=11616"},{"taxonomy":"product_cat","embeddable":true,"href":"https:\/\/nabytoklaguna.sk\/sk\/wp-json\/wp\/v2\/product_cat?post=11616"},{"taxonomy":"product_tag","embeddable":true,"href":"https:\/\/nabytoklaguna.sk\/sk\/wp-json\/wp\/v2\/product_tag?post=11616"}],"curies":[{"name":"wp","href":"https:\/\/api.w.org\/{rel}","templated":true}]}}