{"id":116182,"date":"2023-02-27T09:44:03","date_gmt":"2023-02-27T08:44:03","guid":{"rendered":"https:\/\/nabytoklaguna.sk\/sk\/?post_type=product&#038;p=116182"},"modified":"2025-09-25T16:31:11","modified_gmt":"2025-09-25T14:31:11","slug":"tedy-obyvacia-stena-ii","status":"publish","type":"product","link":"https:\/\/nabytoklaguna.sk\/sk\/produkt\/tedy-obyvacia-stena-ii\/","title":{"rendered":"TADEUSZ ob\u00fdvacia stena"},"content":{"rendered":"<p>Rustik\u00e1lny sektorov\u00fd syst\u00e9m vhodn\u00fd na zariadenie ob\u00fdvac\u00edch izieb, jed\u00e1ln\u00ed, sp\u00e1ln\u00ed alebo pracovn\u00ed. Materi\u00e1l DTD laminovan\u00e1, ABS hrany, li\u0161ty dvierok MDF, korpus hrub\u00fd 32 mm., kovov\u00e9 \u00fachytky. Farebn\u00e9 prevedenie <strong>dub lefkas<\/strong> alebo <strong>dub storo\u010dn\u00fd<\/strong>. Na obr\u00e1zku je zostava do ob\u00fdvacej izby vo farbe dub lefkas, ktor\u00e1 obsahuje: vitr\u00edny typ T8, komoda typ T2, RTV stol\u00edk typ T11, Vitr\u00edna typ T10 P\/\u013d.<\/p>\n<p>Mo\u017enos\u0165 dok\u00fapi\u0165 LED osvetlenie za pr\u00edplatok.<\/p>\n<p><strong>Z jednotliv\u00fdch komponentov si m\u00f4\u017ete vysklada\u0165 ob\u00fdvaciu izbu pod\u013ea Va\u0161ich predst\u00e1v:<\/strong><\/p>\n<ul>\n<li class=\"product_title entry-title\"><strong>TYP T1 KOMODA<\/strong>\u00a0 \u00a0 Rozmery: \u0161xhxv: 90x44x90 cm.<\/li>\n<li class=\"product_title entry-title\"><strong>TYP T2 KOMODA<\/strong>\u00a0 \u00a0 Rozmery: \u0161xhxv: 90x44x110 cm.<\/li>\n<li><strong>TYP T3 KOMODA<\/strong>\u00a0 \u00a0 Rozmery: \u0161xhxv: 100x44x90 cm.<\/li>\n<li class=\"product_title entry-title\"><strong>TYP T4 KOMODA<\/strong>\u00a0 Rozmery: \u0161xhxv: 63x44x90 cm.<\/li>\n<li><strong>TYP T5 KOMODA<\/strong>\u00a0 Rozmery: \u0161xhxv: 120x44x90 cm.<\/li>\n<li class=\"product_title entry-title\"><strong>TYP T6 KOMODA<\/strong>\u00a0 Rozmery: \u0161xhxv: 140x44x90 cm.<\/li>\n<li class=\"product_title entry-title\"><strong>TYP T7 VE\u0160IAKOV\u00c1 SKRI\u0147A<\/strong>\u00a0 Rozmery: \u0161xhxv: 90x57x190 cm.<\/li>\n<li class=\"product_title entry-title\"><strong>TYP T8 VITR\u00cdNA<\/strong>\u00a0 Rozmery: \u0161xhxv: 90x44x190 cm<\/li>\n<li><strong>TYP T9 VE\u0160IAKOV\u00c1 SKRI\u0147A<\/strong>\u00a0 Rozmery: \u0161xhxv: 46x57x190 cm<\/li>\n<li class=\"product_title entry-title\"><strong>TYP T10 VITR\u00cdNA<\/strong>\u00a0 \u00a0Rozmery: \u0161xhxv: 46x44x190 cm.<\/li>\n<li class=\"product_title entry-title\"><strong>TYP T11 RTV STOL\u00cdK<\/strong>\u00a0 Rozmery: \u0161xhxv: 118x50x50 cm.<\/li>\n<li><strong>TYP T12 Z\u00c1VESN\u00c1 SKRINKA<\/strong>\u00a0 \u00a0Rozmery: \u0161xhxv: 118x35x38 cm<\/li>\n<li class=\"product_title entry-title\"><strong>TYP T13 KONFEREN\u010cN\u00dd STOL\u00cdK<\/strong>\u00a0 Rozmery: \u0161xhxv: 120x60x59 cm<\/li>\n<li class=\"product_title entry-title\"><strong>TYP T14 KOMODA<\/strong>\u00a0 Rozmery: \u0161xhxv: 140x44x110 cm.<\/li>\n<li class=\"product_title entry-title\"><strong>TYP T15 SKRI\u0147A VE\u0160IAKOV\u00c1 S POLICAMI<\/strong>\u00a0 Rozmery: \u0161xhxv: 135x57x190 cm.<\/li>\n<li class=\"product_title entry-title\"><strong>TYP T17 ZRKADLO<\/strong>\u00a0 Rozmery: \u0161xv: 120\u00d770 cm<\/li>\n<li class=\"product_title entry-title\"><strong>TYP T19 PC STOL\u00cdK<\/strong>\u00a0 Rozmery: \u0161xhxv: 118x60x78 cm.<\/li>\n<li class=\"product_title entry-title\"><strong>TYP T23 KONFEREN\u010cN\u00dd STOL\u00cdK\u00a0<\/strong> Rozmery: \u0161xhxv: 90x60x59 cm.<\/li>\n<li class=\"product_title entry-title\"><strong>TYP T25 ROHOV\u00c1 SKRI\u0147A VE\u0160IAKOV\u00c1 S POLICAMI\u00a0<\/strong> Rozmery: \u0161xhxv: 110x95x190 cm.<\/li>\n<li><strong>TYP T27 Z\u00c1VESN\u00c1 POLICA\u00a0 <\/strong>Rozmery: \u0161xhxv: 120x18x32 cm.<\/li>\n<\/ul>\n<p>&nbsp;<\/p>\n<p>&nbsp;<\/p>\n","protected":false},"excerpt":{"rendered":"<p>Rustik\u00e1lny sektorov\u00fd syst\u00e9m vhodn\u00fd na zariadenie ob\u00fdvac\u00edch izieb, jed\u00e1ln\u00ed, sp\u00e1ln\u00ed alebo pracovn\u00ed. Materi\u00e1l DTD laminovan\u00e1, ABS hrany, li\u0161ty dvierok MDF, korpus hrub\u00fd 32 mm., kovov\u00e9 \u00fachytky. Farebn\u00e9 prevedenie dub lefkas alebo dub storo\u010dn\u00fd. Na obr\u00e1zku je zostava do ob\u00fdvacej izby vo farbe dub lefkas, ktor\u00e1 obsahuje: vitr\u00edny typ T8, komoda typ T2, RTV stol\u00edk typ&#8230;<\/p>\n","protected":false},"featured_media":24738,"comment_status":"closed","ping_status":"closed","template":"","meta":{"_seopress_robots_primary_cat":"none","_seopress_titles_title":"","_seopress_titles_desc":"","_seopress_robots_index":""},"product_brand":[],"product_cat":[182,183],"product_tag":[],"class_list":{"0":"post-116182","1":"product","2":"type-product","3":"status-publish","4":"has-post-thumbnail","6":"product_cat-obyvacie-steny","7":"product_cat-sektorove-obyvacie-steny","8":"pa_farba-dub-lefkas","9":"pa_farba-storocny-dub","10":"pa_typ-produktu-t1-komoda","11":"pa_typ-produktu-t10-vitrina","12":"pa_typ-produktu-t11-rtv-stolik","13":"pa_typ-produktu-t12-zavesna-skrinka","14":"pa_typ-produktu-t13-konferencny-stolik","15":"pa_typ-produktu-t14-komoda","16":"pa_typ-produktu-t15-skrina-vesiakova-s-policami","17":"pa_typ-produktu-t17-zrkadlo","18":"pa_typ-produktu-t2-komoda","19":"pa_typ-produktu-t3-komoda","20":"pa_typ-produktu-t4-komoda","21":"pa_typ-produktu-t5-komoda","22":"pa_typ-produktu-t6-komoda","23":"pa_typ-produktu-t7-vesiakova-skrina","24":"pa_typ-produktu-t8-vitrina","25":"pa_typ-produktu-t9-vesiakova-skrina","26":"pa_typ-produktu-typ-t19-pc-stolik","27":"pa_typ-produktu-typ-t23-konferencny-stolik","28":"pa_typ-produktu-typ-t25-rohova-skrina-vesiakova-s-policami","29":"pa_typ-produktu-typ-t27-zavesna-polica","31":"first","32":"onbackorder","33":"sold-individually","34":"shipping-taxable","35":"purchasable","36":"product-type-variable"},"_links":{"self":[{"href":"https:\/\/nabytoklaguna.sk\/sk\/wp-json\/wp\/v2\/product\/116182","targetHints":{"allow":["GET"]}}],"collection":[{"href":"https:\/\/nabytoklaguna.sk\/sk\/wp-json\/wp\/v2\/product"}],"about":[{"href":"https:\/\/nabytoklaguna.sk\/sk\/wp-json\/wp\/v2\/types\/product"}],"replies":[{"embeddable":true,"href":"https:\/\/nabytoklaguna.sk\/sk\/wp-json\/wp\/v2\/comments?post=116182"}],"wp:featuredmedia":[{"embeddable":true,"href":"https:\/\/nabytoklaguna.sk\/sk\/wp-json\/wp\/v2\/media\/24738"}],"wp:attachment":[{"href":"https:\/\/nabytoklaguna.sk\/sk\/wp-json\/wp\/v2\/media?parent=116182"}],"wp:term":[{"taxonomy":"product_brand","embeddable":true,"href":"https:\/\/nabytoklaguna.sk\/sk\/wp-json\/wp\/v2\/product_brand?post=116182"},{"taxonomy":"product_cat","embeddable":true,"href":"https:\/\/nabytoklaguna.sk\/sk\/wp-json\/wp\/v2\/product_cat?post=116182"},{"taxonomy":"product_tag","embeddable":true,"href":"https:\/\/nabytoklaguna.sk\/sk\/wp-json\/wp\/v2\/product_tag?post=116182"}],"curies":[{"name":"wp","href":"https:\/\/api.w.org\/{rel}","templated":true}]}}