{"id":116485,"date":"2023-03-22T09:43:43","date_gmt":"2023-03-22T08:43:43","guid":{"rendered":"https:\/\/nabytoklaguna.sk\/sk\/?post_type=product&#038;p=116485"},"modified":"2026-02-18T08:29:47","modified_gmt":"2026-02-18T07:29:47","slug":"taburet-oleska-s-drevom","status":"publish","type":"product","link":"https:\/\/nabytoklaguna.sk\/sk\/produkt\/taburet-oleska-s-drevom\/","title":{"rendered":"taburet oleska s drevom"},"content":{"rendered":"<p>Nem\u00e1te kam usadi\u0165 svojich priate\u013eov?\u00a0 Ch\u00fdba V\u00e1m priestor na sedenie?\u00a0 Predstavujeme v\u00e1m\u00a0<b>kr\u00e1sny a praktick\u00fd taburet OLESKA<\/b>.\u00a0<b>Mal\u00fd<\/b>,<b>\u00a0mil\u00fd<\/b>,\u00a0<b>v\u0161estrann\u00fd<\/b>\u00a0slu\u017eobn\u00edk vyroben\u00fd v\u00a0<b>Pravej talianskej hov\u00e4dzej ko\u017ei v kombin\u00e1cii s mas\u00edvnym drevom <\/b>. Ukr\u00fdva v sebe aj praktick\u00fd\u00a0<b>\u00falo\u017en\u00fd priestor<\/b>, do ktor\u00e9ho odlo\u017e\u00edte knihy, \u010dasopisy \u010di deky.\u00a0 Pod\u013eahnite \u010daru tohto taburetu a zaobstarajte si jeden aj vy.<\/p>\n<p>Jej rozmery s\u00fa :<\/p>\n<p>(\u0160xHxV):\u00a0<strong>40\u00d740\u00d740 cm.<\/strong><\/p>\n","protected":false},"excerpt":{"rendered":"<p>Nem\u00e1te kam usadi\u0165 svojich priate\u013eov?\u00a0 Ch\u00fdba V\u00e1m priestor na sedenie?\u00a0 Predstavujeme v\u00e1m\u00a0kr\u00e1sny a praktick\u00fd taburet OLESKA.\u00a0Mal\u00fd,\u00a0mil\u00fd,\u00a0v\u0161estrann\u00fd\u00a0slu\u017eobn\u00edk vyroben\u00fd v\u00a0Pravej talianskej hov\u00e4dzej ko\u017ei v kombin\u00e1cii s mas\u00edvnym drevom . Ukr\u00fdva v sebe aj praktick\u00fd\u00a0\u00falo\u017en\u00fd priestor, do ktor\u00e9ho odlo\u017e\u00edte knihy, \u010dasopisy \u010di deky.\u00a0 Pod\u013eahnite \u010daru tohto taburetu a zaobstarajte si jeden aj vy. Jej rozmery s\u00fa : (\u0160xHxV):\u00a040\u00d740\u00d740&#8230;<\/p>\n","protected":false},"featured_media":116488,"comment_status":"closed","ping_status":"closed","template":"","meta":{"_seopress_robots_primary_cat":"none","_seopress_titles_title":"","_seopress_titles_desc":"","_seopress_robots_index":""},"product_brand":[],"product_cat":[140,231,232],"product_tag":[],"class_list":{"0":"post-116485","1":"product","2":"type-product","3":"status-publish","4":"has-post-thumbnail","6":"product_cat-sedacie-supravy","7":"product_cat-kresla","8":"product_cat-taburetky","10":"first","11":"onbackorder","12":"shipping-taxable","13":"purchasable","14":"product-type-simple"},"_links":{"self":[{"href":"https:\/\/nabytoklaguna.sk\/sk\/wp-json\/wp\/v2\/product\/116485","targetHints":{"allow":["GET"]}}],"collection":[{"href":"https:\/\/nabytoklaguna.sk\/sk\/wp-json\/wp\/v2\/product"}],"about":[{"href":"https:\/\/nabytoklaguna.sk\/sk\/wp-json\/wp\/v2\/types\/product"}],"replies":[{"embeddable":true,"href":"https:\/\/nabytoklaguna.sk\/sk\/wp-json\/wp\/v2\/comments?post=116485"}],"wp:featuredmedia":[{"embeddable":true,"href":"https:\/\/nabytoklaguna.sk\/sk\/wp-json\/wp\/v2\/media\/116488"}],"wp:attachment":[{"href":"https:\/\/nabytoklaguna.sk\/sk\/wp-json\/wp\/v2\/media?parent=116485"}],"wp:term":[{"taxonomy":"product_brand","embeddable":true,"href":"https:\/\/nabytoklaguna.sk\/sk\/wp-json\/wp\/v2\/product_brand?post=116485"},{"taxonomy":"product_cat","embeddable":true,"href":"https:\/\/nabytoklaguna.sk\/sk\/wp-json\/wp\/v2\/product_cat?post=116485"},{"taxonomy":"product_tag","embeddable":true,"href":"https:\/\/nabytoklaguna.sk\/sk\/wp-json\/wp\/v2\/product_tag?post=116485"}],"curies":[{"name":"wp","href":"https:\/\/api.w.org\/{rel}","templated":true}]}}