{"id":116704,"date":"2023-04-21T12:07:41","date_gmt":"2023-04-21T10:07:41","guid":{"rendered":"https:\/\/nabytoklaguna.sk\/sk\/?post_type=product&#038;p=116704"},"modified":"2024-08-27T00:00:49","modified_gmt":"2024-08-26T22:00:49","slug":"tv-stolik-ahg-262-oak","status":"publish","type":"product","link":"https:\/\/nabytoklaguna.sk\/sk\/produkt\/tv-stolik-ahg-262-oak\/","title":{"rendered":"TV stol\u00edk AHG-262 OAK"},"content":{"rendered":"<p>TV stol\u00edk prinesie do V\u00e1\u0161ho domova trochu industri\u00e1lneho \u0161armu.<\/p>\n<p>Stol\u00edk zaujme aj svojim stroh\u00fdm a nad\u010dasov\u00fdm dizajnom.<\/p>\n<p>Obd\u013a\u017enikov\u00fa dosku z MDF v dekore divok\u00fd dub harmonicky dop\u013a\u0148aj\u00fa \u010dierne kovov\u00e9 nohy do tvare obr\u00e1ten\u00e9ho V, prech\u00e1dzaj\u00face do dekorat\u00edvneho kovania na bokoch a hornej strane dosky. Nohy s\u00fa obd\u013a\u017enikov\u00e9ho prierezu a zakon\u010den\u00e9 plastov\u00fdmi klz\u00e1kmi.<\/p>\n<table>\n<tbody>\n<tr>\n<td class=\"popis\">\u0160\u00edrka (cm):<\/td>\n<td>120 cm<\/td>\n<\/tr>\n<tr>\n<td class=\"popis\">H\u013abka (cm):<\/td>\n<td>40 cm<\/td>\n<\/tr>\n<tr>\n<td class=\"popis\">V\u00fd\u0161ka (cm):<\/td>\n<td>40 cm<\/td>\n<\/tr>\n<tr>\n<td>hmotnos\u0165:<\/td>\n<td>14,5 kg<\/td>\n<\/tr>\n<tr>\n<td>nosnos\u0165:<\/td>\n<td>20 kg<\/td>\n<\/tr>\n<tr>\n<td>Materi\u00e1l kostry:<\/td>\n<td>kov<\/td>\n<\/tr>\n<tr>\n<td>Materi\u00e1l dosky:<\/td>\n<td>MDF<\/td>\n<\/tr>\n<\/tbody>\n<\/table>\n","protected":false},"excerpt":{"rendered":"<p>TV stol\u00edk prinesie do V\u00e1\u0161ho domova trochu industri\u00e1lneho \u0161armu. Stol\u00edk zaujme aj svojim stroh\u00fdm a nad\u010dasov\u00fdm dizajnom. Obd\u013a\u017enikov\u00fa dosku z MDF v dekore divok\u00fd dub harmonicky dop\u013a\u0148aj\u00fa \u010dierne kovov\u00e9 nohy do tvare obr\u00e1ten\u00e9ho V, prech\u00e1dzaj\u00face do dekorat\u00edvneho kovania na bokoch a hornej strane dosky. Nohy s\u00fa obd\u013a\u017enikov\u00e9ho prierezu a zakon\u010den\u00e9 plastov\u00fdmi klz\u00e1kmi. \u0160\u00edrka (cm): 120&#8230;<\/p>\n","protected":false},"featured_media":116762,"comment_status":"closed","ping_status":"closed","template":"","meta":{"_seopress_robots_primary_cat":"none","_seopress_titles_title":"","_seopress_titles_desc":"","_seopress_robots_index":""},"product_brand":[],"product_cat":[182,824],"product_tag":[],"class_list":{"0":"post-116704","1":"product","2":"type-product","3":"status-publish","4":"has-post-thumbnail","6":"product_cat-obyvacie-steny","7":"product_cat-rtv-stoliky","9":"first","10":"onbackorder","11":"shipping-taxable","12":"purchasable","13":"product-type-simple"},"_links":{"self":[{"href":"https:\/\/nabytoklaguna.sk\/sk\/wp-json\/wp\/v2\/product\/116704","targetHints":{"allow":["GET"]}}],"collection":[{"href":"https:\/\/nabytoklaguna.sk\/sk\/wp-json\/wp\/v2\/product"}],"about":[{"href":"https:\/\/nabytoklaguna.sk\/sk\/wp-json\/wp\/v2\/types\/product"}],"replies":[{"embeddable":true,"href":"https:\/\/nabytoklaguna.sk\/sk\/wp-json\/wp\/v2\/comments?post=116704"}],"wp:featuredmedia":[{"embeddable":true,"href":"https:\/\/nabytoklaguna.sk\/sk\/wp-json\/wp\/v2\/media\/116762"}],"wp:attachment":[{"href":"https:\/\/nabytoklaguna.sk\/sk\/wp-json\/wp\/v2\/media?parent=116704"}],"wp:term":[{"taxonomy":"product_brand","embeddable":true,"href":"https:\/\/nabytoklaguna.sk\/sk\/wp-json\/wp\/v2\/product_brand?post=116704"},{"taxonomy":"product_cat","embeddable":true,"href":"https:\/\/nabytoklaguna.sk\/sk\/wp-json\/wp\/v2\/product_cat?post=116704"},{"taxonomy":"product_tag","embeddable":true,"href":"https:\/\/nabytoklaguna.sk\/sk\/wp-json\/wp\/v2\/product_tag?post=116704"}],"curies":[{"name":"wp","href":"https:\/\/api.w.org\/{rel}","templated":true}]}}