{"id":116728,"date":"2023-04-21T13:30:01","date_gmt":"2023-04-21T11:30:01","guid":{"rendered":"https:\/\/nabytoklaguna.sk\/sk\/?post_type=product&#038;p=116728"},"modified":"2024-08-27T00:00:51","modified_gmt":"2024-08-26T22:00:51","slug":"jedalensky-stol-ht-885-oak-gery","status":"publish","type":"product","link":"https:\/\/nabytoklaguna.sk\/sk\/produkt\/jedalensky-stol-ht-885-oak-gery\/","title":{"rendered":"Jed\u00e1lensk\u00fd st\u00f4l HT-885 OAK"},"content":{"rendered":"<p>Dizajnov\u00fd jed\u00e1lensk\u00fd st\u00f4l o rozmere 180 x 90 cm v 3D dekore v kombin\u00e1cii s \u010diernou hviezdicovou kovovou podno\u017eou zaujme svojim v\u00fdrazn\u00fdm \u0161t\u00fdlom, ve\u013ekos\u0165ou aj spracovan\u00edm.<\/p>\n<p>V\u00fdborne sa hod\u00ed nielen do industri\u00e1lnych, ale aj modern\u00fdch a klasicky laden\u00fdch jed\u00e1ln\u00ed, kuch\u00fd\u0148 a ob\u00fdvac\u00edch priestorov.<\/p>\n<p>\u010cist\u00e9 l\u00ednie nastavuj\u00fa o\u010daruj\u00face akcenty a pod\u010diarkuj\u00fa \u00fatuln\u00fa atmosf\u00e9ru v interi\u00e9ri. Tento jed\u00e1lensk\u00fd st\u00f4l V\u00e1s poz\u00fdva nielen na odpo\u010dinok, ale aj na stret\u00e1vanie s rodinou i priate\u013emi vo sviato\u010dn\u00fdch i v\u0161edn\u00fdch okamihoch.<\/p>\n<p>Stolov\u00e1 doska je z MDF dosky s hr\u00fabkou 2,5 cm. Po obvode je lemovan\u00e1 dekorat\u00edvnym \u010diernym p\u00e1sikom, ktor\u00fd pod\u010diarkuje v\u00fdrazn\u00fd \u0161t\u00fdl stola. Robustn\u00e1 podno\u017e je opatren\u00e1 kvalitn\u00fdm pr\u00e1\u0161kov\u00fdm lakom v \u010diernej matnej farby.<\/p>\n<table style=\"width: 845px;\">\n<tbody>\n<tr>\n<td class=\"popis\" style=\"width: 481px;\">\u0160\u00edrka (cm):<\/td>\n<td style=\"width: 364px;\">180 cm<\/td>\n<\/tr>\n<tr>\n<td class=\"popis\" style=\"width: 481px;\">H\u013abka (cm):<\/td>\n<td style=\"width: 364px;\">90 cm<\/td>\n<\/tr>\n<tr>\n<td class=\"popis\" style=\"width: 481px;\">V\u00fd\u0161ka (cm):<\/td>\n<td style=\"width: 364px;\">75 cm<\/td>\n<\/tr>\n<tr>\n<td class=\"popis\" style=\"width: 481px;\">Materi\u00e1l:<\/td>\n<td style=\"width: 364px;\">kov<\/td>\n<\/tr>\n<tr>\n<td style=\"width: 481px;\">Materi\u00e1l dosky:<\/td>\n<td style=\"width: 364px;\">MDF<\/td>\n<\/tr>\n<\/tbody>\n<\/table>\n<p>&nbsp;<\/p>\n","protected":false},"excerpt":{"rendered":"<p>Dizajnov\u00fd jed\u00e1lensk\u00fd st\u00f4l o rozmere 180 x 90 cm v 3D dekore v kombin\u00e1cii s \u010diernou hviezdicovou kovovou podno\u017eou zaujme svojim v\u00fdrazn\u00fdm \u0161t\u00fdlom, ve\u013ekos\u0165ou aj spracovan\u00edm. V\u00fdborne sa hod\u00ed nielen do industri\u00e1lnych, ale aj modern\u00fdch a klasicky laden\u00fdch jed\u00e1ln\u00ed, kuch\u00fd\u0148 a ob\u00fdvac\u00edch priestorov. \u010cist\u00e9 l\u00ednie nastavuj\u00fa o\u010daruj\u00face akcenty a pod\u010diarkuj\u00fa \u00fatuln\u00fa atmosf\u00e9ru v interi\u00e9ri. Tento&#8230;<\/p>\n","protected":false},"featured_media":116733,"comment_status":"closed","ping_status":"closed","template":"","meta":{"_seopress_robots_primary_cat":"none","_seopress_titles_title":"","_seopress_titles_desc":"","_seopress_robots_index":""},"product_brand":[],"product_cat":[4720,243],"product_tag":[],"class_list":{"0":"post-116728","1":"product","2":"type-product","3":"status-publish","4":"has-post-thumbnail","6":"product_cat-jedalenske-stoly-stoly","7":"product_cat-stoly","8":"pa_farba-dub","9":"pa_farba-grey","11":"first","12":"onbackorder","13":"shipping-taxable","14":"purchasable","15":"product-type-variable"},"_links":{"self":[{"href":"https:\/\/nabytoklaguna.sk\/sk\/wp-json\/wp\/v2\/product\/116728","targetHints":{"allow":["GET"]}}],"collection":[{"href":"https:\/\/nabytoklaguna.sk\/sk\/wp-json\/wp\/v2\/product"}],"about":[{"href":"https:\/\/nabytoklaguna.sk\/sk\/wp-json\/wp\/v2\/types\/product"}],"replies":[{"embeddable":true,"href":"https:\/\/nabytoklaguna.sk\/sk\/wp-json\/wp\/v2\/comments?post=116728"}],"wp:featuredmedia":[{"embeddable":true,"href":"https:\/\/nabytoklaguna.sk\/sk\/wp-json\/wp\/v2\/media\/116733"}],"wp:attachment":[{"href":"https:\/\/nabytoklaguna.sk\/sk\/wp-json\/wp\/v2\/media?parent=116728"}],"wp:term":[{"taxonomy":"product_brand","embeddable":true,"href":"https:\/\/nabytoklaguna.sk\/sk\/wp-json\/wp\/v2\/product_brand?post=116728"},{"taxonomy":"product_cat","embeddable":true,"href":"https:\/\/nabytoklaguna.sk\/sk\/wp-json\/wp\/v2\/product_cat?post=116728"},{"taxonomy":"product_tag","embeddable":true,"href":"https:\/\/nabytoklaguna.sk\/sk\/wp-json\/wp\/v2\/product_tag?post=116728"}],"curies":[{"name":"wp","href":"https:\/\/api.w.org\/{rel}","templated":true}]}}