{"id":116815,"date":"2023-04-24T12:16:01","date_gmt":"2023-04-24T10:16:01","guid":{"rendered":"https:\/\/nabytoklaguna.sk\/sk\/?post_type=product&#038;p=116815"},"modified":"2025-10-28T12:49:54","modified_gmt":"2025-10-28T11:49:54","slug":"herne-kreslo-ka-y213-blue-grey","status":"publish","type":"product","link":"https:\/\/nabytoklaguna.sk\/sk\/produkt\/herne-kreslo-ka-y213-blue-grey\/","title":{"rendered":"Hern\u00e9 kreslo KA-Y213 BLUE \/ GREY"},"content":{"rendered":"<p>Luxusn\u00e9 hern\u00e9 a kancel\u00e1rske kreslo z kolekcie TOP racing. Jedn\u00e1 sa o modern\u00e9 designov\u00e9 kreslo, navrhnut\u00e9 nielen pre n\u00e1ro\u010dn\u00e9 po\u017eiadavky PC hr\u00e1\u010dov, ale je prisp\u00f4soben\u00e9 aj pre \u0161tandardn\u00fa kancel\u00e1rsku pr\u00e1cu. To v\u0161etko v maxim\u00e1lnom pohodl\u00ed a pri dokonalej ergon\u00f3mii sedenia.<\/p>\n<p>V\u00fdpl\u0148 sedadla aj hlavovej opierky je z ve\u013emi kvalitnej a tuhej PU peny, vystu\u017eenie a pru\u017enos\u0165 zais\u0165uj\u00fa l\u00e1tkov\u00e9 popruhy.<br \/>\nKreslo je vybaven\u00e9 permanent contact mechanizmom s plynulou aret\u00e1ciou. Pri vypnut\u00ed je mo\u017en\u00e9 sa s operadlom vo\u013ene pohupova\u0165.<\/p>\n<p>V\u00fd\u0161ka sedenia sa upravuje jednou p\u00e1\u010dkou na pravej strane cez kvalitn\u00fd plynov\u00fd piest. Poloha operadla sa nastavuje druhou p\u00e1\u010dkou, umiestnenou aj na pravej strane kresla.<\/p>\n<p>Mas\u00edvny \u010dierny plastov\u00fd kr\u00ed\u017e s modr\u00fdmi proti\u0161mykov\u00fdmi plastov\u00fdmi doplnkami je osaden\u00fd \u010diernymi plastov\u00fdmi kolieskami pr. 6 cm s modr\u00fdm racing stredom a gumov\u00fdm obvodom ide\u00e1lnymi na tvrd\u00e9 podlahy. So stabilitou cel\u00fdch 70 cm priemeru kr\u00ed\u017ea si m\u00f4\u017eete dovoli\u0165 aj tie najn\u00e1ro\u010dnej\u0161ie hry. odr\u00fa\u010dky s\u00fa plastov\u00e9, polstrovan\u00e9 a potiahnut\u00e9 modrou a \u010diernou ekoko\u017eou. \u0160\u00edrka je 7 cm, d\u013a\u017eka lo\u017enej plochy 33 cm a v\u00fd\u0161ka 3 cm. Pri skl\u00e1pan\u00ed sedadla sa pohybuj\u00fa a kop\u00edruj\u00fa jeho pohyb a polohu.<\/p>\n<p>dod\u00e1van\u00e9 v demonte<\/p>\n<table style=\"width: 100%; height: 458px;\">\n<tbody>\n<tr style=\"height: 51px;\">\n<td class=\"popis\" style=\"height: 51px;\">\u0160\u00edrka (cm):<\/td>\n<td style=\"height: 51px;\">63 cm<\/td>\n<\/tr>\n<tr style=\"height: 51px;\">\n<td class=\"popis\" style=\"height: 51px;\">H\u013abka (cm):<\/td>\n<td style=\"height: 51px;\">62 cm<\/td>\n<\/tr>\n<tr style=\"height: 51px;\">\n<td class=\"popis\" style=\"height: 51px;\">V\u00fd\u0161ka (cm):<\/td>\n<td style=\"height: 51px;\">114-124 cm<\/td>\n<\/tr>\n<tr style=\"height: 51px;\">\n<td style=\"height: 51px;\">\u0161\u00edrka sedu:<\/td>\n<td style=\"height: 51px;\">51 cm<\/td>\n<\/tr>\n<tr style=\"height: 51px;\">\n<td style=\"height: 51px;\">h\u013abka sedu:<\/td>\n<td style=\"height: 51px;\">49 cm<\/td>\n<\/tr>\n<tr style=\"height: 51px;\">\n<td style=\"height: 51px;\">v\u00fd\u0161ka sedu:<\/td>\n<td style=\"height: 51px;\">46-56 cm<\/td>\n<\/tr>\n<tr style=\"height: 51px;\">\n<td style=\"height: 51px;\">Materi\u00e1l :<\/td>\n<td style=\"height: 51px;\">ekoko\u017ea + latka<\/td>\n<\/tr>\n<tr style=\"height: 51px;\">\n<td style=\"height: 51px;\">nosnos\u0165:<\/td>\n<td style=\"height: 51px;\">130 kg<\/td>\n<\/tr>\n<tr style=\"height: 50px;\">\n<td style=\"height: 50px;\">hmotnos\u0165:<\/td>\n<td style=\"height: 50px;\">18 kg<\/td>\n<\/tr>\n<\/tbody>\n<\/table>\n","protected":false},"excerpt":{"rendered":"<p>Luxusn\u00e9 hern\u00e9 a kancel\u00e1rske kreslo z kolekcie TOP racing. Jedn\u00e1 sa o modern\u00e9 designov\u00e9 kreslo, navrhnut\u00e9 nielen pre n\u00e1ro\u010dn\u00e9 po\u017eiadavky PC hr\u00e1\u010dov, ale je prisp\u00f4soben\u00e9 aj pre \u0161tandardn\u00fa kancel\u00e1rsku pr\u00e1cu. To v\u0161etko v maxim\u00e1lnom pohodl\u00ed a pri dokonalej ergon\u00f3mii sedenia. V\u00fdpl\u0148 sedadla aj hlavovej opierky je z ve\u013emi kvalitnej a tuhej PU peny, vystu\u017eenie a&#8230;<\/p>\n","protected":false},"featured_media":116818,"comment_status":"closed","ping_status":"closed","template":"","meta":{"_seopress_robots_primary_cat":"none","_seopress_titles_title":"","_seopress_titles_desc":"","_seopress_robots_index":""},"product_brand":[],"product_cat":[242,237],"product_tag":[],"class_list":{"0":"post-116815","1":"product","2":"type-product","3":"status-publish","4":"has-post-thumbnail","6":"product_cat-kancelarske-stolicky","7":"product_cat-stolicky","8":"pa_farba-siva-3","9":"pa_farba-modra","11":"first","12":"onbackorder","13":"shipping-taxable","14":"purchasable","15":"product-type-variable"},"_links":{"self":[{"href":"https:\/\/nabytoklaguna.sk\/sk\/wp-json\/wp\/v2\/product\/116815","targetHints":{"allow":["GET"]}}],"collection":[{"href":"https:\/\/nabytoklaguna.sk\/sk\/wp-json\/wp\/v2\/product"}],"about":[{"href":"https:\/\/nabytoklaguna.sk\/sk\/wp-json\/wp\/v2\/types\/product"}],"replies":[{"embeddable":true,"href":"https:\/\/nabytoklaguna.sk\/sk\/wp-json\/wp\/v2\/comments?post=116815"}],"wp:featuredmedia":[{"embeddable":true,"href":"https:\/\/nabytoklaguna.sk\/sk\/wp-json\/wp\/v2\/media\/116818"}],"wp:attachment":[{"href":"https:\/\/nabytoklaguna.sk\/sk\/wp-json\/wp\/v2\/media?parent=116815"}],"wp:term":[{"taxonomy":"product_brand","embeddable":true,"href":"https:\/\/nabytoklaguna.sk\/sk\/wp-json\/wp\/v2\/product_brand?post=116815"},{"taxonomy":"product_cat","embeddable":true,"href":"https:\/\/nabytoklaguna.sk\/sk\/wp-json\/wp\/v2\/product_cat?post=116815"},{"taxonomy":"product_tag","embeddable":true,"href":"https:\/\/nabytoklaguna.sk\/sk\/wp-json\/wp\/v2\/product_tag?post=116815"}],"curies":[{"name":"wp","href":"https:\/\/api.w.org\/{rel}","templated":true}]}}