{"id":116868,"date":"2023-04-25T11:19:51","date_gmt":"2023-04-25T09:19:51","guid":{"rendered":"https:\/\/nabytoklaguna.sk\/sk\/?post_type=product&#038;p=116868"},"modified":"2026-04-14T17:01:16","modified_gmt":"2026-04-14T15:01:16","slug":"dch-425","status":"publish","type":"product","link":"https:\/\/nabytoklaguna.sk\/sk\/produkt\/dch-425\/","title":{"rendered":"DCH-425"},"content":{"rendered":"<p>V\u010faka svojmu dokonal\u00e9mu dizajnu je t\u00e1to stoli\u010dka v industri\u00e1lnom \u0161t\u00fdle nezamenite\u013en\u00e1 a z\u00e1rove\u0148 ve\u013emi pohodln\u00e1.<\/p>\n<p>Ve\u013emi dekorat\u00edvnym prvkom je v\u00fdrazn\u00e9 koso\u0161tvorcov\u00e9 pre\u0161itie vn\u00fatorn\u00fdch pl\u00f4ch vo farbe po\u0165ahu a paspule po obvode celej \u0161krupiny. Vybran\u00e1 l\u00e1tka sa tie\u017e ve\u013emi dobre \u010dist\u00ed. Stabilitu stoli\u010dky zais\u0165uj\u00fa \u0161tyri k\u00f3nick\u00e9 kovov\u00e9 nohy obd\u013a\u017enikov\u00e9ho prierezu s kvalitn\u00fdm pr\u00e1\u0161kov\u00fdm n\u00e1strekom v \u010diernej matnej farbe. Ukon\u010den\u00e9 s\u00fa \u010diernymi plastov\u00fdmi klz\u00e1kmi, zabra\u0148uj\u00faci po\u0161kodeniu tvrd\u00fdch povrchov podl\u00e1h.<\/p>\n<p>Bonusom tejto stoli\u010dky je oto\u010dn\u00fd a vratn\u00fd mechanizmus, ktor\u00fd umo\u017e\u0148uje ot\u00e1\u010danie o 90 \u00b0 do\u013eava ao 90 \u00b0 doprava a z\u00e1rove\u0148 v\u017edy vr\u00e1ti sed\u00e1k do p\u00f4vodnej polohy. V\u010faka nemu stoli\u010dky zostan\u00fa v\u017edy zrovnan\u00e9 pri stole.<\/p>\n<p>Polstrovanie je z PU peny.<\/p>\n<p>dod\u00e1van\u00e9 v demonte<\/p>\n<table>\n<tbody>\n<tr>\n<td class=\"popis\">\u0160\u00edrka (cm):<\/td>\n<td>56 cm<\/td>\n<\/tr>\n<tr>\n<td class=\"popis\">H\u013abka (cm):<\/td>\n<td>57 cm<\/td>\n<\/tr>\n<tr>\n<td class=\"popis\">V\u00fd\u0161ka (cm):<\/td>\n<td>85 cm<\/td>\n<\/tr>\n<tr>\n<td>v\u00fd\u0161ka sedu:<\/td>\n<td>50 cm<\/td>\n<\/tr>\n<tr>\n<td>Materi\u00e1l v\u00fdplne:<\/td>\n<td>PU pena<\/td>\n<\/tr>\n<tr>\n<td>nohy:<\/td>\n<td>kov<\/td>\n<\/tr>\n<tr>\n<td>nosnos\u0165:<\/td>\n<td>110 kg<\/td>\n<\/tr>\n<tr>\n<td>hmotnos\u0165:<\/td>\n<td>8 kg<\/td>\n<\/tr>\n<\/tbody>\n<\/table>\n<p>&nbsp;<\/p>\n","protected":false},"excerpt":{"rendered":"<p>V\u010faka svojmu dokonal\u00e9mu dizajnu je t\u00e1to stoli\u010dka v industri\u00e1lnom \u0161t\u00fdle nezamenite\u013en\u00e1 a z\u00e1rove\u0148 ve\u013emi pohodln\u00e1. Ve\u013emi dekorat\u00edvnym prvkom je v\u00fdrazn\u00e9 koso\u0161tvorcov\u00e9 pre\u0161itie vn\u00fatorn\u00fdch pl\u00f4ch vo farbe po\u0165ahu a paspule po obvode celej \u0161krupiny. Vybran\u00e1 l\u00e1tka sa tie\u017e ve\u013emi dobre \u010dist\u00ed. Stabilitu stoli\u010dky zais\u0165uj\u00fa \u0161tyri k\u00f3nick\u00e9 kovov\u00e9 nohy obd\u013a\u017enikov\u00e9ho prierezu s kvalitn\u00fdm pr\u00e1\u0161kov\u00fdm n\u00e1strekom v \u010diernej&#8230;<\/p>\n","protected":false},"featured_media":116871,"comment_status":"closed","ping_status":"closed","template":"","meta":{"_seopress_robots_primary_cat":"none","_seopress_titles_title":"","_seopress_titles_desc":"","_seopress_robots_index":""},"product_brand":[],"product_cat":[239,237],"product_tag":[],"class_list":{"0":"post-116868","1":"product","2":"type-product","3":"status-publish","4":"has-post-thumbnail","6":"product_cat-kovove-stolicky","7":"product_cat-stolicky","8":"pa_farba-grn","9":"pa_farba-cierna","10":"pa_farba-zlta","12":"first","13":"onbackorder","14":"sale","15":"shipping-taxable","16":"purchasable","17":"product-type-variable"},"_links":{"self":[{"href":"https:\/\/nabytoklaguna.sk\/sk\/wp-json\/wp\/v2\/product\/116868","targetHints":{"allow":["GET"]}}],"collection":[{"href":"https:\/\/nabytoklaguna.sk\/sk\/wp-json\/wp\/v2\/product"}],"about":[{"href":"https:\/\/nabytoklaguna.sk\/sk\/wp-json\/wp\/v2\/types\/product"}],"replies":[{"embeddable":true,"href":"https:\/\/nabytoklaguna.sk\/sk\/wp-json\/wp\/v2\/comments?post=116868"}],"wp:featuredmedia":[{"embeddable":true,"href":"https:\/\/nabytoklaguna.sk\/sk\/wp-json\/wp\/v2\/media\/116871"}],"wp:attachment":[{"href":"https:\/\/nabytoklaguna.sk\/sk\/wp-json\/wp\/v2\/media?parent=116868"}],"wp:term":[{"taxonomy":"product_brand","embeddable":true,"href":"https:\/\/nabytoklaguna.sk\/sk\/wp-json\/wp\/v2\/product_brand?post=116868"},{"taxonomy":"product_cat","embeddable":true,"href":"https:\/\/nabytoklaguna.sk\/sk\/wp-json\/wp\/v2\/product_cat?post=116868"},{"taxonomy":"product_tag","embeddable":true,"href":"https:\/\/nabytoklaguna.sk\/sk\/wp-json\/wp\/v2\/product_tag?post=116868"}],"curies":[{"name":"wp","href":"https:\/\/api.w.org\/{rel}","templated":true}]}}