{"id":116978,"date":"2023-05-02T11:59:52","date_gmt":"2023-05-02T09:59:52","guid":{"rendered":"https:\/\/nabytoklaguna.sk\/sk\/?post_type=product&#038;p=116978"},"modified":"2026-01-15T00:56:34","modified_gmt":"2026-01-14T23:56:34","slug":"dcl-412","status":"publish","type":"product","link":"https:\/\/nabytoklaguna.sk\/sk\/produkt\/dcl-412\/","title":{"rendered":"DCL-412"},"content":{"rendered":"<p>Jed\u00e1lensk\u00e1 stoli\u010dka, siv\u00e1 l\u00e1tka v dekore vintage ko\u017ee, kov &#8211; grey<\/p>\n<p>Jed\u00e1lensk\u00e1 stoli\u010dka v industri\u00e1lnom \u0161t\u00fdle<\/p>\n<p>Po\u0165ah je sivel l\u00e1tky v trendy dekore vintage ko\u017ee<\/p>\n<p>Polstrovanie je z PU peny<\/p>\n<p>Industri\u00e1lny vzh\u013ead pod\u010diarkuje kovov\u00e1 pohupovacia podno\u017e lakovan\u00e1 \u010diernou matnou pr\u00e1\u0161kovou farbou. Je obd\u013a\u017enikov\u00e9ho prierezu a je opatren\u00e1 \u010diernymi plastov\u00fdmi klz\u00e1kmi, ktor\u00e9 zn\u00ed\u017eia riziko po\u0161kodenia Va\u0161ej podlahy na minimum<\/p>\n<p>Pre \u013eah\u0161iu manipul\u00e1ciu m\u00e1 stoli\u010dka i kovov\u00e9 madlo cez cel\u00fa horn\u00fa \u010das\u0165 operadla<\/p>\n<p>Dod\u00e1van\u00e9 v demonte<\/p>\n<table style=\"width: 58.4841%; height: 204px;\">\n<tbody>\n<tr>\n<td class=\"popis\">\u0160\u00edrka (cm):<\/td>\n<td>44 cm<\/td>\n<\/tr>\n<tr>\n<td class=\"popis\">H\u013abka (cm):<\/td>\n<td>58 cm<\/td>\n<\/tr>\n<tr>\n<td class=\"popis\">V\u00fd\u0161ka (cm):<\/td>\n<td>99 cm<\/td>\n<\/tr>\n<tr>\n<td class=\"popis\">V\u00fd\u0161ka sedu:<\/td>\n<td>48 cm<\/td>\n<\/tr>\n<tr>\n<td>nosnos\u0165:<\/td>\n<td>110 kg<\/td>\n<\/tr>\n<tr>\n<td>hmotnos\u0165:<\/td>\n<td>6 kg<\/td>\n<\/tr>\n<\/tbody>\n<\/table>\n<p>&nbsp;<\/p>\n","protected":false},"excerpt":{"rendered":"<p>Jed\u00e1lensk\u00e1 stoli\u010dka, siv\u00e1 l\u00e1tka v dekore vintage ko\u017ee, kov &#8211; grey Jed\u00e1lensk\u00e1 stoli\u010dka v industri\u00e1lnom \u0161t\u00fdle Po\u0165ah je sivel l\u00e1tky v trendy dekore vintage ko\u017ee Polstrovanie je z PU peny Industri\u00e1lny vzh\u013ead pod\u010diarkuje kovov\u00e1 pohupovacia podno\u017e lakovan\u00e1 \u010diernou matnou pr\u00e1\u0161kovou farbou. Je obd\u013a\u017enikov\u00e9ho prierezu a je opatren\u00e1 \u010diernymi plastov\u00fdmi klz\u00e1kmi, ktor\u00e9 zn\u00ed\u017eia riziko po\u0161kodenia Va\u0161ej&#8230;<\/p>\n","protected":false},"featured_media":122066,"comment_status":"closed","ping_status":"closed","template":"","meta":{"_seopress_robots_primary_cat":"none","_seopress_titles_title":"","_seopress_titles_desc":"","_seopress_robots_index":""},"product_brand":[],"product_cat":[4721,239,237],"product_tag":[],"class_list":{"0":"post-116978","1":"product","2":"type-product","3":"status-publish","4":"has-post-thumbnail","6":"product_cat-jedalenske-stolicky","7":"product_cat-kovove-stolicky","8":"product_cat-stolicky","10":"first","11":"instock","12":"shipping-taxable","13":"purchasable","14":"product-type-simple"},"_links":{"self":[{"href":"https:\/\/nabytoklaguna.sk\/sk\/wp-json\/wp\/v2\/product\/116978","targetHints":{"allow":["GET"]}}],"collection":[{"href":"https:\/\/nabytoklaguna.sk\/sk\/wp-json\/wp\/v2\/product"}],"about":[{"href":"https:\/\/nabytoklaguna.sk\/sk\/wp-json\/wp\/v2\/types\/product"}],"replies":[{"embeddable":true,"href":"https:\/\/nabytoklaguna.sk\/sk\/wp-json\/wp\/v2\/comments?post=116978"}],"wp:featuredmedia":[{"embeddable":true,"href":"https:\/\/nabytoklaguna.sk\/sk\/wp-json\/wp\/v2\/media\/122066"}],"wp:attachment":[{"href":"https:\/\/nabytoklaguna.sk\/sk\/wp-json\/wp\/v2\/media?parent=116978"}],"wp:term":[{"taxonomy":"product_brand","embeddable":true,"href":"https:\/\/nabytoklaguna.sk\/sk\/wp-json\/wp\/v2\/product_brand?post=116978"},{"taxonomy":"product_cat","embeddable":true,"href":"https:\/\/nabytoklaguna.sk\/sk\/wp-json\/wp\/v2\/product_cat?post=116978"},{"taxonomy":"product_tag","embeddable":true,"href":"https:\/\/nabytoklaguna.sk\/sk\/wp-json\/wp\/v2\/product_tag?post=116978"}],"curies":[{"name":"wp","href":"https:\/\/api.w.org\/{rel}","templated":true}]}}