{"id":117102,"date":"2023-05-04T13:04:57","date_gmt":"2023-05-04T11:04:57","guid":{"rendered":"https:\/\/nabytoklaguna.sk\/sk\/?post_type=product&#038;p=117102"},"modified":"2026-01-15T00:56:36","modified_gmt":"2026-01-14T23:56:36","slug":"ht-405m-wt","status":"publish","type":"product","link":"https:\/\/nabytoklaguna.sk\/sk\/produkt\/ht-405m-wt\/","title":{"rendered":"HT-405M"},"content":{"rendered":"<p>Dizajnov\u00fd jed\u00e1lensk\u00fd rozkladac\u00ed st\u00f4l o rozmere 120 + 30 + 30 x 80 cm v industri\u00e1lnom minimalistickom \u0161t\u00fdle.<\/p>\n<p>Kon\u0161trukcia stola aj nohy s\u00fa celokovov\u00e9 s n\u00e1strekom pr\u00e1\u0161kov\u00e9ho vypa\u013eovacieho laku v matnom \u010diernom odtieni. Plastov\u00e9 klz\u00e1ky na noh\u00e1ch eliminuj\u00fa mo\u017enos\u0165 po\u010dkodenia povrchov tvrd\u00fdch podl\u00e1h. Rozkladanie je v\u00fdsuvn\u00e9, diely o \u0161\u00edrke 30 cm sa vys\u00favaj\u00fa z oboch krat\u0161\u00edch str\u00e1n, mechanika je celokovov\u00e1 a pre u\u013eah\u010denie ako v\u00fdsuvu, tak aj zaistenie, je opatren\u00e1 pru\u017einami a plynov\u00fdmi piestami. St\u00f4l zaujme svoj\u00edm minimalistick\u00fdm dizajnom aj skvel\u00fdm spracovan\u00edm detailu, ale aj preveden\u00edm dosky so zagu\u013eaten\u00fdmi rohmi a v neposlednom rade aj dekorom vrchnej dosky, imituj\u00facej jeden z najkvalitnej\u0161\u00edch a naj\u017eiadanej\u0161\u00edch mramorov na svete.<\/p>\n<p>Iste sa stane ve\u013emi elegantn\u00fdm a neprehliadnute\u013en\u00fdm prvkom v modern\u00fdch \u2013 industri\u00e1lnych, ale aj klasicky laden\u00fdch jed\u00e1l\u0148ach, kuchyniach a ob\u00fdvac\u00edch priestoroch.<\/p>\n<p>dod\u00e1van\u00e9 v demonte<\/p>\n<table>\n<tbody>\n<tr>\n<td class=\"popis\">\u0160\u00edrka (cm):<\/td>\n<td>120+30+30 cm<\/td>\n<\/tr>\n<tr>\n<td class=\"popis\">H\u013abka (cm):<\/td>\n<td>80 cm<\/td>\n<\/tr>\n<tr>\n<td class=\"popis\">V\u00fd\u0161ka (cm):<\/td>\n<td>76 cm<\/td>\n<\/tr>\n<tr>\n<td>hmotnos\u0165:<\/td>\n<td>69 kg<\/td>\n<\/tr>\n<\/tbody>\n<\/table>\n","protected":false},"excerpt":{"rendered":"<p>Dizajnov\u00fd jed\u00e1lensk\u00fd rozkladac\u00ed st\u00f4l o rozmere 120 + 30 + 30 x 80 cm v industri\u00e1lnom minimalistickom \u0161t\u00fdle. Kon\u0161trukcia stola aj nohy s\u00fa celokovov\u00e9 s n\u00e1strekom pr\u00e1\u0161kov\u00e9ho vypa\u013eovacieho laku v matnom \u010diernom odtieni. Plastov\u00e9 klz\u00e1ky na noh\u00e1ch eliminuj\u00fa mo\u017enos\u0165 po\u010dkodenia povrchov tvrd\u00fdch podl\u00e1h. Rozkladanie je v\u00fdsuvn\u00e9, diely o \u0161\u00edrke 30 cm sa vys\u00favaj\u00fa z oboch&#8230;<\/p>\n","protected":false},"featured_media":117105,"comment_status":"closed","ping_status":"closed","template":"","meta":{"_seopress_robots_primary_cat":"none","_seopress_titles_title":"","_seopress_titles_desc":"","_seopress_robots_index":""},"product_brand":[],"product_cat":[245,243],"product_tag":[],"class_list":{"0":"post-117102","1":"product","2":"type-product","3":"status-publish","4":"has-post-thumbnail","6":"product_cat-kovove-stoly","7":"product_cat-stoly","8":"pa_farba-biela","10":"first","11":"onbackorder","12":"shipping-taxable","13":"purchasable","14":"product-type-variable"},"_links":{"self":[{"href":"https:\/\/nabytoklaguna.sk\/sk\/wp-json\/wp\/v2\/product\/117102","targetHints":{"allow":["GET"]}}],"collection":[{"href":"https:\/\/nabytoklaguna.sk\/sk\/wp-json\/wp\/v2\/product"}],"about":[{"href":"https:\/\/nabytoklaguna.sk\/sk\/wp-json\/wp\/v2\/types\/product"}],"replies":[{"embeddable":true,"href":"https:\/\/nabytoklaguna.sk\/sk\/wp-json\/wp\/v2\/comments?post=117102"}],"wp:featuredmedia":[{"embeddable":true,"href":"https:\/\/nabytoklaguna.sk\/sk\/wp-json\/wp\/v2\/media\/117105"}],"wp:attachment":[{"href":"https:\/\/nabytoklaguna.sk\/sk\/wp-json\/wp\/v2\/media?parent=117102"}],"wp:term":[{"taxonomy":"product_brand","embeddable":true,"href":"https:\/\/nabytoklaguna.sk\/sk\/wp-json\/wp\/v2\/product_brand?post=117102"},{"taxonomy":"product_cat","embeddable":true,"href":"https:\/\/nabytoklaguna.sk\/sk\/wp-json\/wp\/v2\/product_cat?post=117102"},{"taxonomy":"product_tag","embeddable":true,"href":"https:\/\/nabytoklaguna.sk\/sk\/wp-json\/wp\/v2\/product_tag?post=117102"}],"curies":[{"name":"wp","href":"https:\/\/api.w.org\/{rel}","templated":true}]}}