{"id":117206,"date":"2023-05-08T12:09:20","date_gmt":"2023-05-08T10:09:20","guid":{"rendered":"https:\/\/nabytoklaguna.sk\/sk\/?post_type=product&#038;p=117206"},"modified":"2025-08-08T16:26:12","modified_gmt":"2025-08-08T14:26:12","slug":"markos-spalnova-zostava","status":"publish","type":"product","link":"https:\/\/nabytoklaguna.sk\/sk\/produkt\/markos-spalnova-zostava\/","title":{"rendered":"MARKOS sp\u00e1l\u0148ov\u00e1 zostava"},"content":{"rendered":"<p><strong>Markos<\/strong> je klasicky navrhnut\u00e1 <strong>sp\u00e1l\u0148ov\u00e1 zostava<\/strong>, ktorou ni\u010d nepokaz\u00edte. Vyr\u00e1ba sa <strong>v modernom \u0161t\u00fdle<\/strong> vo farebnom preveden\u00ed\u00a0 <strong>dub sonoma \/ biela.<\/strong>\u00a0 Jednoducho k nej teda dolad\u00edte ostatn\u00e9 k\u00fasky V\u00e1\u0161ho n\u00e1bytku.\u00a0 S\u00fa\u010das\u0165ou zostavy je <strong>priestrann\u00e1 skri\u0148a so zrkadlom<\/strong>,\u00a0 <strong>man\u017eelsk\u00e1 poste\u013e<\/strong> o rozmere 160&#215;200 cm alebo 180&#215;200 cm, <strong>2 no\u010dn\u00e9 stol\u00edky<\/strong> a praktick\u00e1 <strong>komoda<\/strong>. Cel\u00e1 sp\u00e1l\u0148ov\u00e1 zostava je vyroben\u00e1 z kvalitnej <strong>laminovanej drevotriesky<\/strong>, ktor\u00e1 zaru\u010duje dlh\u0161iu \u017eivotnos\u0165 aj napriek ka\u017edodenn\u00e9mu pou\u017e\u00edvaniu.<\/p>\n<p>Vytvorte si doma pokojn\u00fa atmosf\u00e9ru, aby ste sa c\u00edtili dobre a v k\u013eude mohli zrelaxova\u0165 s elegantnou kolekciou <strong>Markos.<\/strong><\/p>\n<p><strong>RO\u0160T 180\u00d7200 alebo 160\u00d7200-ZDARMA<\/strong><\/p>\n<p>VLASTNOSTI<\/p>\n<table>\n<tbody>\n<tr>\n<td><strong>Rozmer skrine(\u0160xVxH)<\/strong><\/td>\n<td>200,2x200x52cm<\/td>\n<\/tr>\n<tr>\n<td><strong>Rozmer postele(\u0160xDxV):180<\/strong><\/td>\n<td>184 x 203,7 x90 cm v\u00fd\u0161ka sedu cca 40cm<\/td>\n<\/tr>\n<tr>\n<td><strong>Rozmer postele(\u0160xDxV):160<\/strong><\/td>\n<td>164&#215;203,7 x90 cm v\u00fd\u0161ka sedu cca 40cm<\/td>\n<\/tr>\n<tr>\n<td><strong>Plocha na spanie:180,160<\/strong><\/td>\n<td>180x200cm, 160x200cm<\/td>\n<\/tr>\n<tr>\n<td><strong>\u00dalo\u017en\u00fd priestor:<\/strong><\/td>\n<td>NIE<\/td>\n<\/tr>\n<tr>\n<td><strong>Ro\u0161t:<\/strong><\/td>\n<td>ANO (zdarma)<\/td>\n<\/tr>\n<tr>\n<td><strong>Materi\u00e1l:<\/strong><\/td>\n<td>DTD laminovan\u00e1<\/td>\n<\/tr>\n<tr>\n<td><strong>No\u010dn\u00fd stol\u00edk\u00a0(\u0160xHxV):<\/strong><\/td>\n<td>50 x 39,6 x 45 cm<\/td>\n<\/tr>\n<tr>\n<td><strong>Farebn\u00e9 prevedenie:<\/strong><\/td>\n<td>dub sonoma \/ biela<\/td>\n<\/tr>\n<tr>\n<td><strong>Komoda (\u0160xHxV):<\/strong><\/td>\n<td>90 x 44,6 x 80 cm<\/td>\n<\/tr>\n<\/tbody>\n<\/table>\n","protected":false},"excerpt":{"rendered":"<p>Markos je klasicky navrhnut\u00e1 sp\u00e1l\u0148ov\u00e1 zostava, ktorou ni\u010d nepokaz\u00edte. Vyr\u00e1ba sa v modernom \u0161t\u00fdle vo farebnom preveden\u00ed\u00a0 dub sonoma \/ biela.\u00a0 Jednoducho k nej teda dolad\u00edte ostatn\u00e9 k\u00fasky V\u00e1\u0161ho n\u00e1bytku.\u00a0 S\u00fa\u010das\u0165ou zostavy je priestrann\u00e1 skri\u0148a so zrkadlom,\u00a0 man\u017eelsk\u00e1 poste\u013e o rozmere 160&#215;200 cm alebo 180&#215;200 cm, 2 no\u010dn\u00e9 stol\u00edky a praktick\u00e1 komoda. Cel\u00e1 sp\u00e1l\u0148ov\u00e1 zostava&#8230;<\/p>\n","protected":false},"featured_media":117209,"comment_status":"closed","ping_status":"closed","template":"","meta":{"_seopress_robots_primary_cat":"none","_seopress_titles_title":"","_seopress_titles_desc":"","_seopress_robots_index":""},"product_brand":[],"product_cat":[615,223],"product_tag":[],"class_list":{"0":"post-117206","1":"product","2":"type-product","3":"status-publish","4":"has-post-thumbnail","6":"product_cat-spalnove-komplety","7":"product_cat-spalne","8":"pa_typ-produktu-spalnova-zostava-postel-160x200-skrina-komoda-2x-nocny-stolik","9":"pa_typ-produktu-spalnova-zostava-postel-180x200-skrina-komoda-2x-nocny-stolik","11":"first","12":"instock","13":"shipping-taxable","14":"purchasable","15":"product-type-variable"},"_links":{"self":[{"href":"https:\/\/nabytoklaguna.sk\/sk\/wp-json\/wp\/v2\/product\/117206","targetHints":{"allow":["GET"]}}],"collection":[{"href":"https:\/\/nabytoklaguna.sk\/sk\/wp-json\/wp\/v2\/product"}],"about":[{"href":"https:\/\/nabytoklaguna.sk\/sk\/wp-json\/wp\/v2\/types\/product"}],"replies":[{"embeddable":true,"href":"https:\/\/nabytoklaguna.sk\/sk\/wp-json\/wp\/v2\/comments?post=117206"}],"wp:featuredmedia":[{"embeddable":true,"href":"https:\/\/nabytoklaguna.sk\/sk\/wp-json\/wp\/v2\/media\/117209"}],"wp:attachment":[{"href":"https:\/\/nabytoklaguna.sk\/sk\/wp-json\/wp\/v2\/media?parent=117206"}],"wp:term":[{"taxonomy":"product_brand","embeddable":true,"href":"https:\/\/nabytoklaguna.sk\/sk\/wp-json\/wp\/v2\/product_brand?post=117206"},{"taxonomy":"product_cat","embeddable":true,"href":"https:\/\/nabytoklaguna.sk\/sk\/wp-json\/wp\/v2\/product_cat?post=117206"},{"taxonomy":"product_tag","embeddable":true,"href":"https:\/\/nabytoklaguna.sk\/sk\/wp-json\/wp\/v2\/product_tag?post=117206"}],"curies":[{"name":"wp","href":"https:\/\/api.w.org\/{rel}","templated":true}]}}