{"id":117243,"date":"2023-05-09T10:31:20","date_gmt":"2023-05-09T08:31:20","guid":{"rendered":"https:\/\/nabytoklaguna.sk\/sk\/?post_type=product&#038;p=117243"},"modified":"2023-05-09T10:31:58","modified_gmt":"2023-05-09T08:31:58","slug":"skrinka-dub-sonoma-mario-new-typ-f","status":"publish","type":"product","link":"https:\/\/nabytoklaguna.sk\/sk\/produkt\/skrinka-dub-sonoma-mario-new-typ-f\/","title":{"rendered":"TK Skrinka, dub sonoma, MARIO NEW TYP F"},"content":{"rendered":"<p>Skrinka\/bez podu\u0161ky, Mario New Typ F, komponent z predsie\u0148ovej zostavy MARIO NEW, Materi\u00e1l DTD laminovan\u00e1, Farebn\u00e9 prevedenie: dub sonoma. Rozmery (\u0160xHxV): 60,2&#215;30,6&#215;44,7 cm. Hr\u00fabka materi\u00e1lu: 16\/22 mm Dvierka maj\u00fa hladk\u00e9 zakon\u010denia.<\/p>\n<p><strong>Hmotnos\u0165:<\/strong>\u00a013,5 kg<\/p>\n","protected":false},"excerpt":{"rendered":"<p>Skrinka\/bez podu\u0161ky, Mario New Typ F, komponent z predsie\u0148ovej zostavy MARIO NEW, Materi\u00e1l DTD laminovan\u00e1, Farebn\u00e9 prevedenie: dub sonoma. Rozmery (\u0160xHxV): 60,2&#215;30,6&#215;44,7 cm. Hr\u00fabka materi\u00e1lu: 16\/22 mm Dvierka maj\u00fa hladk\u00e9 zakon\u010denia. Hmotnos\u0165:\u00a013,5 kg<\/p>\n","protected":false},"featured_media":117246,"comment_status":"closed","ping_status":"closed","template":"","meta":{"_seopress_robots_primary_cat":"none","_seopress_titles_title":"","_seopress_titles_desc":"","_seopress_robots_index":""},"product_brand":[],"product_cat":[252,257],"product_tag":[],"class_list":{"0":"post-117243","1":"product","2":"type-product","3":"status-publish","4":"has-post-thumbnail","6":"product_cat-botniky","7":"product_cat-predsiene","9":"first","10":"onbackorder","11":"shipping-taxable","12":"purchasable","13":"product-type-simple"},"_links":{"self":[{"href":"https:\/\/nabytoklaguna.sk\/sk\/wp-json\/wp\/v2\/product\/117243","targetHints":{"allow":["GET"]}}],"collection":[{"href":"https:\/\/nabytoklaguna.sk\/sk\/wp-json\/wp\/v2\/product"}],"about":[{"href":"https:\/\/nabytoklaguna.sk\/sk\/wp-json\/wp\/v2\/types\/product"}],"replies":[{"embeddable":true,"href":"https:\/\/nabytoklaguna.sk\/sk\/wp-json\/wp\/v2\/comments?post=117243"}],"wp:featuredmedia":[{"embeddable":true,"href":"https:\/\/nabytoklaguna.sk\/sk\/wp-json\/wp\/v2\/media\/117246"}],"wp:attachment":[{"href":"https:\/\/nabytoklaguna.sk\/sk\/wp-json\/wp\/v2\/media?parent=117243"}],"wp:term":[{"taxonomy":"product_brand","embeddable":true,"href":"https:\/\/nabytoklaguna.sk\/sk\/wp-json\/wp\/v2\/product_brand?post=117243"},{"taxonomy":"product_cat","embeddable":true,"href":"https:\/\/nabytoklaguna.sk\/sk\/wp-json\/wp\/v2\/product_cat?post=117243"},{"taxonomy":"product_tag","embeddable":true,"href":"https:\/\/nabytoklaguna.sk\/sk\/wp-json\/wp\/v2\/product_tag?post=117243"}],"curies":[{"name":"wp","href":"https:\/\/api.w.org\/{rel}","templated":true}]}}