{"id":117765,"date":"2023-06-05T15:00:02","date_gmt":"2023-06-05T13:00:02","guid":{"rendered":"https:\/\/nabytoklaguna.sk\/sk\/?post_type=product&#038;p=117765"},"modified":"2025-11-18T12:33:35","modified_gmt":"2025-11-18T11:33:35","slug":"monte-pohovka","status":"publish","type":"product","link":"https:\/\/nabytoklaguna.sk\/sk\/produkt\/monte-pohovka\/","title":{"rendered":"P MONTE"},"content":{"rendered":"<p>\u010ci u\u017e zaria\u010fujete ve\u013ek\u00fa ob\u00fdva\u010dku alebo mal\u00fa izbi\u010dku\u00a0<strong>pohovka MONTE<\/strong>\u00a0je t\u00e1 prav\u00e1 vo\u013eba. Je to<strong>\u00a0\u0161t\u00fdlov\u00fd<\/strong>\u00a0<strong>k\u00fasok n\u00e1bytku<\/strong>, ktor\u00fd ukr\u00fdva v sebe mnoho funkci\u00ed. Obsahuje\u00a0<strong>v<\/strong><b>e\u013ek\u00fd \u00falo\u017en\u00fd priestor<\/b>\u00a0 ktor\u00fd sa postar\u00e1 o vank\u00fa\u0161e, deky \u010di in\u00e9 veci ktor\u00e9 nem\u00e1te moment\u00e1lne kde uskladni\u0165. Pre ne\u010dakan\u00fa n\u00e1v\u0161tevu<strong>\u00a0jednoduch\u00fdm rozkladom<\/strong>\u00a0zasa pohovku zmen\u00edte na<b>\u00a0plnohodnotn\u00e9 l\u00f4\u017eko<\/b>\u00a0v rozmere\u00a0<b>151\u00d7202 cm<\/b>.\u00a0Kvalitn\u00e9\u00a0<b>pohodln\u00e9 opierky<\/b>\u00a0a\u00a0<b>odoln\u00e9 jadro<\/b>\u00a0tvoren\u00e9<b>\u00a0pru\u017einov FALISTE\u00a0 v kombin\u00e1cii s PUR penou<\/b>\u00a0zaru\u010d\u00ed trv\u00e1cnos\u0165 seda\u010dky. L\u00e1tky s\u00fa dostupn\u00e9 v\u00a0<strong>\u0161irokej \u0161k\u00e1le kvalitn\u00fdch vodeodoln\u00fdch a \u013eahko um\u00fdvate\u013en\u00fdch l\u00e1tok.<\/strong>\u00a0Pohodlie spojen\u00e9 s modern\u00fdm vzh\u013eadom a funk\u010dnos\u0165ou, to je\u00a0<b>pohovka MONTE.<\/b><\/p>\n<table class=\"table-data-sheet\">\n<tbody>\n<tr class=\"odd\">\n<td>H\u013abka<\/td>\n<td>105 cm<\/td>\n<\/tr>\n<tr class=\"even\">\n<td>\u0160\u00edrka<\/td>\n<td>245 cm<\/td>\n<\/tr>\n<tr class=\"even\">\n<td>Vhodn\u00e1 miestnos\u0165<\/td>\n<td>ob\u00fdva\u010dka, spolo\u010densk\u00e1 miestnos\u0165, hotely, kaviarne<\/td>\n<\/tr>\n<tr class=\"even\">\n<td>\u0160t\u00fdl n\u00e1bytku<\/td>\n<td>modern\u00fd<\/td>\n<\/tr>\n<tr class=\"odd\">\n<td>Z\u00e1ruka<\/td>\n<td>2 roky<\/td>\n<\/tr>\n<tr class=\"even\">\n<td>Sp\u00f4sob dodania<\/td>\n<td>demont<\/td>\n<\/tr>\n<tr class=\"even\">\n<td>\u00dalo\u017en\u00fd priestor<\/td>\n<td>\u00e1no<\/td>\n<\/tr>\n<tr class=\"odd\">\n<td>Rohov\u00e9 prevedenie<\/td>\n<td>nie<\/td>\n<\/tr>\n<tr class=\"even\">\n<td>Mo\u017enos\u0165 rozkladania<\/td>\n<td>\u00e1no<\/td>\n<\/tr>\n<tr class=\"odd\">\n<td>Plocha po rozlo\u017een\u00ed<\/td>\n<td>151 X 202 cm<\/td>\n<\/tr>\n<tr class=\"odd\">\n<td>Nastavenie opierok<\/td>\n<td>nie<\/td>\n<\/tr>\n<tr class=\"even\">\n<td>V\u00fdpl\u0148 seda\u010dky<\/td>\n<td>pena+ pru\u017eina<\/td>\n<\/tr>\n<\/tbody>\n<\/table>\n<p>Nastavenie displeja m\u00f4\u017ee sp\u00f4sobi\u0165 odch\u00fdlku vo farbe vzoriek po\u0165ahov\u00fdch l\u00e1tok.<\/p>\n<p><b>Do pozn\u00e1mky n\u00e1m uve\u010fte vami vybran\u00fa po\u0165ahov\u00fa l\u00e1tku.<\/b><\/p>\n","protected":false},"excerpt":{"rendered":"<p>\u010ci u\u017e zaria\u010fujete ve\u013ek\u00fa ob\u00fdva\u010dku alebo mal\u00fa izbi\u010dku\u00a0pohovka MONTE\u00a0je t\u00e1 prav\u00e1 vo\u013eba. Je to\u00a0\u0161t\u00fdlov\u00fd\u00a0k\u00fasok n\u00e1bytku, ktor\u00fd ukr\u00fdva v sebe mnoho funkci\u00ed. Obsahuje\u00a0ve\u013ek\u00fd \u00falo\u017en\u00fd priestor\u00a0 ktor\u00fd sa postar\u00e1 o vank\u00fa\u0161e, deky \u010di in\u00e9 veci ktor\u00e9 nem\u00e1te moment\u00e1lne kde uskladni\u0165. Pre ne\u010dakan\u00fa n\u00e1v\u0161tevu\u00a0jednoduch\u00fdm rozkladom\u00a0zasa pohovku zmen\u00edte na\u00a0plnohodnotn\u00e9 l\u00f4\u017eko\u00a0v rozmere\u00a0151\u00d7202 cm.\u00a0Kvalitn\u00e9\u00a0pohodln\u00e9 opierky\u00a0a\u00a0odoln\u00e9 jadro\u00a0tvoren\u00e9\u00a0pru\u017einov FALISTE\u00a0 v kombin\u00e1cii s PUR&#8230;<\/p>\n","protected":false},"featured_media":117773,"comment_status":"closed","ping_status":"closed","template":"","meta":{"_seopress_robots_primary_cat":"none","_seopress_titles_title":"","_seopress_titles_desc":"","_seopress_robots_index":""},"product_brand":[],"product_cat":[219],"product_tag":[],"class_list":{"0":"post-117765","1":"product","2":"type-product","3":"status-publish","4":"has-post-thumbnail","6":"product_cat-pohovky","8":"first","9":"onbackorder","10":"shipping-taxable","11":"purchasable","12":"product-type-simple"},"_links":{"self":[{"href":"https:\/\/nabytoklaguna.sk\/sk\/wp-json\/wp\/v2\/product\/117765","targetHints":{"allow":["GET"]}}],"collection":[{"href":"https:\/\/nabytoklaguna.sk\/sk\/wp-json\/wp\/v2\/product"}],"about":[{"href":"https:\/\/nabytoklaguna.sk\/sk\/wp-json\/wp\/v2\/types\/product"}],"replies":[{"embeddable":true,"href":"https:\/\/nabytoklaguna.sk\/sk\/wp-json\/wp\/v2\/comments?post=117765"}],"wp:featuredmedia":[{"embeddable":true,"href":"https:\/\/nabytoklaguna.sk\/sk\/wp-json\/wp\/v2\/media\/117773"}],"wp:attachment":[{"href":"https:\/\/nabytoklaguna.sk\/sk\/wp-json\/wp\/v2\/media?parent=117765"}],"wp:term":[{"taxonomy":"product_brand","embeddable":true,"href":"https:\/\/nabytoklaguna.sk\/sk\/wp-json\/wp\/v2\/product_brand?post=117765"},{"taxonomy":"product_cat","embeddable":true,"href":"https:\/\/nabytoklaguna.sk\/sk\/wp-json\/wp\/v2\/product_cat?post=117765"},{"taxonomy":"product_tag","embeddable":true,"href":"https:\/\/nabytoklaguna.sk\/sk\/wp-json\/wp\/v2\/product_tag?post=117765"}],"curies":[{"name":"wp","href":"https:\/\/api.w.org\/{rel}","templated":true}]}}