{"id":117834,"date":"2023-06-06T14:34:39","date_gmt":"2023-06-06T12:34:39","guid":{"rendered":"https:\/\/nabytoklaguna.sk\/sk\/?post_type=product&#038;p=117834"},"modified":"2025-09-25T09:51:34","modified_gmt":"2025-09-25T07:51:34","slug":"postel-vivien","status":"publish","type":"product","link":"https:\/\/nabytoklaguna.sk\/sk\/produkt\/postel-vivien\/","title":{"rendered":"P VIVIEN"},"content":{"rendered":"<p>Luxusn\u00e1 boxspringov\u00e1\u00a0<b>poste\u013e VIVIEN<\/b>\u00a0sa postar\u00e1 o maxim\u00e1lne pohodlie. <strong>Sp\u00e1nok<\/strong> patr\u00ed medzi <strong>najd\u00f4le\u017eitej\u0161ie faktory<\/strong> \u00faspe\u0161n\u00e9ho d\u0148a, tak pre\u010do ho nestr\u00e1vi\u0165 na kvalitnej posteli <strong>VIVIEN<\/strong>.<strong>\u00a0L\u00e1tky s\u00fa dostupn\u00e9 v\u00a0\u0161irokej \u0161k\u00e1le kvalitn\u00fdch vodeodoln\u00fdch a \u013eahko um\u00fdvate\u013en\u00fdch l\u00e1tok.\u00a0<\/strong>\u00a0Dokonal\u00fd odpo\u010dinok zabezpe\u010duje kvalitn\u00fd matrac z bonelov\u00fdch pru\u017e\u00edn. Kon\u0161trukcia postele je dreven\u00e1, pevn\u00e1 a zaru\u010duje\u00a0<b>nosnos\u0165 na jedno l\u00f4\u017eko a\u017e 140 kg.<\/b>\u00a0<b>Vysok\u00e9 \u010delo<\/b> p\u00f4sob\u00ed v\u010faka obl\u00fdm hran\u00e1m m\u00e4kko a ne\u017ene. <b>Spodn\u00e1 kon\u0161trukcia je dreven\u00e1<\/b>, \u010dal\u00fanen\u00e1 l\u00e1tkou, nahr\u00e1dza klasick\u00fd lamelov\u00fd ro\u0161t. Na nej je matrac, ktor\u00fd obsahuje\u00a0<b>kvalitn\u00e9 jadro z bonelov\u00fdch pru\u017e\u00edn<\/b>. Ur\u010dite ocen\u00edte aj\u00a0<b>\u00falo\u017en\u00fd priestor<\/b>, ktor\u00fd je s\u00fa\u010das\u0165ou postele. Dostanete sa k nemu <strong>vyklopen\u00edm ro\u0161tovej dosky s matracom<\/strong>.<\/p>\n<p>&nbsp;<\/p>\n<table class=\"table-data-sheet\">\n<tbody>\n<tr class=\"odd\">\n<td><b>Materi\u00e1l:<\/b><\/td>\n<td>l\u00e1tka\/drevo<\/td>\n<\/tr>\n<tr class=\"even\">\n<td><b>Farba:<\/b><\/td>\n<td>Pod\u013ea vzorkovn\u00edka<\/td>\n<\/tr>\n<tr class=\"even\">\n<td><b>Rozmery (\u0160xHxV): 140<\/b><\/td>\n<td>145 x 210 x 57-104 cm\u00a0 \u00a0\/140\u00d7200 cm\/<\/td>\n<\/tr>\n<tr class=\"even\">\n<td><b>Rozmery (\u0160xHxV): 160<\/b><\/td>\n<td>165 x 210 x 57-104 cm\u00a0 \u00a0\/160\u00d7200 cm\/<\/td>\n<\/tr>\n<tr>\n<td><b>Rozmery (\u0160xHxV): 180<\/b><\/td>\n<td>185 x 210 x 57-104 cm\u00a0 \u00a0 \/180\u00d7200 cm\/<\/td>\n<\/tr>\n<tr class=\"even\">\n<td>Sp\u00f4sob dodania<\/td>\n<td>demont<\/td>\n<\/tr>\n<tr class=\"even\">\n<td>\u00dalo\u017en\u00fd priestor<\/td>\n<td>\u00e1no<\/td>\n<\/tr>\n<\/tbody>\n<\/table>\n<p>Nastavenie displeja m\u00f4\u017ee sp\u00f4sobi\u0165 odch\u00fdlku vo farbe vzoriek po\u0165ahov\u00fdch l\u00e1tok.<\/p>\n<p><b>Do pozn\u00e1mky n\u00e1m uve\u010fte vami vybran\u00fa po\u0165ahov\u00fa l\u00e1tku.<\/b><\/p>\n","protected":false},"excerpt":{"rendered":"<p>Luxusn\u00e1 boxspringov\u00e1\u00a0poste\u013e VIVIEN\u00a0sa postar\u00e1 o maxim\u00e1lne pohodlie. Sp\u00e1nok patr\u00ed medzi najd\u00f4le\u017eitej\u0161ie faktory \u00faspe\u0161n\u00e9ho d\u0148a, tak pre\u010do ho nestr\u00e1vi\u0165 na kvalitnej posteli VIVIEN.\u00a0L\u00e1tky s\u00fa dostupn\u00e9 v\u00a0\u0161irokej \u0161k\u00e1le kvalitn\u00fdch vodeodoln\u00fdch a \u013eahko um\u00fdvate\u013en\u00fdch l\u00e1tok.\u00a0\u00a0Dokonal\u00fd odpo\u010dinok zabezpe\u010duje kvalitn\u00fd matrac z bonelov\u00fdch pru\u017e\u00edn. Kon\u0161trukcia postele je dreven\u00e1, pevn\u00e1 a zaru\u010duje\u00a0nosnos\u0165 na jedno l\u00f4\u017eko a\u017e 140 kg.\u00a0Vysok\u00e9 \u010delo p\u00f4sob\u00ed v\u010faka&#8230;<\/p>\n","protected":false},"featured_media":117838,"comment_status":"closed","ping_status":"closed","template":"","meta":{"_seopress_robots_primary_cat":"none","_seopress_titles_title":"","_seopress_titles_desc":"","_seopress_robots_index":""},"product_brand":[],"product_cat":[223,228,617],"product_tag":[],"class_list":{"0":"post-117834","1":"product","2":"type-product","3":"status-publish","4":"has-post-thumbnail","6":"product_cat-spalne","7":"product_cat-calunene-postele","8":"product_cat-boxspring-postele","9":"pa_typ-produktu-bez-toppera","10":"pa_typ-produktu-s-topperom","12":"first","13":"onbackorder","14":"shipping-taxable","15":"purchasable","16":"product-type-variable"},"_links":{"self":[{"href":"https:\/\/nabytoklaguna.sk\/sk\/wp-json\/wp\/v2\/product\/117834","targetHints":{"allow":["GET"]}}],"collection":[{"href":"https:\/\/nabytoklaguna.sk\/sk\/wp-json\/wp\/v2\/product"}],"about":[{"href":"https:\/\/nabytoklaguna.sk\/sk\/wp-json\/wp\/v2\/types\/product"}],"replies":[{"embeddable":true,"href":"https:\/\/nabytoklaguna.sk\/sk\/wp-json\/wp\/v2\/comments?post=117834"}],"wp:featuredmedia":[{"embeddable":true,"href":"https:\/\/nabytoklaguna.sk\/sk\/wp-json\/wp\/v2\/media\/117838"}],"wp:attachment":[{"href":"https:\/\/nabytoklaguna.sk\/sk\/wp-json\/wp\/v2\/media?parent=117834"}],"wp:term":[{"taxonomy":"product_brand","embeddable":true,"href":"https:\/\/nabytoklaguna.sk\/sk\/wp-json\/wp\/v2\/product_brand?post=117834"},{"taxonomy":"product_cat","embeddable":true,"href":"https:\/\/nabytoklaguna.sk\/sk\/wp-json\/wp\/v2\/product_cat?post=117834"},{"taxonomy":"product_tag","embeddable":true,"href":"https:\/\/nabytoklaguna.sk\/sk\/wp-json\/wp\/v2\/product_tag?post=117834"}],"curies":[{"name":"wp","href":"https:\/\/api.w.org\/{rel}","templated":true}]}}