{"id":117868,"date":"2023-06-07T13:55:31","date_gmt":"2023-06-07T11:55:31","guid":{"rendered":"https:\/\/nabytoklaguna.sk\/sk\/?post_type=product&#038;p=117868"},"modified":"2026-03-03T11:34:50","modified_gmt":"2026-03-03T10:34:50","slug":"postel-ronaldo","status":"publish","type":"product","link":"https:\/\/nabytoklaguna.sk\/sk\/produkt\/postel-ronaldo\/","title":{"rendered":"P RONALDO"},"content":{"rendered":"<p><strong>RONALDO<\/strong> pon\u00faka maxim\u00e1lny <strong>komfort<\/strong>\u00a0a\u00a0<strong>relax<\/strong>. Rann\u00e9 vst\u00e1vanie sa zmen\u00ed na\u00a0<strong>rados\u0165<\/strong>, ktor\u00e1 sprev\u00e1dza telo a du\u0161u po cel\u00fd de\u0148. Postele\u00a0<strong>box-spring<\/strong>\u00a0s\u00fa zn\u00e1me u\u017e desiatky rokov predov\u0161etk\u00fdm z\u00a0<strong>luxusn\u00fdch<\/strong>\u00a0hotelov. Va\u0161a poste\u013e bude\u00a0<strong>origin\u00e1lny<\/strong> kus. Okraj postele\u00a0<strong>prevy\u0161uje<\/strong>\u00a0z\u00e1kladn\u00fd box Spring a zabra\u0148uje tzv.\u00a0<strong>sklzu<\/strong> horn\u00e9ho matraca. Dokonal\u00fd odpo\u010dinok zabezpe\u010duje kvalitn\u00fd matrac z bonelov\u00fdch pru\u017e\u00edn a PUR peny. <strong>L\u00e1tky s\u00fa dostupn\u00e9 v \u0161irokej \u0161k\u00e1le kvalitn\u00fdch vodeodoln\u00fdch a \u013eahko um\u00fdvate\u013en\u00fdch l\u00e1tok. <\/strong><b>Spodn\u00e1 kon\u0161trukcia je dreven\u00e1<\/b>, \u010dal\u00fanen\u00e1 l\u00e1tkou, nahr\u00e1dza klasick\u00fd lamelov\u00fd ro\u0161t. Na nej je matrac, ktor\u00fd obsahuje\u00a0<b>kvalitn\u00e9 jadro z bonelov\u00fdch pru\u017e\u00edn<\/b>. Ur\u010dite ocen\u00edte aj\u00a0<b>\u00falo\u017en\u00fd priestor<\/b>, ktor\u00fd je s\u00fa\u010das\u0165ou postele. Dostanete sa k nemu\u00a0<strong>vyklopen\u00edm ro\u0161tovej dosky s matracom<\/strong>.<\/p>\n<p><strong>Topper nie je s\u00fa\u010das\u0165ou postele<\/strong>.\u00a0<strong>Teraz je mo\u017en\u00e9 ho zak\u00fapi\u0165 za zv\u00fdhodnen\u00fa cenu 114,- EUR !<\/strong><\/p>\n<p>Hr\u00fabka toppera je 3,5 \u2013 4 cm<\/p>\n<table class=\"table-data-sheet\">\n<tbody>\n<tr class=\"odd\">\n<td><b>Materi\u00e1l:<\/b><\/td>\n<td>l\u00e1tka\/drevo<\/td>\n<\/tr>\n<tr class=\"even\">\n<td><b>Farba:<\/b><\/td>\n<td>Pod\u013ea vzorkovn\u00edka<\/td>\n<\/tr>\n<tr class=\"even\">\n<td><b>Rozmery (\u0160xHxV): 90<\/b><\/td>\n<td>96 x 213 x 57-104 cm\u00a0 \u00a0\/ 90 \u00d7 200 cm\/<\/td>\n<\/tr>\n<tr>\n<td><b><strong>Max. nosnos\u0165 postele<\/strong>:<\/b><\/td>\n<td>130 kg<\/td>\n<\/tr>\n<tr class=\"even\">\n<td>Sp\u00f4sob dodania<\/td>\n<td>demont<\/td>\n<\/tr>\n<tr class=\"even\">\n<td>\u00dalo\u017en\u00fd priestor<\/td>\n<td>\u00e1no<\/td>\n<\/tr>\n<\/tbody>\n<\/table>\n<p>Nastavenie displeja m\u00f4\u017ee sp\u00f4sobi\u0165 odch\u00fdlku vo farbe vzoriek po\u0165ahov\u00fdch l\u00e1tok.<\/p>\n<p><b>Do pozn\u00e1mky n\u00e1m uve\u010fte vami vybran\u00fa po\u0165ahov\u00fa l\u00e1tku.<\/b><\/p>\n","protected":false},"excerpt":{"rendered":"<p>RONALDO pon\u00faka maxim\u00e1lny komfort\u00a0a\u00a0relax. Rann\u00e9 vst\u00e1vanie sa zmen\u00ed na\u00a0rados\u0165, ktor\u00e1 sprev\u00e1dza telo a du\u0161u po cel\u00fd de\u0148. Postele\u00a0box-spring\u00a0s\u00fa zn\u00e1me u\u017e desiatky rokov predov\u0161etk\u00fdm z\u00a0luxusn\u00fdch\u00a0hotelov. Va\u0161a poste\u013e bude\u00a0origin\u00e1lny kus. Okraj postele\u00a0prevy\u0161uje\u00a0z\u00e1kladn\u00fd box Spring a zabra\u0148uje tzv.\u00a0sklzu horn\u00e9ho matraca. Dokonal\u00fd odpo\u010dinok zabezpe\u010duje kvalitn\u00fd matrac z bonelov\u00fdch pru\u017e\u00edn a PUR peny. L\u00e1tky s\u00fa dostupn\u00e9 v \u0161irokej \u0161k\u00e1le kvalitn\u00fdch&#8230;<\/p>\n","protected":false},"featured_media":117876,"comment_status":"closed","ping_status":"closed","template":"","meta":{"_seopress_robots_primary_cat":"none","_seopress_titles_title":"","_seopress_titles_desc":"","_seopress_robots_index":""},"product_brand":[],"product_cat":[4012,223,228,234,617],"product_tag":[],"class_list":{"0":"post-117868","1":"product","2":"type-product","3":"status-publish","4":"has-post-thumbnail","6":"product_cat-postele","7":"product_cat-spalne","8":"product_cat-calunene-postele","9":"product_cat-detske-postele","10":"product_cat-boxspring-postele","12":"first","13":"onbackorder","14":"shipping-taxable","15":"purchasable","16":"product-type-simple"},"_links":{"self":[{"href":"https:\/\/nabytoklaguna.sk\/sk\/wp-json\/wp\/v2\/product\/117868","targetHints":{"allow":["GET"]}}],"collection":[{"href":"https:\/\/nabytoklaguna.sk\/sk\/wp-json\/wp\/v2\/product"}],"about":[{"href":"https:\/\/nabytoklaguna.sk\/sk\/wp-json\/wp\/v2\/types\/product"}],"replies":[{"embeddable":true,"href":"https:\/\/nabytoklaguna.sk\/sk\/wp-json\/wp\/v2\/comments?post=117868"}],"wp:featuredmedia":[{"embeddable":true,"href":"https:\/\/nabytoklaguna.sk\/sk\/wp-json\/wp\/v2\/media\/117876"}],"wp:attachment":[{"href":"https:\/\/nabytoklaguna.sk\/sk\/wp-json\/wp\/v2\/media?parent=117868"}],"wp:term":[{"taxonomy":"product_brand","embeddable":true,"href":"https:\/\/nabytoklaguna.sk\/sk\/wp-json\/wp\/v2\/product_brand?post=117868"},{"taxonomy":"product_cat","embeddable":true,"href":"https:\/\/nabytoklaguna.sk\/sk\/wp-json\/wp\/v2\/product_cat?post=117868"},{"taxonomy":"product_tag","embeddable":true,"href":"https:\/\/nabytoklaguna.sk\/sk\/wp-json\/wp\/v2\/product_tag?post=117868"}],"curies":[{"name":"wp","href":"https:\/\/api.w.org\/{rel}","templated":true}]}}