{"id":118255,"date":"2023-06-15T14:50:10","date_gmt":"2023-06-15T12:50:10","guid":{"rendered":"https:\/\/nabytoklaguna.sk\/sk\/?post_type=product&#038;p=118255"},"modified":"2024-04-17T13:22:20","modified_gmt":"2024-04-17T11:22:20","slug":"aston-vi","status":"publish","type":"product","link":"https:\/\/nabytoklaguna.sk\/sk\/produkt\/aston-vi\/","title":{"rendered":"ORLANDO 100 skri\u0148a"},"content":{"rendered":"<p>Posuvn\u00e1 skri\u0148a<strong> ORLANDO 100<\/strong>\u00a0 je dokonal\u00fd sp\u00f4sob, ako si zorganizova\u0165 priestor. N\u00e1bytok je vybaven\u00fd <strong>priestrann\u00fdmi policami a ty\u010dou<\/strong>, na ktor\u00fa m\u00f4\u017eete zavesi\u0165 \u0161aty, obleky, vrchn\u00e9 odevy alebo ko\u0161ele. Na prednej strane je<strong> zrkadlo a charakteristick\u00e9 horizont\u00e1lne pruhy v striebornej farbe<\/strong>, ktor\u00e9 dod\u00e1vaj\u00fa n\u00e1bytku <strong>jedine\u010dn\u00fd \u0161tyl<\/strong>. V\u010faka tomu, \u017ee je skri\u0148a <strong>posuvn\u00e1<\/strong>, nemus\u00edte ur\u010dova\u0165 \u010fal\u0161ie miesto na otv\u00e1ranie dver\u00ed, \u010do z nej rob\u00ed ide\u00e1lne rie\u0161enie do malej miestnosti alebo \u00fazkej chodby.<\/p>\n<table class=\"table-data-sheet\">\n<tbody>\n<tr class=\"odd\">\n<td>H\u013abka<\/td>\n<td>58 cm<\/td>\n<\/tr>\n<tr class=\"even\">\n<td>\u0160\u00edrka<\/td>\n<td>100 cm<\/td>\n<\/tr>\n<tr class=\"odd\">\n<td>V\u00fd\u0161ka<\/td>\n<td>200 cm<\/td>\n<\/tr>\n<tr class=\"even\">\n<td>\u0160t\u00fdl n\u00e1bytku<\/td>\n<td>modern\u00fd<\/td>\n<\/tr>\n<tr class=\"odd\">\n<td>Z\u00e1ruka<\/td>\n<td>2 roky<\/td>\n<\/tr>\n<tr class=\"odd\">\n<td>Hmotnos\u0165<\/td>\n<td>90 kg<\/td>\n<\/tr>\n<tr>\n<td>Dodanie<\/td>\n<td>v demonte<\/td>\n<\/tr>\n<\/tbody>\n<\/table>\n","protected":false},"excerpt":{"rendered":"<p>Posuvn\u00e1 skri\u0148a ORLANDO 100\u00a0 je dokonal\u00fd sp\u00f4sob, ako si zorganizova\u0165 priestor. N\u00e1bytok je vybaven\u00fd priestrann\u00fdmi policami a ty\u010dou, na ktor\u00fa m\u00f4\u017eete zavesi\u0165 \u0161aty, obleky, vrchn\u00e9 odevy alebo ko\u0161ele. Na prednej strane je zrkadlo a charakteristick\u00e9 horizont\u00e1lne pruhy v striebornej farbe, ktor\u00e9 dod\u00e1vaj\u00fa n\u00e1bytku jedine\u010dn\u00fd \u0161tyl. V\u010faka tomu, \u017ee je skri\u0148a posuvn\u00e1, nemus\u00edte ur\u010dova\u0165 \u010fal\u0161ie miesto&#8230;<\/p>\n","protected":false},"featured_media":121166,"comment_status":"closed","ping_status":"closed","template":"","meta":{"_seopress_robots_primary_cat":"none","_seopress_titles_title":"","_seopress_titles_desc":"","_seopress_robots_index":""},"product_brand":[],"product_cat":[1585,223,225],"product_tag":[],"class_list":{"0":"post-118255","1":"product","2":"type-product","3":"status-publish","4":"has-post-thumbnail","6":"product_cat-s-posuvnymi-dverami","7":"product_cat-spalne","8":"product_cat-skrine","10":"first","11":"instock","12":"shipping-taxable","13":"purchasable","14":"product-type-variable"},"_links":{"self":[{"href":"https:\/\/nabytoklaguna.sk\/sk\/wp-json\/wp\/v2\/product\/118255","targetHints":{"allow":["GET"]}}],"collection":[{"href":"https:\/\/nabytoklaguna.sk\/sk\/wp-json\/wp\/v2\/product"}],"about":[{"href":"https:\/\/nabytoklaguna.sk\/sk\/wp-json\/wp\/v2\/types\/product"}],"replies":[{"embeddable":true,"href":"https:\/\/nabytoklaguna.sk\/sk\/wp-json\/wp\/v2\/comments?post=118255"}],"wp:featuredmedia":[{"embeddable":true,"href":"https:\/\/nabytoklaguna.sk\/sk\/wp-json\/wp\/v2\/media\/121166"}],"wp:attachment":[{"href":"https:\/\/nabytoklaguna.sk\/sk\/wp-json\/wp\/v2\/media?parent=118255"}],"wp:term":[{"taxonomy":"product_brand","embeddable":true,"href":"https:\/\/nabytoklaguna.sk\/sk\/wp-json\/wp\/v2\/product_brand?post=118255"},{"taxonomy":"product_cat","embeddable":true,"href":"https:\/\/nabytoklaguna.sk\/sk\/wp-json\/wp\/v2\/product_cat?post=118255"},{"taxonomy":"product_tag","embeddable":true,"href":"https:\/\/nabytoklaguna.sk\/sk\/wp-json\/wp\/v2\/product_tag?post=118255"}],"curies":[{"name":"wp","href":"https:\/\/api.w.org\/{rel}","templated":true}]}}