{"id":118299,"date":"2023-06-29T14:23:59","date_gmt":"2023-06-29T12:23:59","guid":{"rendered":"https:\/\/nabytoklaguna.sk\/sk\/?post_type=product&#038;p=118299"},"modified":"2025-09-24T14:45:36","modified_gmt":"2025-09-24T12:45:36","slug":"postel-pierre","status":"publish","type":"product","link":"https:\/\/nabytoklaguna.sk\/sk\/produkt\/postel-pierre\/","title":{"rendered":"P PIERRE"},"content":{"rendered":"<p>Predstavujeme V\u00e1m novinku na trhu ktorou je luxusn\u00e1 boxspringov\u00e1 <b>poste\u013e PIERRE.<\/b> Vyzna\u010duje<b>\u00a0osobit\u00fdm\u00a0vzh\u013eadom\u00a0a\u00a0starostliv\u00fdm\u00a0spracovan\u00edm<\/b> do toho najmen\u0161ieho detailu.<strong>\u00a0Dizajnov\u00e1\u00a0<\/strong>poste\u013e <b><strong>PIERRE<\/strong>\u00a0je vyroben\u00e1 z kvalitn\u00fdch materi\u00e1lov<\/b> a poskytuje maxim\u00e1lny relax a odpo\u010dinok. <b>\u0160t\u00fdlov\u00e9 pre\u0161itie <\/b>\u010dal\u00fanenia \u010dela postele\u00a0 z nej urob\u00ed klenot vo Va\u0161ej sp\u00e1lni. Poste\u013e je dostupn\u00e1<strong> v \u0161irokej \u0161k\u00e1le kvalitn\u00fdch vodeodoln\u00fdch a \u013eahko um\u00fdvate\u013en\u00fdch l\u00e1tok, <\/strong>po\u0165ahov\u00fa\u00a0l\u00e1tku si m\u00f4\u017eete\u00a0vybra\u0165\u00a0v r\u00f4znych\u00a0farb\u00e1ch\u00a0a\u00a0\u0161t\u00fdloch. Dokonal\u00fd odpo\u010dinok zabezpe\u010duje <strong>kvalitn\u00fd matrac z bonelov\u00fdch pru\u017e\u00edn<\/strong><strong>\u00a0<\/strong>s nad\u0161tandardnou v\u00fd\u0161kou a vy\u0161\u0161ou pevnos\u0165ou m\u00e1 tvarov\u00fa st\u00e1los\u0165, je vzdu\u0161n\u00fd, \u010do zabezpe\u010duje spr\u00e1vnu mikrokl\u00edmu a komfort. K maxim\u00e1lnemu pohodliu prispeje <strong>TOPPER z HR alebo VISCO peny za pr\u00edplatok<\/strong>. Kon\u0161trukcia postele je dreven\u00e1, pevn\u00e1 a zaru\u010duje\u00a0<b>nosnos\u0165 na jedno l\u00f4\u017eko a\u017e 140 kg.<\/b>\u00a0<b>Spodn\u00e1 kon\u0161trukcia je dreven\u00e1<\/b>, \u010dal\u00fanen\u00e1 l\u00e1tkou, nahr\u00e1dza klasick\u00fd lamelov\u00fd ro\u0161t. Ur\u010dite ocen\u00edte aj <b>\u00falo\u017en\u00fd priestor<\/b>, ktor\u00fd je s\u00fa\u010das\u0165ou postele. Dostanete sa k nemu <strong>vyklopen\u00edm ro\u0161tovej dosky s matracom<\/strong>.<\/p>\n<p>Hr\u00fabka toppera je 3,5 &#8211; 4 cm<\/p>\n<table class=\"table-data-sheet\">\n<tbody>\n<tr class=\"odd\">\n<td><b>Materi\u00e1l:<\/b><\/td>\n<td>l\u00e1tka\/drevo<\/td>\n<\/tr>\n<tr class=\"even\">\n<td><b>Farba:<\/b><\/td>\n<td>Pod\u013ea vzorkovn\u00edka<\/td>\n<\/tr>\n<tr class=\"even\">\n<td><b>Rozmery (\u0160xHxV): 140<\/b><\/td>\n<td>145 x 210 x 57-96,5 cm\u00a0 \u00a0\/140\u00d7200 cm\/<\/td>\n<\/tr>\n<tr class=\"even\">\n<td><b>Rozmery (\u0160xHxV): 160<\/b><\/td>\n<td>165 x 210 x 57-96,5 cm\u00a0 \u00a0\/160\u00d7200 cm\/<\/td>\n<\/tr>\n<tr>\n<td><b>Rozmery (\u0160xHxV): 180<\/b><\/td>\n<td>185 x 210 x 57-96,5 cm\u00a0 \u00a0 \/180\u00d7200 cm\/<\/td>\n<\/tr>\n<tr class=\"even\">\n<td>Sp\u00f4sob dodania<\/td>\n<td>demont<\/td>\n<\/tr>\n<tr class=\"even\">\n<td>\u00dalo\u017en\u00fd priestor<\/td>\n<td>\u00e1no<\/td>\n<\/tr>\n<\/tbody>\n<\/table>\n<p>Nastavenie displeja m\u00f4\u017ee sp\u00f4sobi\u0165 odch\u00fdlku vo farbe vzoriek po\u0165ahov\u00fdch l\u00e1tok.<\/p>\n<p><b>Do pozn\u00e1mky n\u00e1m uve\u010fte vami vybran\u00fa po\u0165ahov\u00fa l\u00e1tku.<\/b><\/p>\n","protected":false},"excerpt":{"rendered":"<p>Predstavujeme V\u00e1m novinku na trhu ktorou je luxusn\u00e1 boxspringov\u00e1 poste\u013e PIERRE. Vyzna\u010duje\u00a0osobit\u00fdm\u00a0vzh\u013eadom\u00a0a\u00a0starostliv\u00fdm\u00a0spracovan\u00edm do toho najmen\u0161ieho detailu.\u00a0Dizajnov\u00e1\u00a0poste\u013e PIERRE\u00a0je vyroben\u00e1 z kvalitn\u00fdch materi\u00e1lov a poskytuje maxim\u00e1lny relax a odpo\u010dinok. \u0160t\u00fdlov\u00e9 pre\u0161itie \u010dal\u00fanenia \u010dela postele\u00a0 z nej urob\u00ed klenot vo Va\u0161ej sp\u00e1lni. Poste\u013e je dostupn\u00e1 v \u0161irokej \u0161k\u00e1le kvalitn\u00fdch vodeodoln\u00fdch a \u013eahko um\u00fdvate\u013en\u00fdch l\u00e1tok, po\u0165ahov\u00fa\u00a0l\u00e1tku si m\u00f4\u017eete\u00a0vybra\u0165\u00a0v r\u00f4znych\u00a0farb\u00e1ch\u00a0a\u00a0\u0161t\u00fdloch&#8230;.<\/p>\n","protected":false},"featured_media":124743,"comment_status":"closed","ping_status":"closed","template":"","meta":{"_seopress_robots_primary_cat":"none","_seopress_titles_title":"","_seopress_titles_desc":"","_seopress_robots_index":""},"product_brand":[],"product_cat":[223,228,617],"product_tag":[],"class_list":{"0":"post-118299","1":"product","2":"type-product","3":"status-publish","4":"has-post-thumbnail","6":"product_cat-spalne","7":"product_cat-calunene-postele","8":"product_cat-boxspring-postele","9":"pa_typ-produktu-bez-toppera","10":"pa_typ-produktu-s-topperom-z-hr-peny","11":"pa_typ-produktu-s-topperom-z-visco-peny","13":"first","14":"onbackorder","15":"sale","16":"shipping-taxable","17":"purchasable","18":"product-type-variable"},"_links":{"self":[{"href":"https:\/\/nabytoklaguna.sk\/sk\/wp-json\/wp\/v2\/product\/118299","targetHints":{"allow":["GET"]}}],"collection":[{"href":"https:\/\/nabytoklaguna.sk\/sk\/wp-json\/wp\/v2\/product"}],"about":[{"href":"https:\/\/nabytoklaguna.sk\/sk\/wp-json\/wp\/v2\/types\/product"}],"replies":[{"embeddable":true,"href":"https:\/\/nabytoklaguna.sk\/sk\/wp-json\/wp\/v2\/comments?post=118299"}],"wp:featuredmedia":[{"embeddable":true,"href":"https:\/\/nabytoklaguna.sk\/sk\/wp-json\/wp\/v2\/media\/124743"}],"wp:attachment":[{"href":"https:\/\/nabytoklaguna.sk\/sk\/wp-json\/wp\/v2\/media?parent=118299"}],"wp:term":[{"taxonomy":"product_brand","embeddable":true,"href":"https:\/\/nabytoklaguna.sk\/sk\/wp-json\/wp\/v2\/product_brand?post=118299"},{"taxonomy":"product_cat","embeddable":true,"href":"https:\/\/nabytoklaguna.sk\/sk\/wp-json\/wp\/v2\/product_cat?post=118299"},{"taxonomy":"product_tag","embeddable":true,"href":"https:\/\/nabytoklaguna.sk\/sk\/wp-json\/wp\/v2\/product_tag?post=118299"}],"curies":[{"name":"wp","href":"https:\/\/api.w.org\/{rel}","templated":true}]}}