{"id":11830,"date":"2021-02-22T16:54:36","date_gmt":"2021-02-22T15:54:36","guid":{"rendered":"http:\/\/nabytoklaguna.sk\/sk\/?post_type=product&#038;p=11830"},"modified":"2025-08-18T14:53:59","modified_gmt":"2025-08-18T12:53:59","slug":"rea-pikachu","status":"publish","type":"product","link":"https:\/\/nabytoklaguna.sk\/sk\/produkt\/rea-pikachu\/","title":{"rendered":"DREVONA REA PIKACHU"},"content":{"rendered":"<p><strong>Detsk\u00e1 poschodov\u00e1 poste\u013e REA PIKACHU <\/strong>s kr\u00e1snym \u010dist\u00fdm dizajnom, \u00falo\u017en\u00fdm priestorom a schod\u00edkmi na<strong> \u013eavej alebo na pravej<\/strong> prednej strane. <strong>Pevn\u00e1 a bezpe\u010dn\u00e1<\/strong>. Poste\u013e je pevn\u00e1 a udr\u017e\u00ed aj dospel\u00e9ho \u010dloveka. Ka\u017ed\u00e9 l\u00f4\u017eko s rozmerom 80&#215;200 cm. Poschodov\u00e1 poste\u013e REA PIKACHU poste\u013e je pevn\u00e1 a bezpe\u010dn\u00e1. <strong>Vhodn\u00e1 do detsk\u00fdch a \u0161tudentsk\u00fdch izieb, chaty, hotely a ubytovne.<\/strong>\u00a0V\u0161ade tam, kde chcete u\u0161etri\u0165 miesto ale potrebujete kvalitu, tam je na\u0161a poschodov\u00e1 poste\u013e to prav\u00e9 rie\u0161enie pre v\u00e1s. Poste\u013e sa sklad\u00e1 z dvoch l\u00f4\u017eok, dosah vrchn\u00e9ho l\u00f4\u017eka je rebr\u00edkom umiestnen\u00fdm na \u013eavej strane.\u00a0<strong>Mysleli sme na bezpe\u010dnos\u0165 a preto je cel\u00fd korpus vyroben\u00fd z kvalitn\u00fdch drevotrieskov\u00fdch dosiek hr\u00fabky 25 mm s ABS hranami hr\u00fabky 2 mm.<\/strong> To je z\u00e1rukou stability celej kon\u0161trukcie poschodovej postele. Vrchn\u00e1 poste\u013e je vybaven\u00e1 l\u00f4\u017ekovou z\u00e1branou. <strong>\u00dalo\u017en\u00fd priestor<\/strong> v podobe ve\u013ekej z\u00e1suvky. Poste\u013e je dod\u00e1van\u00e1 <strong>vr\u00e1tane ro\u0161tu,<\/strong>\u00a0 bez matraca.<\/p>\n<p>Mo\u017enos\u0165 v\u00fdberu farebn\u00e9ho prevedenia pod\u013ea ponuky<strong>. <\/strong>K posteli si m\u00f4\u017eete dok\u00fapi\u0165 farebn\u00e9 \u010dielko priestrannej z\u00e1suvky, poste\u013e si farebne dolad\u00edte k ostatn\u00fdm doplnkom v izbe a cel\u00fa izbu tak spestr\u00edte. <strong>Kvalitn\u00fd slovensk\u00fd v\u00fdrobok.\u00a0 \u00a0<\/strong><\/p>\n<ul>\n<li><strong>schod\u00edky v\u013eavo\u00a0 \u00a0&#8211; \u013eav\u00e1 varianta\u00a0 \u00a0 &#8211; ozna\u010denie REA PIKACHU L<\/strong><\/li>\n<li><strong>schod\u00edky vpravo &#8211; prav\u00e1 varianta\u00a0 &#8211; ozna\u010denie REA PIKACHU P<\/strong><\/li>\n<li>pri objedn\u00e1vke zada\u0165 do pozn\u00e1mky<\/li>\n<\/ul>\n<p>Rozmery: \u0161xvxd: 98x168x206,4 cm.<\/p>\n<p>Spanie: 80&#215;200 cm.<\/p>\n<p>Poste\u013e je dod\u00e1van\u00e1 v demonte.<\/p>\n","protected":false},"excerpt":{"rendered":"<p><img loading=\"lazy\" decoding=\"async\" class=\"alignnone size-full wp-image-11719\" src=\"http:\/\/nabytoklaguna.sk\/sk\/wp-content\/uploads\/2017\/03\/slovensk\u00fd-znak-11.png\" alt=\"\" width=\"126\" height=\"126\" srcset=\"https:\/\/nabytoklaguna.sk\/sk\/wp-content\/uploads\/2017\/03\/slovensk\u00fd-znak-11.png 126w, https:\/\/nabytoklaguna.sk\/sk\/wp-content\/uploads\/2017\/03\/slovensk\u00fd-znak-11-100x100.png 100w\" sizes=\"auto, (max-width: 126px) 100vw, 126px\" \/><\/p>\n","protected":false},"featured_media":124597,"comment_status":"closed","ping_status":"closed","template":"","meta":{"_seopress_robots_primary_cat":"233","_seopress_titles_title":"","_seopress_titles_desc":"","_seopress_robots_index":""},"product_brand":[],"product_cat":[233],"product_tag":[],"class_list":{"0":"post-11830","1":"product","2":"type-product","3":"status-publish","4":"has-post-thumbnail","6":"product_cat-poschodove-postele","7":"pa_farba-biela","8":"pa_farba-buk","9":"pa_farba-cashmere","10":"pa_farba-dub-bardolino","11":"pa_farba-dub-canyon","12":"pa_farba-grafit","13":"pa_farba-lancelot","14":"pa_farba-orech-rockpile","15":"pa_farba-vicenza","17":"first","18":"instock","19":"shipping-taxable","20":"purchasable","21":"product-type-variable"},"_links":{"self":[{"href":"https:\/\/nabytoklaguna.sk\/sk\/wp-json\/wp\/v2\/product\/11830","targetHints":{"allow":["GET"]}}],"collection":[{"href":"https:\/\/nabytoklaguna.sk\/sk\/wp-json\/wp\/v2\/product"}],"about":[{"href":"https:\/\/nabytoklaguna.sk\/sk\/wp-json\/wp\/v2\/types\/product"}],"replies":[{"embeddable":true,"href":"https:\/\/nabytoklaguna.sk\/sk\/wp-json\/wp\/v2\/comments?post=11830"}],"wp:featuredmedia":[{"embeddable":true,"href":"https:\/\/nabytoklaguna.sk\/sk\/wp-json\/wp\/v2\/media\/124597"}],"wp:attachment":[{"href":"https:\/\/nabytoklaguna.sk\/sk\/wp-json\/wp\/v2\/media?parent=11830"}],"wp:term":[{"taxonomy":"product_brand","embeddable":true,"href":"https:\/\/nabytoklaguna.sk\/sk\/wp-json\/wp\/v2\/product_brand?post=11830"},{"taxonomy":"product_cat","embeddable":true,"href":"https:\/\/nabytoklaguna.sk\/sk\/wp-json\/wp\/v2\/product_cat?post=11830"},{"taxonomy":"product_tag","embeddable":true,"href":"https:\/\/nabytoklaguna.sk\/sk\/wp-json\/wp\/v2\/product_tag?post=11830"}],"curies":[{"name":"wp","href":"https:\/\/api.w.org\/{rel}","templated":true}]}}