{"id":118426,"date":"2023-07-04T13:13:23","date_gmt":"2023-07-04T11:13:23","guid":{"rendered":"https:\/\/nabytoklaguna.sk\/sk\/?post_type=product&#038;p=118426"},"modified":"2023-07-04T13:18:22","modified_gmt":"2023-07-04T11:18:22","slug":"system-antica-obyvacia-stena","status":"publish","type":"product","link":"https:\/\/nabytoklaguna.sk\/sk\/produkt\/system-antica-obyvacia-stena\/","title":{"rendered":"SYST\u00c9M ANTICA &#8211; ob\u00fdvacia stena"},"content":{"rendered":"<p><strong>Syst\u00e9m ANTICA<\/strong> sa vyzna\u010duje svojou dokonalos\u0165ou a prec\u00edznym spracovan\u00edm. T\u00e1to kolekcia s <strong>n\u00e1dychom antickej architekt\u00fary<\/strong> v detailoch ka\u017edej skrinky. Tento jedine\u010dn\u00fd n\u00e1bytok m\u00e1 zauj\u00edmav\u00fd dizajn a z jednotliv\u00fdch komponentov si m\u00f4\u017ete vysklada\u0165 ob\u00fdvaciu izbu ale taktie\u017e si zariadite sp\u00e1l\u0148ov\u00fa zostavu. Syst\u00e9m ANTICA je vyroben\u00fd z <strong>kvalitn\u00fdch materi\u00e1lov: kombin\u00e1cia mas\u00edv\/lamino\/kov.<\/strong> Z\u00e1suvky maj\u00fa <strong>plnov\u00fdsuv<\/strong>. N\u00e1bytok m\u00e1 <strong>ABS hrany a kovov\u00e9 \u00fachytky<\/strong> n\u00e1bytku dod\u00e1vaj\u00fa ten spr\u00e1vny \u0161mrnc. <strong>Led osvetlenie nieje v cene<\/strong>, je mo\u017en\u00e9 si ho dok\u00fapi\u0165<\/p>\n<p>Syst\u00e9m Antica sa vyr\u00e1ba v dvoch farebn\u00fdch prevedeniach:\u00a0<strong> craft zlat\u00fd, jase\u0148 jasn\u00fd\u00a0<\/strong><\/p>\n<p><strong>Ob\u00fdvacia stena pozost\u00e1va z:\u00a0<\/strong><\/p>\n<p><strong>1x Vitr\u00edna A12<\/strong> &#8211; (\u0160xHxV): 97x42x140,5cm<br \/>\n<strong>1x Komoda A2<\/strong> &#8211; (\u0160xHxV): 114x42x95,5cm<br \/>\n<strong>1x RTV stolik A4\u00a0<\/strong> &#8211; (\u0160xHxV): 142x42x50cm<br \/>\n<strong>1x Poli\u010dka A19<\/strong> &#8211; (\u0160xHxV): 120x18x32 cm<\/p>\n<p>&nbsp;<\/p>\n<p><strong>zo syst\u00e9mu ANTICA m\u00e1te mo\u017enos\u0165 dok\u00fapi\u0165:<\/strong><\/p>\n<p>Rozmery(\u0160xHxV):<\/p>\n<p>Skri\u0148a A16 &#8211; 107x58x198cm<br \/>\nSkri\u0148a A17 &#8211;\u00a0 67x58x198cm<br \/>\nVitr\u00edna A10 &#8211; 97x42x198cm<br \/>\nVitr\u00edna A11 &#8211; 67x42x198cm<br \/>\nVitr\u00edna A12 &#8211; 97x42x140,5cm<br \/>\nKomoda A3 &#8211; 82x42x127cm<br \/>\nKomoda A1 &#8211; 142x42x95,5 cm<br \/>\nKomoda A2 &#8211; 114x42x95,5cm<br \/>\nRTV stolik A4\u00a0 &#8211; 142x42x50cm<br \/>\nRTV stol\u00edk A15 &#8211; 162x42x50cm<br \/>\nZrkadlo A8 &#8211; 126x77cm<br \/>\nNo\u010dn\u00fd stol\u00edk A7 &#8211; 38,5x37x50cm<br \/>\nKonferen\u010dn\u00fd stol\u00edk A13 &#8211; 120x60x59cm<br \/>\nKonferen\u010dn\u00fd stol\u00edk A14 &#8211; 90x60x59cm<br \/>\nPoste\u013e A5 &#8211; 205x176x102. plocha na spanie, Poste\u013e je dod\u00e1van\u00e1 s ro\u0161tom, bez \u00falo\u017en\u00e9ho priestoru a bez matraca<br \/>\nZ\u00e1suvka pod poste\u013e\u00a0 A6 1ks &#8211; 150x48x19,5cm<\/p>\n<p>Poli\u010dka A19 &#8211; 120x18x32 cm<\/p>\n<p>&nbsp;<\/p>\n<p>Fotky s\u00fa ilustra\u010dn\u00e9 &#8211; nastavenie displeja m\u00f4\u017ee sp\u00f4sobi\u0165 odch\u00fdlku vo farbe produktu<\/p>\n","protected":false},"excerpt":{"rendered":"<p>Syst\u00e9m ANTICA sa vyzna\u010duje svojou dokonalos\u0165ou a prec\u00edznym spracovan\u00edm. T\u00e1to kolekcia s n\u00e1dychom antickej architekt\u00fary v detailoch ka\u017edej skrinky. Tento jedine\u010dn\u00fd n\u00e1bytok m\u00e1 zauj\u00edmav\u00fd dizajn a z jednotliv\u00fdch komponentov si m\u00f4\u017ete vysklada\u0165 ob\u00fdvaciu izbu ale taktie\u017e si zariadite sp\u00e1l\u0148ov\u00fa zostavu. Syst\u00e9m ANTICA je vyroben\u00fd z kvalitn\u00fdch materi\u00e1lov: kombin\u00e1cia mas\u00edv\/lamino\/kov. Z\u00e1suvky maj\u00fa plnov\u00fdsuv. N\u00e1bytok m\u00e1 ABS&#8230;<\/p>\n","protected":false},"featured_media":118418,"comment_status":"closed","ping_status":"closed","template":"","meta":{"_seopress_robots_primary_cat":"none","_seopress_titles_title":"","_seopress_titles_desc":"","_seopress_robots_index":""},"product_brand":[],"product_cat":[182,251],"product_tag":[],"class_list":{"0":"post-118426","1":"product","2":"type-product","3":"status-publish","4":"has-post-thumbnail","6":"product_cat-obyvacie-steny","7":"product_cat-steny","9":"first","10":"onbackorder","11":"sale","12":"shipping-taxable","13":"purchasable","14":"product-type-variable"},"_links":{"self":[{"href":"https:\/\/nabytoklaguna.sk\/sk\/wp-json\/wp\/v2\/product\/118426","targetHints":{"allow":["GET"]}}],"collection":[{"href":"https:\/\/nabytoklaguna.sk\/sk\/wp-json\/wp\/v2\/product"}],"about":[{"href":"https:\/\/nabytoklaguna.sk\/sk\/wp-json\/wp\/v2\/types\/product"}],"replies":[{"embeddable":true,"href":"https:\/\/nabytoklaguna.sk\/sk\/wp-json\/wp\/v2\/comments?post=118426"}],"wp:featuredmedia":[{"embeddable":true,"href":"https:\/\/nabytoklaguna.sk\/sk\/wp-json\/wp\/v2\/media\/118418"}],"wp:attachment":[{"href":"https:\/\/nabytoklaguna.sk\/sk\/wp-json\/wp\/v2\/media?parent=118426"}],"wp:term":[{"taxonomy":"product_brand","embeddable":true,"href":"https:\/\/nabytoklaguna.sk\/sk\/wp-json\/wp\/v2\/product_brand?post=118426"},{"taxonomy":"product_cat","embeddable":true,"href":"https:\/\/nabytoklaguna.sk\/sk\/wp-json\/wp\/v2\/product_cat?post=118426"},{"taxonomy":"product_tag","embeddable":true,"href":"https:\/\/nabytoklaguna.sk\/sk\/wp-json\/wp\/v2\/product_tag?post=118426"}],"curies":[{"name":"wp","href":"https:\/\/api.w.org\/{rel}","templated":true}]}}