{"id":118823,"date":"2023-07-14T15:08:16","date_gmt":"2023-07-14T13:08:16","guid":{"rendered":"https:\/\/nabytoklaguna.sk\/sk\/?post_type=product&#038;p=118823"},"modified":"2026-04-27T14:31:08","modified_gmt":"2026-04-27T12:31:08","slug":"ner-dorian-spalnova-zostava","status":"publish","type":"product","link":"https:\/\/nabytoklaguna.sk\/sk\/produkt\/ner-dorian-spalnova-zostava\/","title":{"rendered":"NER Dorian &#8211; sp\u00e1l\u0148ov\u00e1 zostava"},"content":{"rendered":"<p><strong>Sektorov\u00fd n\u00e1bytok NER DORIAN<\/strong> je\u00a0 kolekcia n\u00e1bytku ur\u010den\u00e1<strong> pre milovn\u00edkov modern\u00fdch rie\u0161en\u00ed,<\/strong> pre \u013eud\u00ed, ktor\u00ed radi sleduj\u00fa <strong>najnov\u0161ie trendy<\/strong> a riadia sa modern\u00fdmi a funk\u010dn\u00fdmi rie\u0161eniami. Ob\u00fdvac\u00ed sektor m\u00e1 mimoriadne m\u00f3dne <strong>dekorat\u00edvne li\u0161ty s LED osvetlen\u00edm v cene<\/strong>\u00a0 a v kombin\u00e1cii s teplou farbou dreva\u00a0 v dekore dub april rozhodne up\u00fataj\u00fa pozornos\u0165 a bud\u00fa <strong>dominantou ka\u017edej miestnosti.<\/strong>\u00a0 Poste\u013e je dod\u00e1van\u00e1 <strong>vr\u00e1tane kvalitn\u00e9ho lamelov\u00e9ho ro\u0161tu v cene.<\/strong> \u0160atn\u00edkov\u00e1 skri\u0148a je \u00fa\u010delne rozdelen\u00e1 na ve\u0161iakov\u00fa a policov\u00fa \u010das\u0165 a m\u00e1\u00a0 praktick\u00e9 posuvn\u00e9 dvere. N\u00e1bytok je vyroben\u00fd z kvalitn\u00fdch materi\u00e1lov. Korpus je tvoren\u00fd kvalitnou\u00a0 laminovanou doskou v dekore dub april\/ \u010dierna, dvierka su z kvalitnej MDF v dekore dub april. n\u00e1bytok je vyr\u00e1ban\u00fd s bezpe\u010dnostn\u00fdmi <strong>ABS hranam<\/strong>i, a syst\u00e9mom s<strong> tich\u00fdm dovieran\u00edm.<\/strong>\u00a0 Kolekcia m\u00e1 \u010dist\u00e9 a jednoduch\u00e9 l\u00ednie, ktor\u00e9 s\u00fa pod\u010diarknut\u00e9 vkusn\u00fdmi <strong>\u010diernymi\u00a0 \u00fachytkami<\/strong>. Vitr\u00edny maj\u00fa <strong>prieh\u013eadn\u00e9 tvrden\u00e9 sklo<\/strong> a je mo\u017en\u00e9 k n\u00edm dok\u00fapi\u0165 biele <strong>LED osvetlenie za pr\u00edplatok<\/strong>. <strong>Sektorov\u00fd n\u00e1bytok NER DORIAN<\/strong> sa sklad\u00e1 z mnoh\u00fdch prvkov a tento \u0161irok\u00fd v\u00fdber V\u00e1m zaru\u010d\u00ed mo\u017enos\u0165 zostavi\u0165 si n\u00e1bytok do ob\u00fdva\u010dky alebo sp\u00e1lne pod\u013ea svojich vlastn\u00fdch predst\u00e1v a prian\u00ed. Dod\u00e1van\u00e9 v demonte.<\/p>\n<p><strong>NER Dorian &#8211; sp\u00e1l\u0148ov\u00e1 zostava pozost\u00e1va z:\u00a0<\/strong><\/p>\n<ul>\n<li><strong>skri\u0148a DORIAN DN13<\/strong>: \u0161\u00edrka: 235 cm, v\u00fd\u0161ka: 211 cm, h\u013abka: 62 cm,<\/li>\n<li><strong>poste\u013e DORIAN DN14\/160<\/strong>: \u0161\u00edrka: 182,2 cm, v\u00fd\u0161ka: 101,5 cm, h\u013abka: 206,5 cm, &#8211; \u00a0neosvetlen\u00e1 li\u0161ta &#8211; mo\u017enos\u0165 dok\u00fapi\u0165 LED<\/li>\n<li><strong>2x<\/strong>\u00a0<strong>no\u010dn\u00fd stol\u00edk DORIAN DN15<\/strong>: \u0161\u00edrka: 54cm, v\u00fd\u0161ka: 49 cm, h\u013abka: 39,5 cm, &#8211; neosvetlen\u00e1 li\u0161ta &#8211; mo\u017enos\u0165 dok\u00fapi\u0165 LED<\/li>\n<\/ul>\n<p>alebo <strong>ostatn\u00e9 komponenty zo sektoru NER\u00a0 DORIAN:<\/strong><\/p>\n<ul>\n<li><strong>TV skrinka DORIAN DN1<\/strong>: \u0161\u00edrka: 153 cm, v\u00fd\u0161ka: 54 cm, h\u013abka: 39,5 cm,<\/li>\n<li><strong>komoda DORIAN DN2<\/strong>: \u0161\u00edrka: 94,5 cm, v\u00fd\u0161ka: 84 cm, h\u013abka: 39,5 cm,<\/li>\n<li><strong>komoda DORIAN DN3<\/strong>: \u0161\u00edrka: 153 cm, v\u00fd\u0161ka: 84 cm, h\u013abka: 39,5 cm,<\/li>\n<li><strong>komoda s vitr\u00ednou DORIAN DN4<\/strong>: \u0161\u00edrka: 153 cm, v\u00fd\u0161ka: 84 cm, h\u013abka: 39,5 cm, &#8211; mo\u017enos\u0165 dok\u00fapi\u0165 bodov\u00e9 LED osvetlenie<\/li>\n<li><strong>n\u00edzka vitr\u00edna\u00a0DORIAN DN5<\/strong>: \u0161\u00edrka: 94,5 cm, v\u00fd\u0161ka: 144,5 cm, h\u013abka: 39,5 cm, &#8211; mo\u017enos\u0165 dok\u00fapi\u0165 bodov\u00e9 LED osvetlenie<\/li>\n<li><strong>vitr\u00edna \u013eav\u00e1 DORIAN DN6<\/strong>: \u0161\u00edrka: 63,5 cm, v\u00fd\u0161ka: 192 cm, h\u013abka: 39,5 cm, &#8211; mo\u017enos\u0165 dok\u00fapi\u0165 bodov\u00e9 LED osvetlenie<\/li>\n<li><strong>vitr\u00edna prav\u00e1\u00a0 DORIAN DN7<\/strong>: \u0161\u00edrka: 63,5 cm, v\u00fd\u0161ka: 192 cm, h\u013abka: 39,5 cm, &#8211; mo\u017enos\u0165 dok\u00fapi\u0165 bodov\u00e9 LED osvetlenie<\/li>\n<li><strong>skrinka l\/p DORIAN DN8<\/strong>: \u0161\u00edrka: 63,5 cm, v\u00fd\u0161ka: 192 cm, h\u013abka: 39,5 cm,<\/li>\n<li><strong>skri\u0148a DORIAN DN9<\/strong>: \u0161\u00edrka: 94,5 cm, v\u00fd\u0161ka: 192 cm, h\u013abka: 54 cm,<\/li>\n<li><strong>poli\u010dka DORIAN DN10<\/strong>: \u0161\u00edrka: 153 cm, v\u00fd\u0161ka: 22 cm, h\u013abka: 23,5 cm,<\/li>\n<li><strong>rozkladac\u00ed konferen\u010dn\u00fd stol\u00edk DORIAN DN11<\/strong>: \u0161\u00edrka: 114-144 cm, v\u00fd\u0161ka: 51,5 cm, h\u013abka: 68 cm,<\/li>\n<li><strong>rozkladac\u00ed jed\u00e1lensk\u00fd st\u00f4l DORIAN DN12<\/strong>: \u0161\u00edrka: 160-200 cm, v\u00fd\u0161ka: 76,5 cm, h\u013abka: 90 cm,<\/li>\n<li><strong>skri\u0148a DORIAN DN13<\/strong>: \u0161\u00edrka: 235 cm, v\u00fd\u0161ka: 211 cm, h\u013abka: 62 cm,<\/li>\n<li><strong>poste\u013e DORIAN DN14\/140<\/strong>: \u0161\u00edrka: 162,2 cm, v\u00fd\u0161ka: 101,5 cm, h\u013abka: 206,5 cm, &#8211; neosvetlen\u00e1 li\u0161ta &#8211; mo\u017enos\u0165 dok\u00fapi\u0165 LED<\/li>\n<li><strong>poste\u013e DORIAN DN14\/160<\/strong>: \u0161\u00edrka: 182,2 cm, v\u00fd\u0161ka: 101,5 cm, h\u013abka: 206,5 cm, &#8211; \u00a0neosvetlen\u00e1 li\u0161ta &#8211; mo\u017enos\u0165 dok\u00fapi\u0165 LED<\/li>\n<li><strong>poste\u013e DORIAN DN14\/180<\/strong>: \u0161\u00edrka: 202,5 cm, v\u00fd\u0161ka: 101,5 cm, h\u013abka: 206,5 cm, &#8211; neosvetlen\u00e1 li\u0161ta &#8211; mo\u017enos\u0165 dok\u00fapi\u0165 LED<\/li>\n<li><strong>no\u010dn\u00fd stol\u00edk DORIAN DN15<\/strong>: \u0161\u00edrka: 54cm, v\u00fd\u0161ka: 49 cm, h\u013abka: 39,5 cm, &#8211; neosvetlen\u00e1 li\u0161ta &#8211; mo\u017enos\u0165 dok\u00fapi\u0165 LED<\/li>\n<\/ul>\n<p>Fotky s\u00fa ilustra\u010dn\u00e9 \u2013 nastavenie displeja m\u00f4\u017ee sp\u00f4sobi\u0165 odch\u00fdlku vo farbe produktu<\/p>\n","protected":false},"excerpt":{"rendered":"<p>Sektorov\u00fd n\u00e1bytok NER DORIAN je\u00a0 kolekcia n\u00e1bytku ur\u010den\u00e1 pre milovn\u00edkov modern\u00fdch rie\u0161en\u00ed, pre \u013eud\u00ed, ktor\u00ed radi sleduj\u00fa najnov\u0161ie trendy a riadia sa modern\u00fdmi a funk\u010dn\u00fdmi rie\u0161eniami. Ob\u00fdvac\u00ed sektor m\u00e1 mimoriadne m\u00f3dne dekorat\u00edvne li\u0161ty s LED osvetlen\u00edm v cene\u00a0 a v kombin\u00e1cii s teplou farbou dreva\u00a0 v dekore dub april rozhodne up\u00fataj\u00fa pozornos\u0165 a bud\u00fa dominantou&#8230;<\/p>\n","protected":false},"featured_media":118824,"comment_status":"closed","ping_status":"closed","template":"","meta":{"_seopress_robots_primary_cat":"none","_seopress_titles_title":"","_seopress_titles_desc":"","_seopress_robots_index":""},"product_brand":[],"product_cat":[615,223],"product_tag":[],"class_list":{"0":"post-118823","1":"product","2":"type-product","3":"status-publish","4":"has-post-thumbnail","6":"product_cat-spalnove-komplety","7":"product_cat-spalne","8":"pa_typ-produktu-komoda-dorian-dn2","9":"pa_typ-produktu-komoda-dorian-dn3","10":"pa_typ-produktu-komoda-s-vitrinou-dorian-dn4","11":"pa_typ-produktu-nizka-vitrina-dorian-dn5","12":"pa_typ-produktu-nocny-stolik-dorian-dn15","13":"pa_typ-produktu-policka-dorian-dn10","14":"pa_typ-produktu-postel-dorian-dn14-140","15":"pa_typ-produktu-postel-dorian-dn14-160","16":"pa_typ-produktu-postel-dorian-dn14-180","17":"pa_typ-produktu-rozkladaci-jedalensky-stol-dorian-dn12","18":"pa_typ-produktu-rozkladaci-konferencny-stolik-dorian-dn11","19":"pa_typ-produktu-skrina-dorian-dn13","20":"pa_typ-produktu-skrina-dorian-dn9","21":"pa_typ-produktu-skrinka-l-p-dorian-dn8","22":"pa_typ-produktu-tv-skrinka-dorian-dn1","23":"pa_typ-produktu-vitrina-lava-dorian-dn6","24":"pa_typ-produktu-vitrina-prava-dorian-dn7","26":"first","27":"onbackorder","28":"shipping-taxable","29":"purchasable","30":"product-type-simple"},"_links":{"self":[{"href":"https:\/\/nabytoklaguna.sk\/sk\/wp-json\/wp\/v2\/product\/118823","targetHints":{"allow":["GET"]}}],"collection":[{"href":"https:\/\/nabytoklaguna.sk\/sk\/wp-json\/wp\/v2\/product"}],"about":[{"href":"https:\/\/nabytoklaguna.sk\/sk\/wp-json\/wp\/v2\/types\/product"}],"replies":[{"embeddable":true,"href":"https:\/\/nabytoklaguna.sk\/sk\/wp-json\/wp\/v2\/comments?post=118823"}],"wp:featuredmedia":[{"embeddable":true,"href":"https:\/\/nabytoklaguna.sk\/sk\/wp-json\/wp\/v2\/media\/118824"}],"wp:attachment":[{"href":"https:\/\/nabytoklaguna.sk\/sk\/wp-json\/wp\/v2\/media?parent=118823"}],"wp:term":[{"taxonomy":"product_brand","embeddable":true,"href":"https:\/\/nabytoklaguna.sk\/sk\/wp-json\/wp\/v2\/product_brand?post=118823"},{"taxonomy":"product_cat","embeddable":true,"href":"https:\/\/nabytoklaguna.sk\/sk\/wp-json\/wp\/v2\/product_cat?post=118823"},{"taxonomy":"product_tag","embeddable":true,"href":"https:\/\/nabytoklaguna.sk\/sk\/wp-json\/wp\/v2\/product_tag?post=118823"}],"curies":[{"name":"wp","href":"https:\/\/api.w.org\/{rel}","templated":true}]}}