{"id":119191,"date":"2023-02-20T20:40:42","date_gmt":"2023-02-20T19:40:42","guid":{"rendered":"https:\/\/nabytoklaguna.sk\/sk\/?post_type=product&#038;p=119191"},"modified":"2025-09-03T13:04:36","modified_gmt":"2025-09-03T11:04:36","slug":"k-modini-typ2","status":"publish","type":"product","link":"https:\/\/nabytoklaguna.sk\/sk\/produkt\/k-modini-typ2\/","title":{"rendered":"K MODINI typ 2"},"content":{"rendered":"<p>Botn\u00edk <strong>MODINI\u00a0<\/strong> typ 2 roz\u017eiari va\u0161u predsie\u0148. Vyroben\u00fd je z DTD laminovanej vo farebnom preveden\u00ed biela \/dub artisan. \u00dalo\u017en\u00fd priestor n\u00e1jdete v podobe skriniek, \u0161upl\u00edkov \u010di vykl\u00e1pac\u00edch dvierok.Typ 2- tri skrinky, ktor\u00e9 obsahuj\u00fa police<\/p>\n<ul>\n<li><b>Materi\u00e1l:\u00a0<\/b>DTD laminovan\u00e1\/kov<\/li>\n<li><b>Farba:\u00a0<\/b>biela\/dub artisan<\/li>\n<li><b>Rozmery (\u0160xHxV):<\/b>\u00a0120x35x105 cm<\/li>\n<li><b>Hr\u00fabka lamina:<\/b>\u00a02,2 cm<\/li>\n<li>Trojdverov\u00fd<\/li>\n<li>Tri skrinky<\/li>\n<li>Policov\u00fd<\/li>\n<li>Kovov\u00e9 \u00fachytky<\/li>\n<li><b>Kvalitn\u00fd slovensk\u00fd v\u00fdrobok<\/b><\/li>\n<li>Dod\u00e1van\u00e9 v demonte<\/li>\n<\/ul>\n","protected":false},"excerpt":{"rendered":"<p>Botn\u00edk MODINI\u00a0 typ 2 roz\u017eiari va\u0161u predsie\u0148. Vyroben\u00fd je z DTD laminovanej vo farebnom preveden\u00ed biela \/dub artisan. \u00dalo\u017en\u00fd priestor n\u00e1jdete v podobe skriniek, \u0161upl\u00edkov \u010di vykl\u00e1pac\u00edch dvierok.Typ 2- tri skrinky, ktor\u00e9 obsahuj\u00fa police Materi\u00e1l:\u00a0DTD laminovan\u00e1\/kov Farba:\u00a0biela\/dub artisan Rozmery (\u0160xHxV):\u00a0120x35x105 cm Hr\u00fabka lamina:\u00a02,2 cm Trojdverov\u00fd Tri skrinky Policov\u00fd Kovov\u00e9 \u00fachytky Kvalitn\u00fd slovensk\u00fd v\u00fdrobok Dod\u00e1van\u00e9 v&#8230;<\/p>\n","protected":false},"featured_media":70716,"comment_status":"closed","ping_status":"closed","template":"","meta":{"_seopress_robots_primary_cat":"252","_seopress_titles_title":"","_seopress_titles_desc":"","_seopress_robots_index":""},"product_brand":[],"product_cat":[252,257],"product_tag":[],"class_list":{"0":"post-119191","1":"product","2":"type-product","3":"status-publish","4":"has-post-thumbnail","6":"product_cat-botniky","7":"product_cat-predsiene","8":"pa_typ-produktu-typ-1","9":"pa_typ-produktu-typ-2","11":"first","12":"onbackorder","13":"shipping-taxable","14":"purchasable","15":"product-type-simple"},"_links":{"self":[{"href":"https:\/\/nabytoklaguna.sk\/sk\/wp-json\/wp\/v2\/product\/119191","targetHints":{"allow":["GET"]}}],"collection":[{"href":"https:\/\/nabytoklaguna.sk\/sk\/wp-json\/wp\/v2\/product"}],"about":[{"href":"https:\/\/nabytoklaguna.sk\/sk\/wp-json\/wp\/v2\/types\/product"}],"replies":[{"embeddable":true,"href":"https:\/\/nabytoklaguna.sk\/sk\/wp-json\/wp\/v2\/comments?post=119191"}],"wp:featuredmedia":[{"embeddable":true,"href":"https:\/\/nabytoklaguna.sk\/sk\/wp-json\/wp\/v2\/media\/70716"}],"wp:attachment":[{"href":"https:\/\/nabytoklaguna.sk\/sk\/wp-json\/wp\/v2\/media?parent=119191"}],"wp:term":[{"taxonomy":"product_brand","embeddable":true,"href":"https:\/\/nabytoklaguna.sk\/sk\/wp-json\/wp\/v2\/product_brand?post=119191"},{"taxonomy":"product_cat","embeddable":true,"href":"https:\/\/nabytoklaguna.sk\/sk\/wp-json\/wp\/v2\/product_cat?post=119191"},{"taxonomy":"product_tag","embeddable":true,"href":"https:\/\/nabytoklaguna.sk\/sk\/wp-json\/wp\/v2\/product_tag?post=119191"}],"curies":[{"name":"wp","href":"https:\/\/api.w.org\/{rel}","templated":true}]}}