{"id":119408,"date":"2023-03-21T10:38:22","date_gmt":"2023-03-21T09:38:22","guid":{"rendered":"https:\/\/nabytoklaguna.sk\/sk\/?post_type=product&#038;p=119408"},"modified":"2025-04-28T13:20:58","modified_gmt":"2025-04-28T11:20:58","slug":"w-irma-spalnovy-komplet","status":"publish","type":"product","link":"https:\/\/nabytoklaguna.sk\/sk\/produkt\/w-irma-spalnovy-komplet\/","title":{"rendered":"W RMA sp\u00e1l\u0148ov\u00fd komplet"},"content":{"rendered":"<p>Elegantn\u00e1 sp\u00e1l\u0148a W RMA urob\u00ed z Va\u0161ej sp\u00e1lne o\u010daruj\u00face miesto, ktor\u00e9 V\u00e1m dopraje plnohodnotn\u00fd relax. Z jednotliv\u00fdch komponentov si vysklad\u00e1te sp\u00e1l\u0148u pod\u013ea Va\u0161ich predst\u00e1v. Vyr\u00e1ba sa vo farebnom preveden\u00ed biely\/biely lesk+vlo\u017eka biely alebo dub maggia. ABS hrany predl\u017euj\u00fa \u017eivotnos\u0165 n\u00e1bytku. Ur\u010dite V\u00e1s pote\u0161\u00ed tich\u00e9 zatv\u00e1ranie z\u00e1suviek. K jednotliv\u00fdm komponentom je mo\u017en\u00e9 doobjedna\u0165 LED osvetlenie.<\/p>\n<p>\u0160atn\u00edkov\u00e1 skri\u0148a IM 15 je trojdverov\u00e1 skri\u0148a so zrkadlom a posuvn\u00fdmi dverami. Skri\u0148a m\u00e1 vn\u00fatro rozdelen\u00e9 na ve\u0161iakov\u00fa \u010das\u0165 (po bokoch) a policov\u00fa \u010das\u0165 (uprostred). Komoda IM 4\u00a0 a IM 3 V\u00e1m poskytne dostatok \u00falo\u017en\u00e9ho priestoru. Poste\u013e sa vyr\u00e1ba v rozmeroch 140,160 a 180 cm. Je dod\u00e1van\u00e1 bez ro\u0161tu a matraca. Ro\u0161t je mo\u017en\u00e9 zak\u00fapi\u0165 do postele 140 za cenu 176<strong>\u00a0\u20ac<\/strong>, do postele 160 za cenu 176<strong>\u00a0\u20ac<\/strong>, do postele 180 za cenu <strong>195 \u20ac. <\/strong>Skri\u0148a IM 14 je trojdverov\u00e1 skri\u0148a, ktor\u00e1 m\u00e1 vn\u00fatro rozdelen\u00e9 na ve\u0161iakov\u00fa \u010das\u0165 a policov\u00fa \u010das\u0165<\/p>\n<p>Sp\u00e1l\u0148ov\u00fd komplet obsahujem: Skri\u0148a IM 15, Komoda IM 4, Poste\u013e 160 bez ro\u0161tu a matraca, No\u010dn\u00fd stol\u00edk IM 18, No\u010dn\u00fd stol\u00edk L IM 17<\/p>\n<ul>\n<li><b>Materi\u00e1l:<\/b>\u00a0DTD laminovan\u00e1\/MDF front<\/li>\n<li>ABS hrany<\/li>\n<li><b>Farba:<\/b>\u00a0pino\/biely lesk+vlo\u017eka biely alebo dub maggia<\/li>\n<li><b>Rozmery Skri\u0148a IM 15 (\u0160xHxV):<\/b>\u00a0235x62x205,5 cm<\/li>\n<li>Tojdverov\u00e1 so zrkadlom<\/li>\n<li>Ve\u0161iakov\u00e1 \u010das\u0165<\/li>\n<li>Policov\u00e1 \u010das\u0165<\/li>\n<li><b>Rozmery Komoda IM 4 (\u0160xHxV):<\/b>\u00a0152x39x89 cm<\/li>\n<li><b>Rozmery Komoda IM 3 (\u0160xHxV):<\/b>\u00a0100x39x89 cm<\/li>\n<li><b>Rozmery poste\u013e 140 (\u0160xHxV):<\/b>\u00a0161,5&#215;205,5&#215;101,5 cm<\/li>\n<li><b>Plocha na spanie (\u0160xD):<\/b>\u00a0140\u00d7200 cm<\/li>\n<li><b>Rozmery poste\u013e 160 (\u0160xHxV):<\/b>\u00a0181,5&#215;205,5&#215;101,5 cm<\/li>\n<li><b>Plocha na spanie (\u0160xD):<\/b>\u00a0160\u00d7200 cm<\/li>\n<li><b>Rozmery poste\u013e 180 (\u0160xHxV):<\/b>\u00a0201,5&#215;205,5&#215;101,5 cm<\/li>\n<li><b>Plocha na spanie (\u0160xD):<\/b>\u00a0180\u00d7200 cm<\/li>\n<li>Bez ro\u0161tu a matraca<\/li>\n<li>Mo\u017enos\u0165 dok\u00fapi\u0165 matrac z na\u0161ej ponuky<\/li>\n<li><b>Rozmery Skri\u0148a IM 14 (\u0160xHxV):<\/b>\u00a0164,&#215;54,5&#215;205,5 cm<\/li>\n<li>\u00a0Trojdverov\u00e1 so zrkadlom<\/li>\n<li>Policov\u00e1 \u010das\u0165<\/li>\n<li>Ve\u0161iakov\u00e1 \u010das\u0165<\/li>\n<li><b>Rozmery No\u010dn\u00fd stol\u00edk IM18 (\u0160xHxV):<\/b>\u00a054x40x48 cm<\/li>\n<li><b>Rozmery No\u010dn\u00fd stol\u00edk\u00a0 L IM17 (\u0160xHxV):<\/b>\u00a054x40x48 cm<\/li>\n<li>Dod\u00e1van\u00e9 v demonte<\/li>\n<\/ul>\n<p>&nbsp;<\/p>\n<p>&nbsp;<\/p>\n","protected":false},"excerpt":{"rendered":"<p>Elegantn\u00e1 sp\u00e1l\u0148a W RMA urob\u00ed z Va\u0161ej sp\u00e1lne o\u010daruj\u00face miesto, ktor\u00e9 V\u00e1m dopraje plnohodnotn\u00fd relax. Z jednotliv\u00fdch komponentov si vysklad\u00e1te sp\u00e1l\u0148u pod\u013ea Va\u0161ich predst\u00e1v. Vyr\u00e1ba sa vo farebnom preveden\u00ed biely\/biely lesk+vlo\u017eka biely alebo dub maggia. ABS hrany predl\u017euj\u00fa \u017eivotnos\u0165 n\u00e1bytku. Ur\u010dite V\u00e1s pote\u0161\u00ed tich\u00e9 zatv\u00e1ranie z\u00e1suviek. K jednotliv\u00fdm komponentom je mo\u017en\u00e9 doobjedna\u0165 LED osvetlenie. \u0160atn\u00edkov\u00e1&#8230;<\/p>\n","protected":false},"featured_media":75296,"comment_status":"closed","ping_status":"closed","template":"","meta":{"_seopress_robots_primary_cat":"223","_seopress_titles_title":"","_seopress_titles_desc":"","_seopress_robots_index":""},"product_brand":[],"product_cat":[615,223],"product_tag":[],"class_list":{"0":"post-119408","1":"product","2":"type-product","3":"status-publish","4":"has-post-thumbnail","6":"product_cat-spalnove-komplety","7":"product_cat-spalne","9":"first","10":"onbackorder","11":"shipping-taxable","12":"purchasable","13":"product-type-simple"},"_links":{"self":[{"href":"https:\/\/nabytoklaguna.sk\/sk\/wp-json\/wp\/v2\/product\/119408","targetHints":{"allow":["GET"]}}],"collection":[{"href":"https:\/\/nabytoklaguna.sk\/sk\/wp-json\/wp\/v2\/product"}],"about":[{"href":"https:\/\/nabytoklaguna.sk\/sk\/wp-json\/wp\/v2\/types\/product"}],"replies":[{"embeddable":true,"href":"https:\/\/nabytoklaguna.sk\/sk\/wp-json\/wp\/v2\/comments?post=119408"}],"wp:featuredmedia":[{"embeddable":true,"href":"https:\/\/nabytoklaguna.sk\/sk\/wp-json\/wp\/v2\/media\/75296"}],"wp:attachment":[{"href":"https:\/\/nabytoklaguna.sk\/sk\/wp-json\/wp\/v2\/media?parent=119408"}],"wp:term":[{"taxonomy":"product_brand","embeddable":true,"href":"https:\/\/nabytoklaguna.sk\/sk\/wp-json\/wp\/v2\/product_brand?post=119408"},{"taxonomy":"product_cat","embeddable":true,"href":"https:\/\/nabytoklaguna.sk\/sk\/wp-json\/wp\/v2\/product_cat?post=119408"},{"taxonomy":"product_tag","embeddable":true,"href":"https:\/\/nabytoklaguna.sk\/sk\/wp-json\/wp\/v2\/product_tag?post=119408"}],"curies":[{"name":"wp","href":"https:\/\/api.w.org\/{rel}","templated":true}]}}