{"id":119434,"date":"2023-03-22T17:33:10","date_gmt":"2023-03-22T16:33:10","guid":{"rendered":"https:\/\/nabytoklaguna.sk\/sk\/?post_type=product&#038;p=119434"},"modified":"2023-12-01T16:50:36","modified_gmt":"2023-12-01T15:50:36","slug":"tempo-kondela-marker-nocny-stolik-2","status":"publish","type":"product","link":"https:\/\/nabytoklaguna.sk\/sk\/produkt\/tempo-kondela-marker-nocny-stolik-2\/","title":{"rendered":"TK MARKER no\u010dn\u00fd stol\u00edk"},"content":{"rendered":"<p>Praktick\u00fd no\u010dn\u00fd stol\u00edk MARKER je v modernom farebnom preveden\u00ed dub sonoma\/biela. Ocen\u00edte otvoren\u00fd \u00falo\u017en\u00fd priestor a jeden \u0161upl\u00edk. Vyroben\u00fd z DTD laminovanej.<\/p>\n<ul>\n<li><b>Materi\u00e1l:<\/b>\u00a0DTD laminovan\u00e1<\/li>\n<li><b>Farba:<\/b>\u00a0dub sonoma\/biela<\/li>\n<li><b>Rozmery (\u0160xHxV):<\/b>\u00a045x35x39 cm<\/li>\n<li>Otvoren\u00fd \u00falo\u017en\u00fd priestor, jeden \u0161upl\u00edk<\/li>\n<li>Dod\u00e1van\u00e9 v demonte<\/li>\n<\/ul>\n","protected":false},"excerpt":{"rendered":"<p>Praktick\u00fd no\u010dn\u00fd stol\u00edk MARKER je v modernom farebnom preveden\u00ed dub sonoma\/biela. Ocen\u00edte otvoren\u00fd \u00falo\u017en\u00fd priestor a jeden \u0161upl\u00edk. Vyroben\u00fd z DTD laminovanej. Materi\u00e1l:\u00a0DTD laminovan\u00e1 Farba:\u00a0dub sonoma\/biela Rozmery (\u0160xHxV):\u00a045x35x39 cm Otvoren\u00fd \u00falo\u017en\u00fd priestor, jeden \u0161upl\u00edk Dod\u00e1van\u00e9 v demonte<\/p>\n","protected":false},"featured_media":70508,"comment_status":"closed","ping_status":"closed","template":"","meta":{"_seopress_robots_primary_cat":"224","_seopress_titles_title":"                                    ","_seopress_titles_desc":"                                    ","_seopress_robots_index":""},"product_brand":[],"product_cat":[224],"product_tag":[],"class_list":{"0":"post-119434","1":"product","2":"type-product","3":"status-publish","4":"has-post-thumbnail","6":"product_cat-nocne-stoliky","8":"first","9":"onbackorder","10":"shipping-taxable","11":"purchasable","12":"product-type-simple"},"_links":{"self":[{"href":"https:\/\/nabytoklaguna.sk\/sk\/wp-json\/wp\/v2\/product\/119434","targetHints":{"allow":["GET"]}}],"collection":[{"href":"https:\/\/nabytoklaguna.sk\/sk\/wp-json\/wp\/v2\/product"}],"about":[{"href":"https:\/\/nabytoklaguna.sk\/sk\/wp-json\/wp\/v2\/types\/product"}],"replies":[{"embeddable":true,"href":"https:\/\/nabytoklaguna.sk\/sk\/wp-json\/wp\/v2\/comments?post=119434"}],"wp:featuredmedia":[{"embeddable":true,"href":"https:\/\/nabytoklaguna.sk\/sk\/wp-json\/wp\/v2\/media\/70508"}],"wp:attachment":[{"href":"https:\/\/nabytoklaguna.sk\/sk\/wp-json\/wp\/v2\/media?parent=119434"}],"wp:term":[{"taxonomy":"product_brand","embeddable":true,"href":"https:\/\/nabytoklaguna.sk\/sk\/wp-json\/wp\/v2\/product_brand?post=119434"},{"taxonomy":"product_cat","embeddable":true,"href":"https:\/\/nabytoklaguna.sk\/sk\/wp-json\/wp\/v2\/product_cat?post=119434"},{"taxonomy":"product_tag","embeddable":true,"href":"https:\/\/nabytoklaguna.sk\/sk\/wp-json\/wp\/v2\/product_tag?post=119434"}],"curies":[{"name":"wp","href":"https:\/\/api.w.org\/{rel}","templated":true}]}}