{"id":119436,"date":"2023-03-22T17:35:55","date_gmt":"2023-03-22T16:35:55","guid":{"rendered":"https:\/\/nabytoklaguna.sk\/sk\/?post_type=product&#038;p=119436"},"modified":"2025-02-24T13:50:50","modified_gmt":"2025-02-24T12:50:50","slug":"tempo-kondela-askoy-2","status":"publish","type":"product","link":"https:\/\/nabytoklaguna.sk\/sk\/produkt\/tempo-kondela-askoy-2\/","title":{"rendered":"TK ASKOY"},"content":{"rendered":"<p>Polohovacie relaxa\u010dn\u00e9 kreslo <strong>ASKOY,<\/strong> ktor\u00e9 v\u00e1m prin\u00e1\u0161a vysok\u00fd komfort pre v\u00e1\u0161 bo\u013eav\u00fd chrb\u00e1t. Je \u010dal\u00fanen\u00e9 kvalitnou hnedou l\u00e1tkou. Podno\u017e z\u00edskate, ak vysuniete p\u00e1\u010dku na bo\u010dnej strane kresla. Ak jemne potla\u010d\u00edte dozadu tak sklop\u00edte operadlo.<\/p>\n<ul>\n<li><b>Materi\u00e1l:<\/b>\u00a0l\u00e1tka\/mas\u00edvne drevo s preglejkou<\/li>\n<li><b>Farba:<\/b>\u00a0hned\u00e1<\/li>\n<li><b>Rozmery (\u0160xHxV):<\/b>\u00a087x92x97 cm<\/li>\n<li><b>V\u00fd\u0161ka sedu:<\/b>\u00a049 cm<\/li>\n<li><b>H\u013abka sedu:<\/b>\u00a056 cm<\/li>\n<li><b>Nosnos\u0165:<\/b>\u00a0110 kg<\/li>\n<li>Mechanicky polohovacie<\/li>\n<li>Relaxa\u010dn\u00e9<\/li>\n<li>Podno\u017e vysuniete pomocou p\u00e1\u010dky<\/li>\n<li>Dod\u00e1van\u00e9 v demonte<\/li>\n<\/ul>\n","protected":false},"excerpt":{"rendered":"<p>Polohovacie relaxa\u010dn\u00e9 kreslo ASKOY, ktor\u00e9 v\u00e1m prin\u00e1\u0161a vysok\u00fd komfort pre v\u00e1\u0161 bo\u013eav\u00fd chrb\u00e1t. Je \u010dal\u00fanen\u00e9 kvalitnou hnedou l\u00e1tkou. Podno\u017e z\u00edskate, ak vysuniete p\u00e1\u010dku na bo\u010dnej strane kresla. Ak jemne potla\u010d\u00edte dozadu tak sklop\u00edte operadlo. Materi\u00e1l:\u00a0l\u00e1tka\/mas\u00edvne drevo s preglejkou Farba:\u00a0hned\u00e1 Rozmery (\u0160xHxV):\u00a087x92x97 cm V\u00fd\u0161ka sedu:\u00a049 cm H\u013abka sedu:\u00a056 cm Nosnos\u0165:\u00a0110 kg Mechanicky polohovacie Relaxa\u010dn\u00e9 Podno\u017e vysuniete&#8230;<\/p>\n","protected":false},"featured_media":66685,"comment_status":"closed","ping_status":"closed","template":"","meta":{"_seopress_robots_primary_cat":"231","_seopress_titles_title":"","_seopress_titles_desc":"","_seopress_robots_index":""},"product_brand":[],"product_cat":[231],"product_tag":[],"class_list":{"0":"post-119436","1":"product","2":"type-product","3":"status-publish","4":"has-post-thumbnail","6":"product_cat-kresla","8":"first","9":"onbackorder","10":"shipping-taxable","11":"purchasable","12":"product-type-simple"},"_links":{"self":[{"href":"https:\/\/nabytoklaguna.sk\/sk\/wp-json\/wp\/v2\/product\/119436","targetHints":{"allow":["GET"]}}],"collection":[{"href":"https:\/\/nabytoklaguna.sk\/sk\/wp-json\/wp\/v2\/product"}],"about":[{"href":"https:\/\/nabytoklaguna.sk\/sk\/wp-json\/wp\/v2\/types\/product"}],"replies":[{"embeddable":true,"href":"https:\/\/nabytoklaguna.sk\/sk\/wp-json\/wp\/v2\/comments?post=119436"}],"wp:featuredmedia":[{"embeddable":true,"href":"https:\/\/nabytoklaguna.sk\/sk\/wp-json\/wp\/v2\/media\/66685"}],"wp:attachment":[{"href":"https:\/\/nabytoklaguna.sk\/sk\/wp-json\/wp\/v2\/media?parent=119436"}],"wp:term":[{"taxonomy":"product_brand","embeddable":true,"href":"https:\/\/nabytoklaguna.sk\/sk\/wp-json\/wp\/v2\/product_brand?post=119436"},{"taxonomy":"product_cat","embeddable":true,"href":"https:\/\/nabytoklaguna.sk\/sk\/wp-json\/wp\/v2\/product_cat?post=119436"},{"taxonomy":"product_tag","embeddable":true,"href":"https:\/\/nabytoklaguna.sk\/sk\/wp-json\/wp\/v2\/product_tag?post=119436"}],"curies":[{"name":"wp","href":"https:\/\/api.w.org\/{rel}","templated":true}]}}