{"id":119507,"date":"2023-04-22T18:40:00","date_gmt":"2023-04-22T18:40:00","guid":{"rendered":"https:\/\/nabytoklaguna.sk\/sk\/?post_type=product&#038;p=119507"},"modified":"2025-03-27T11:46:20","modified_gmt":"2025-03-27T10:46:20","slug":"tk-togo-new-obyvacia-stena","status":"publish","type":"product","link":"https:\/\/nabytoklaguna.sk\/sk\/produkt\/tk-togo-new-obyvacia-stena\/","title":{"rendered":"TK TOGO 2 NEW ob\u00fdvacia stena"},"content":{"rendered":"<p><strong>Ob\u00fdvacia stena TOGO<\/strong> v ob\u013e\u00fabenou preveden\u00ed v <strong>orechovej farbe<\/strong> <strong>spolu s LED osvetlen\u00edm<\/strong> s bielym podfarben\u00edm. Ob\u00fdvacia stena pozost\u00e1va z <strong>RTV stol\u00edka, jednej poli\u010dky a dvoch vitr\u00edn<\/strong>.<\/p>\n<ul>\n<li>Celkov\u00e9 rozmery ob\u00fdvacej steny s\u00fa (\u0160xVxH): 304x194x48 cm.<\/li>\n<li>Rozmery RTV stol\u00edka (120x43x48,5 cm)<\/li>\n<li>Rozmery 2x vitr\u00edny (92x193x38 cm a 92&#215;134,5&#215;38 cm)<\/li>\n<li>Rozmery police (\u0160 120 cm)<\/li>\n<\/ul>\n<p>Dod\u00e1van\u00e9 v demonte.<\/p>\n","protected":false},"excerpt":{"rendered":"<p>Ob\u00fdvacia stena TOGO v ob\u013e\u00fabenou preveden\u00ed v orechovej farbe spolu s LED osvetlen\u00edm s bielym podfarben\u00edm. Ob\u00fdvacia stena pozost\u00e1va z RTV stol\u00edka, jednej poli\u010dky a dvoch vitr\u00edn. Celkov\u00e9 rozmery ob\u00fdvacej steny s\u00fa (\u0160xVxH): 304x194x48 cm. Rozmery RTV stol\u00edka (120x43x48,5 cm) Rozmery 2x vitr\u00edny (92x193x38 cm a 92&#215;134,5&#215;38 cm) Rozmery police (\u0160 120 cm) Dod\u00e1van\u00e9 v&#8230;<\/p>\n","protected":false},"featured_media":23290,"comment_status":"closed","ping_status":"closed","template":"","meta":{"_seopress_robots_primary_cat":"182","_seopress_titles_title":"","_seopress_titles_desc":"","_seopress_robots_index":""},"product_brand":[],"product_cat":[182,251],"product_tag":[],"class_list":{"0":"post-119507","1":"product","2":"type-product","3":"status-publish","4":"has-post-thumbnail","6":"product_cat-obyvacie-steny","7":"product_cat-steny","9":"first","10":"instock","11":"shipping-taxable","12":"purchasable","13":"product-type-simple"},"_links":{"self":[{"href":"https:\/\/nabytoklaguna.sk\/sk\/wp-json\/wp\/v2\/product\/119507","targetHints":{"allow":["GET"]}}],"collection":[{"href":"https:\/\/nabytoklaguna.sk\/sk\/wp-json\/wp\/v2\/product"}],"about":[{"href":"https:\/\/nabytoklaguna.sk\/sk\/wp-json\/wp\/v2\/types\/product"}],"replies":[{"embeddable":true,"href":"https:\/\/nabytoklaguna.sk\/sk\/wp-json\/wp\/v2\/comments?post=119507"}],"wp:featuredmedia":[{"embeddable":true,"href":"https:\/\/nabytoklaguna.sk\/sk\/wp-json\/wp\/v2\/media\/23290"}],"wp:attachment":[{"href":"https:\/\/nabytoklaguna.sk\/sk\/wp-json\/wp\/v2\/media?parent=119507"}],"wp:term":[{"taxonomy":"product_brand","embeddable":true,"href":"https:\/\/nabytoklaguna.sk\/sk\/wp-json\/wp\/v2\/product_brand?post=119507"},{"taxonomy":"product_cat","embeddable":true,"href":"https:\/\/nabytoklaguna.sk\/sk\/wp-json\/wp\/v2\/product_cat?post=119507"},{"taxonomy":"product_tag","embeddable":true,"href":"https:\/\/nabytoklaguna.sk\/sk\/wp-json\/wp\/v2\/product_tag?post=119507"}],"curies":[{"name":"wp","href":"https:\/\/api.w.org\/{rel}","templated":true}]}}