{"id":119513,"date":"2023-04-22T18:40:00","date_gmt":"2023-04-22T18:40:00","guid":{"rendered":"https:\/\/nabytoklaguna.sk\/sk\/?post_type=product&#038;p=119513"},"modified":"2025-10-07T15:09:04","modified_gmt":"2025-10-07T13:09:04","slug":"aut-harvey-son","status":"publish","type":"product","link":"https:\/\/nabytoklaguna.sk\/sk\/produkt\/aut-harvey-son\/","title":{"rendered":"AUT HARVEY SON"},"content":{"rendered":"<p>Jed\u00e1lensk\u00fd komplet HARVEY (1+4),svoj\u00edm preveden\u00edm bude ozdobou klasickej i modernej kuchyne.Sklad\u00e1 sa z pevn\u00e9ho stola a 4 stoli\u010diek s dreven\u00fdm sed\u00e1kom. Jed\u00e1lensk\u00fd komplet m\u00e1 zauj\u00edmav\u00fd dizajn a \u010dist\u00e9 l\u00ednie. Kon\u0161trukcia je kov, dosky stola, sed\u00e1kov a operadiel je MDF potiahnut\u00e1 dekorat\u00edvnou f\u00f3liou.Prevedenie:kov-siv\u00e1 + dub sonoma. Dod\u00e1van\u00e9 v demonte<\/p>\n<p>ROZMERY<\/p>\n<p><strong>Stoli\u010dka<\/strong><\/p>\n<p>\u0160\u00edrka: 40 cm<\/p>\n<p>H\u013abka: 40 cm<\/p>\n<p>V\u00fd\u0161ka: 86 cm<\/p>\n<p>H\u013abka sedu:40 cm<\/p>\n<p>V\u00fd\u0161ka sedu: 44 cm<\/p>\n<p>&nbsp;<\/p>\n<p><strong>St\u00f4l<\/strong><\/p>\n<p>\u0160\u00edrka: 110 cm<\/p>\n<p>H\u013abka: 70 cm<\/p>\n<p>V\u00fd\u0161ka: 76 cm<\/p>\n<p>&nbsp;<\/p>\n<table style=\"height: 274px;\" border=\"0\" cellspacing=\"5\" cellpadding=\"1\">\n<tbody>\n<tr style=\"height: 50px;\">\n<td style=\"height: 50px; width: 734px;\"><\/td>\n<td style=\"height: 50px; width: 663px;\"><\/td>\n<\/tr>\n<tr style=\"height: 50px;\">\n<td style=\"height: 50px; width: 734px;\"><\/td>\n<td style=\"height: 50px; width: 663px;\"><\/td>\n<\/tr>\n<tr style=\"height: 50px;\">\n<td style=\"height: 50px; width: 734px;\"><\/td>\n<td style=\"height: 50px; width: 663px;\"><\/td>\n<\/tr>\n<tr style=\"height: 50px;\">\n<td style=\"height: 50px; width: 734px;\"><\/td>\n<td style=\"height: 50px; width: 663px;\"><\/td>\n<\/tr>\n<tr style=\"height: 50px;\">\n<td style=\"height: 50px; width: 734px;\"><\/td>\n<td style=\"height: 50px; width: 663px;\"><\/td>\n<\/tr>\n<tr style=\"height: 24px;\">\n<td style=\"height: 24px; width: 734px;\"><\/td>\n<td style=\"height: 24px; width: 663px;\"><\/td>\n<\/tr>\n<\/tbody>\n<\/table>\n<p>&nbsp;<\/p>\n","protected":false},"excerpt":{"rendered":"<p>Jed\u00e1lensk\u00fd komplet HARVEY (1+4),svoj\u00edm preveden\u00edm bude ozdobou klasickej i modernej kuchyne.Sklad\u00e1 sa z pevn\u00e9ho stola a 4 stoli\u010diek s dreven\u00fdm sed\u00e1kom. Jed\u00e1lensk\u00fd komplet m\u00e1 zauj\u00edmav\u00fd dizajn a \u010dist\u00e9 l\u00ednie. Kon\u0161trukcia je kov, dosky stola, sed\u00e1kov a operadiel je MDF potiahnut\u00e1 dekorat\u00edvnou f\u00f3liou.Prevedenie:kov-siv\u00e1 + dub sonoma. Dod\u00e1van\u00e9 v demonte ROZMERY Stoli\u010dka \u0160\u00edrka: 40 cm H\u013abka: 40&#8230;<\/p>\n","protected":false},"featured_media":60639,"comment_status":"closed","ping_status":"closed","template":"","meta":{"_seopress_robots_primary_cat":"246","_seopress_titles_title":"","_seopress_titles_desc":"","_seopress_robots_index":""},"product_brand":[],"product_cat":[246,243],"product_tag":[],"class_list":{"0":"post-119513","1":"product","2":"type-product","3":"status-publish","4":"has-post-thumbnail","6":"product_cat-jedalenske-sety","7":"product_cat-stoly","9":"first","10":"onbackorder","11":"shipping-taxable","12":"purchasable","13":"product-type-simple"},"_links":{"self":[{"href":"https:\/\/nabytoklaguna.sk\/sk\/wp-json\/wp\/v2\/product\/119513","targetHints":{"allow":["GET"]}}],"collection":[{"href":"https:\/\/nabytoklaguna.sk\/sk\/wp-json\/wp\/v2\/product"}],"about":[{"href":"https:\/\/nabytoklaguna.sk\/sk\/wp-json\/wp\/v2\/types\/product"}],"replies":[{"embeddable":true,"href":"https:\/\/nabytoklaguna.sk\/sk\/wp-json\/wp\/v2\/comments?post=119513"}],"wp:featuredmedia":[{"embeddable":true,"href":"https:\/\/nabytoklaguna.sk\/sk\/wp-json\/wp\/v2\/media\/60639"}],"wp:attachment":[{"href":"https:\/\/nabytoklaguna.sk\/sk\/wp-json\/wp\/v2\/media?parent=119513"}],"wp:term":[{"taxonomy":"product_brand","embeddable":true,"href":"https:\/\/nabytoklaguna.sk\/sk\/wp-json\/wp\/v2\/product_brand?post=119513"},{"taxonomy":"product_cat","embeddable":true,"href":"https:\/\/nabytoklaguna.sk\/sk\/wp-json\/wp\/v2\/product_cat?post=119513"},{"taxonomy":"product_tag","embeddable":true,"href":"https:\/\/nabytoklaguna.sk\/sk\/wp-json\/wp\/v2\/product_tag?post=119513"}],"curies":[{"name":"wp","href":"https:\/\/api.w.org\/{rel}","templated":true}]}}