{"id":119514,"date":"2023-04-22T18:40:00","date_gmt":"2023-04-22T18:40:00","guid":{"rendered":"https:\/\/nabytoklaguna.sk\/sk\/?post_type=product&#038;p=119514"},"modified":"2025-09-02T13:15:38","modified_gmt":"2025-09-02T11:15:38","slug":"noko-singa-03-predsien","status":"publish","type":"product","link":"https:\/\/nabytoklaguna.sk\/sk\/produkt\/noko-singa-03-predsien\/","title":{"rendered":"K NOKO-SINGA 03"},"content":{"rendered":"<p>Jednoduch\u00e1 predsie\u0148ov\u00e1 zostava, ktor\u00e1 za\u017eiari v \u00a0ka\u017edej dom\u00e1cnosti. Materi\u00e1l:DTD laminovan\u00e1, prevedenie:dub sonoma. Obsahuje odkladaciu poli\u010dku, ve\u0161iakov\u00fd panel, zrkadlo, skrinka so z\u00e1suvkou a\u00a0 otvoren\u00fd priestor na top\u00e1nky<\/p>\n<p>&nbsp;<\/p>\n<p><img loading=\"lazy\" decoding=\"async\" class=\"alignnone size-full wp-image-12446\" src=\"http:\/\/nabytoklaguna.sk\/sk\/wp-content\/uploads\/2017\/03\/slovensk\u00fd-znak-16.png\" alt=\"\" width=\"126\" height=\"126\" srcset=\"https:\/\/nabytoklaguna.sk\/sk\/wp-content\/uploads\/2017\/03\/slovensk\u00fd-znak-16.png 126w, https:\/\/nabytoklaguna.sk\/sk\/wp-content\/uploads\/2017\/03\/slovensk\u00fd-znak-16-100x100.png 100w\" sizes=\"auto, (max-width: 126px) 100vw, 126px\" \/><\/p>\n<p>ROZMER<\/p>\n<p>\u0160\u00edrka: 90 cm<\/p>\n<p>H\u013abka: 30 cm<\/p>\n<p>V\u00fd\u0161ka: 187 cm<\/p>\n","protected":false},"excerpt":{"rendered":"<p>Jednoduch\u00e1 predsie\u0148ov\u00e1 zostava, ktor\u00e1 za\u017eiari v \u00a0ka\u017edej dom\u00e1cnosti. Materi\u00e1l:DTD laminovan\u00e1, prevedenie:dub sonoma. Obsahuje odkladaciu poli\u010dku, ve\u0161iakov\u00fd panel, zrkadlo, skrinka so z\u00e1suvkou a\u00a0 otvoren\u00fd priestor na top\u00e1nky &nbsp; ROZMER \u0160\u00edrka: 90 cm H\u013abka: 30 cm V\u00fd\u0161ka: 187 cm<\/p>\n","protected":false},"featured_media":12722,"comment_status":"closed","ping_status":"closed","template":"","meta":{"_seopress_robots_primary_cat":"257","_seopress_titles_title":"","_seopress_titles_desc":"","_seopress_robots_index":""},"product_brand":[],"product_cat":[2139,6943,257],"product_tag":[],"class_list":{"0":"post-119514","1":"product","2":"type-product","3":"status-publish","4":"has-post-thumbnail","6":"product_cat-predsiene-predsiene","7":"product_cat-predsiene-zostavy","8":"product_cat-predsiene","10":"first","11":"onbackorder","12":"shipping-taxable","13":"purchasable","14":"product-type-simple"},"_links":{"self":[{"href":"https:\/\/nabytoklaguna.sk\/sk\/wp-json\/wp\/v2\/product\/119514","targetHints":{"allow":["GET"]}}],"collection":[{"href":"https:\/\/nabytoklaguna.sk\/sk\/wp-json\/wp\/v2\/product"}],"about":[{"href":"https:\/\/nabytoklaguna.sk\/sk\/wp-json\/wp\/v2\/types\/product"}],"replies":[{"embeddable":true,"href":"https:\/\/nabytoklaguna.sk\/sk\/wp-json\/wp\/v2\/comments?post=119514"}],"wp:featuredmedia":[{"embeddable":true,"href":"https:\/\/nabytoklaguna.sk\/sk\/wp-json\/wp\/v2\/media\/12722"}],"wp:attachment":[{"href":"https:\/\/nabytoklaguna.sk\/sk\/wp-json\/wp\/v2\/media?parent=119514"}],"wp:term":[{"taxonomy":"product_brand","embeddable":true,"href":"https:\/\/nabytoklaguna.sk\/sk\/wp-json\/wp\/v2\/product_brand?post=119514"},{"taxonomy":"product_cat","embeddable":true,"href":"https:\/\/nabytoklaguna.sk\/sk\/wp-json\/wp\/v2\/product_cat?post=119514"},{"taxonomy":"product_tag","embeddable":true,"href":"https:\/\/nabytoklaguna.sk\/sk\/wp-json\/wp\/v2\/product_tag?post=119514"}],"curies":[{"name":"wp","href":"https:\/\/api.w.org\/{rel}","templated":true}]}}