{"id":119518,"date":"2023-04-22T18:40:00","date_gmt":"2023-04-22T18:40:00","guid":{"rendered":"https:\/\/nabytoklaguna.sk\/sk\/?post_type=product&#038;p=119518"},"modified":"2025-09-30T11:38:42","modified_gmt":"2025-09-30T09:38:42","slug":"k-oleg-new","status":"publish","type":"product","link":"https:\/\/nabytoklaguna.sk\/sk\/produkt\/k-oleg-new\/","title":{"rendered":"K OLEG NEW"},"content":{"rendered":"<p>Praktick\u00e1 stoli\u010dka v preveden\u00ed orech+l\u00e1tka b\u00e9\u017eov\u00e1.<\/p>\n<p>Rozmer:\/\u0160xHxV\/:45x48x95cm, v\u00fd\u0161ka sedenia:43cm<\/p>\n","protected":false},"excerpt":{"rendered":"<p>Praktick\u00e1 stoli\u010dka v preveden\u00ed orech+l\u00e1tka b\u00e9\u017eov\u00e1. Rozmer:\/\u0160xHxV\/:45x48x95cm, v\u00fd\u0161ka sedenia:43cm<\/p>\n","protected":false},"featured_media":9400,"comment_status":"closed","ping_status":"closed","template":"","meta":{"_seopress_robots_primary_cat":"238","_seopress_titles_title":"","_seopress_titles_desc":"","_seopress_robots_index":""},"product_brand":[],"product_cat":[238],"product_tag":[],"class_list":{"0":"post-119518","1":"product","2":"type-product","3":"status-publish","4":"has-post-thumbnail","6":"product_cat-drevene-stolicky","8":"first","9":"onbackorder","10":"shipping-taxable","11":"purchasable","12":"product-type-simple"},"_links":{"self":[{"href":"https:\/\/nabytoklaguna.sk\/sk\/wp-json\/wp\/v2\/product\/119518","targetHints":{"allow":["GET"]}}],"collection":[{"href":"https:\/\/nabytoklaguna.sk\/sk\/wp-json\/wp\/v2\/product"}],"about":[{"href":"https:\/\/nabytoklaguna.sk\/sk\/wp-json\/wp\/v2\/types\/product"}],"replies":[{"embeddable":true,"href":"https:\/\/nabytoklaguna.sk\/sk\/wp-json\/wp\/v2\/comments?post=119518"}],"wp:featuredmedia":[{"embeddable":true,"href":"https:\/\/nabytoklaguna.sk\/sk\/wp-json\/wp\/v2\/media\/9400"}],"wp:attachment":[{"href":"https:\/\/nabytoklaguna.sk\/sk\/wp-json\/wp\/v2\/media?parent=119518"}],"wp:term":[{"taxonomy":"product_brand","embeddable":true,"href":"https:\/\/nabytoklaguna.sk\/sk\/wp-json\/wp\/v2\/product_brand?post=119518"},{"taxonomy":"product_cat","embeddable":true,"href":"https:\/\/nabytoklaguna.sk\/sk\/wp-json\/wp\/v2\/product_cat?post=119518"},{"taxonomy":"product_tag","embeddable":true,"href":"https:\/\/nabytoklaguna.sk\/sk\/wp-json\/wp\/v2\/product_tag?post=119518"}],"curies":[{"name":"wp","href":"https:\/\/api.w.org\/{rel}","templated":true}]}}