{"id":119520,"date":"2023-04-22T18:40:00","date_gmt":"2023-04-22T18:40:00","guid":{"rendered":"https:\/\/nabytoklaguna.sk\/sk\/?post_type=product&#038;p=119520"},"modified":"2026-04-20T11:30:29","modified_gmt":"2026-04-20T09:30:29","slug":"k-santiago-u-velky-sedacia-suprava","status":"publish","type":"product","link":"https:\/\/nabytoklaguna.sk\/sk\/produkt\/k-santiago-u-velky-sedacia-suprava\/","title":{"rendered":"K SANTIAGO U VE\u013dK\u00dd sedacia s\u00faprava"},"content":{"rendered":"<p>Ka\u017ed\u00fd t\u00fa\u017ei po <strong>kr\u00e1snej a ve\u013ekej sedacej s\u00faprav<\/strong>e, ktor\u00e1 bude reprezentova\u0165 ob\u00fdvaciu izbu. Jedine\u010dn\u00fd vzh\u013ead a modern\u00fd dizajn- to je sedacia s\u00faprava <strong>SANTIAGO U<\/strong>. O maxim\u00e1lne pohodlie sa postaraj\u00fa \u0161peci\u00e1lne tvarovan\u00e9 <strong>polohovacie opierky hlavy<\/strong>. Sedacia s\u00faprava m\u00e1 <strong>funkciu rozkladu<\/strong> a v\u010faka syst\u00e9mu<strong> AUTOMAT<\/strong> ju jednoducho <strong>rozlo\u017e\u00edte<\/strong>. Samozrejmos\u0165ou je <strong>\u00falo\u017en\u00fd priestor<\/strong>, kde si m\u00f4\u017eete ulo\u017ei\u0165 veci, ktor\u00e9 nepotrebujete ma\u0165 ihne\u010f po ruke. Je <strong>celo\u010dal\u00fanen\u00e1<\/strong> a tak je mo\u017en\u00e9 ju umiestni\u0165 <strong>aj do priestoru<\/strong>. O dokonal\u00e9 sedenie sa postar\u00e1 pru\u017eina Bonel. Sedacia s\u00faprava je univerz\u00e1lna<\/p>\n<p>Mo\u017enos\u0165 objednania v 6 farebn\u00fdch prevedeniach l\u00e1tky MATRIX a v 6 farebn\u00fdch prevedeniach ekoko\u017ee za cenu 1549 Eur. Doba dodania je 8-10 t\u00fd\u017ed\u0148ov<\/p>\n<p><strong>Po\u0165ahov\u00e1 l\u00e1tka MATRIX<\/strong> je\u00a0pr\u00edjemn\u00e1 na dotyk, m\u00e1 jemn\u00fd a hladk\u00fd povrch so zauj\u00edmav\u00fdm dvojfarebn\u00fdm efektom.Vzh\u013eadom na svoje\u00a0<strong>dobr\u00e9 vlastnosti a vysok\u00fa gram\u00e1\u017e a\u017e 345kg\/m2<\/strong>\u00a0je ur\u010den\u00e1 na n\u00e1ro\u010dn\u00e9 pou\u017eitie. V\u010faka husto tkan\u00fdm vl\u00e1knam je l\u00e1tka MATRIX\u00a0<strong>trv\u00e1cna, ne\u017emolkuje sa, je vysokooderuodoln\u00e1<\/strong>\u00a0a teda ide\u00e1lna na \u010dal\u00fanenie seda\u010diek, pohoviek valand, sed\u00e1kov, opierok, paletov\u00e9ho sedenia a in\u00e9&#8230;<\/p>\n<h3 class=\"page-product-heading\">VLASTNOSTI<\/h3>\n<table class=\"table-data-sheet\" style=\"width: 100%; height: 999px;\">\n<tbody>\n<tr class=\"odd\" style=\"height: 50px;\">\n<td style=\"height: 50px;\">H\u013abka<\/td>\n<td style=\"height: 50px;\">217\/217 cm<\/td>\n<\/tr>\n<tr class=\"even\" style=\"height: 50px;\">\n<td style=\"height: 50px;\">\u0160\u00edrka<\/td>\n<td style=\"height: 50px;\">338 cm<\/td>\n<\/tr>\n<tr class=\"odd\" style=\"height: 50px;\">\n<td style=\"height: 50px;\">V\u00fd\u0161ka<\/td>\n<td style=\"height: 50px;\">86-106 cm<\/td>\n<\/tr>\n<tr class=\"even\" style=\"height: 50px;\">\n<td style=\"height: 50px;\">Vhodn\u00e1 miestnos\u0165<\/td>\n<td style=\"height: 50px;\">ob\u00fdva\u010dka, spolo\u010densk\u00e1 miestnos\u0165, hotely, kaviarne<\/td>\n<\/tr>\n<tr class=\"odd\" style=\"height: 50px;\">\n<td style=\"height: 50px;\">Typ n\u00e1bytku<\/td>\n<td style=\"height: 50px;\">sedacia s\u00faprava v tvare U<\/td>\n<\/tr>\n<tr class=\"even\" style=\"height: 50px;\">\n<td style=\"height: 50px;\">\u0160t\u00fdl n\u00e1bytku<\/td>\n<td style=\"height: 50px;\">modern\u00fd<\/td>\n<\/tr>\n<tr class=\"odd\" style=\"height: 50px;\">\n<td style=\"height: 50px;\">Z\u00e1ruka<\/td>\n<td style=\"height: 50px;\">2 roky<\/td>\n<\/tr>\n<tr class=\"even\" style=\"height: 50px;\">\n<td style=\"height: 50px;\">Sp\u00f4sob dodania<\/td>\n<td style=\"height: 50px;\">demont v troch bal\u00edkoch<\/td>\n<\/tr>\n<tr class=\"odd\" style=\"height: 50px;\">\n<td style=\"height: 50px;\">Hmotnos\u0165<\/td>\n<td style=\"height: 50px;\">150 kg<\/td>\n<\/tr>\n<tr class=\"even\" style=\"height: 50px;\">\n<td style=\"height: 50px;\">\u00dalo\u017en\u00fd priestor<\/td>\n<td style=\"height: 50px;\">\u00e1no<\/td>\n<\/tr>\n<tr class=\"odd\" style=\"height: 50px;\">\n<td style=\"height: 50px;\">Rohov\u00e9 prevedenie<\/td>\n<td style=\"height: 50px;\">\u00e1no<\/td>\n<\/tr>\n<tr class=\"even\" style=\"height: 50px;\">\n<td style=\"height: 50px;\">V\u00fd\u0161ka sed\u00e1ka<\/td>\n<td style=\"height: 50px;\">41 cm<\/td>\n<\/tr>\n<tr class=\"odd\" style=\"height: 50px;\">\n<td style=\"height: 50px;\">V\u00fd\u0161ka zadn\u00e9ho \u010dela<\/td>\n<td style=\"height: 50px;\">max. 106 cm<\/td>\n<\/tr>\n<tr class=\"even\" style=\"height: 50px;\">\n<td style=\"height: 50px;\">Mo\u017enos\u0165 rozkladania<\/td>\n<td style=\"height: 50px;\">\u00e1no<\/td>\n<\/tr>\n<tr class=\"odd\" style=\"height: 50px;\">\n<td style=\"height: 50px;\">Plocha na spanie:<\/td>\n<td style=\"height: 50px;\">116x225cm<\/td>\n<\/tr>\n<tr class=\"even\" style=\"height: 50px;\">\n<td style=\"height: 50px;\">Kon\u0161trukcia<\/td>\n<td style=\"height: 50px;\">DTD<\/td>\n<\/tr>\n<tr class=\"odd\" style=\"height: 50px;\">\n<td style=\"height: 50px;\">N\u00f4\u017eky<\/td>\n<td style=\"height: 50px;\">kov<\/td>\n<\/tr>\n<tr class=\"even\" style=\"height: 50px;\">\n<td style=\"height: 50px;\">Obsahuje vank\u00fa\u0161e<\/td>\n<td style=\"height: 50px;\">nie<\/td>\n<\/tr>\n<tr class=\"odd\" style=\"height: 50px;\">\n<td style=\"height: 50px;\">Nastavenie opierok<\/td>\n<td style=\"height: 50px;\">\u00e1no<\/td>\n<\/tr>\n<tr class=\"even\" style=\"height: 49px;\">\n<td style=\"height: 49px;\">V\u00fdpl\u0148 seda\u010dky<\/td>\n<td style=\"height: 49px;\">pena+ pru\u017eina<\/td>\n<\/tr>\n<\/tbody>\n<\/table>\n<p>&nbsp;<\/p>\n","protected":false},"excerpt":{"rendered":"<p>Ka\u017ed\u00fd t\u00fa\u017ei po kr\u00e1snej a ve\u013ekej sedacej s\u00faprave, ktor\u00e1 bude reprezentova\u0165 ob\u00fdvaciu izbu. Jedine\u010dn\u00fd vzh\u013ead a modern\u00fd dizajn- to je sedacia s\u00faprava SANTIAGO U. O maxim\u00e1lne pohodlie sa postaraj\u00fa \u0161peci\u00e1lne tvarovan\u00e9 polohovacie opierky hlavy. Sedacia s\u00faprava m\u00e1 funkciu rozkladu a v\u010faka syst\u00e9mu AUTOMAT ju jednoducho rozlo\u017e\u00edte. Samozrejmos\u0165ou je \u00falo\u017en\u00fd priestor, kde si m\u00f4\u017eete ulo\u017ei\u0165 veci,&#8230;<\/p>\n","protected":false},"featured_media":29388,"comment_status":"closed","ping_status":"closed","template":"","meta":{"_seopress_robots_primary_cat":"254","_seopress_titles_title":"","_seopress_titles_desc":"","_seopress_robots_index":""},"product_brand":[],"product_cat":[140,254],"product_tag":[],"class_list":{"0":"post-119520","1":"product","2":"type-product","3":"status-publish","4":"has-post-thumbnail","6":"product_cat-sedacie-supravy","7":"product_cat-sedacie-supravy-u","9":"first","10":"instock","11":"shipping-taxable","12":"purchasable","13":"product-type-simple"},"_links":{"self":[{"href":"https:\/\/nabytoklaguna.sk\/sk\/wp-json\/wp\/v2\/product\/119520","targetHints":{"allow":["GET"]}}],"collection":[{"href":"https:\/\/nabytoklaguna.sk\/sk\/wp-json\/wp\/v2\/product"}],"about":[{"href":"https:\/\/nabytoklaguna.sk\/sk\/wp-json\/wp\/v2\/types\/product"}],"replies":[{"embeddable":true,"href":"https:\/\/nabytoklaguna.sk\/sk\/wp-json\/wp\/v2\/comments?post=119520"}],"wp:featuredmedia":[{"embeddable":true,"href":"https:\/\/nabytoklaguna.sk\/sk\/wp-json\/wp\/v2\/media\/29388"}],"wp:attachment":[{"href":"https:\/\/nabytoklaguna.sk\/sk\/wp-json\/wp\/v2\/media?parent=119520"}],"wp:term":[{"taxonomy":"product_brand","embeddable":true,"href":"https:\/\/nabytoklaguna.sk\/sk\/wp-json\/wp\/v2\/product_brand?post=119520"},{"taxonomy":"product_cat","embeddable":true,"href":"https:\/\/nabytoklaguna.sk\/sk\/wp-json\/wp\/v2\/product_cat?post=119520"},{"taxonomy":"product_tag","embeddable":true,"href":"https:\/\/nabytoklaguna.sk\/sk\/wp-json\/wp\/v2\/product_tag?post=119520"}],"curies":[{"name":"wp","href":"https:\/\/api.w.org\/{rel}","templated":true}]}}