{"id":119526,"date":"2023-04-22T18:40:00","date_gmt":"2023-04-22T18:40:00","guid":{"rendered":"https:\/\/nabytoklaguna.sk\/sk\/?post_type=product&#038;p=119526"},"modified":"2026-01-08T14:21:31","modified_gmt":"2026-01-08T13:21:31","slug":"k-siriss","status":"publish","type":"product","link":"https:\/\/nabytoklaguna.sk\/sk\/produkt\/k-siriss\/","title":{"rendered":"K SIRISS"},"content":{"rendered":"<p>Po\u010d\u00edta\u010dov\u00fd stol\u00edk s ve\u013emi kvalitn\u00fdm a jednoduch\u00fdm spracovan\u00edm 1 \u0161ufl\u00edk a 1 dvierka. Prevedenie biele.<\/p>\n<ul>\n<li><b>Materi\u00e1l:<\/b>\u00a0DTD f\u00f3liovan\u00e1<\/li>\n<li><b>Farba:\u00a0<\/b>biela<\/li>\n<li><b>Rozmery (\u0160xHxV):<\/b>\u00a0108,5x50x75 cm<\/li>\n<li>So skrinkou a \u0161upl\u00edkom<\/li>\n<li><b>Rozmery skrinky (\u0160xHxV):<\/b>\u00a039x50x47,7 cm<\/li>\n<li><b>Rozmery \u0161upl\u00edka (\u0160xHxV):<\/b>\u00a039x50x15 cm<\/li>\n<li>\u00dachytky z PVC materi\u00e1lu<\/li>\n<li>Dod\u00e1van\u00e9 v demonte<\/li>\n<\/ul>\n","protected":false},"excerpt":{"rendered":"<p>Po\u010d\u00edta\u010dov\u00fd stol\u00edk s ve\u013emi kvalitn\u00fdm a jednoduch\u00fdm spracovan\u00edm 1 \u0161ufl\u00edk a 1 dvierka. Prevedenie biele. Materi\u00e1l:\u00a0DTD f\u00f3liovan\u00e1 Farba:\u00a0biela Rozmery (\u0160xHxV):\u00a0108,5x50x75 cm So skrinkou a \u0161upl\u00edkom Rozmery skrinky (\u0160xHxV):\u00a039x50x47,7 cm Rozmery \u0161upl\u00edka (\u0160xHxV):\u00a039x50x15 cm \u00dachytky z PVC materi\u00e1lu Dod\u00e1van\u00e9 v demonte<\/p>\n","protected":false},"featured_media":7976,"comment_status":"closed","ping_status":"closed","template":"","meta":{"_seopress_robots_primary_cat":"247","_seopress_titles_title":"","_seopress_titles_desc":"","_seopress_robots_index":""},"product_brand":[],"product_cat":[247],"product_tag":[],"class_list":{"0":"post-119526","1":"product","2":"type-product","3":"status-publish","4":"has-post-thumbnail","6":"product_cat-pisacie-pocitacove-stoly","8":"first","9":"onbackorder","10":"shipping-taxable","11":"purchasable","12":"product-type-simple"},"_links":{"self":[{"href":"https:\/\/nabytoklaguna.sk\/sk\/wp-json\/wp\/v2\/product\/119526","targetHints":{"allow":["GET"]}}],"collection":[{"href":"https:\/\/nabytoklaguna.sk\/sk\/wp-json\/wp\/v2\/product"}],"about":[{"href":"https:\/\/nabytoklaguna.sk\/sk\/wp-json\/wp\/v2\/types\/product"}],"replies":[{"embeddable":true,"href":"https:\/\/nabytoklaguna.sk\/sk\/wp-json\/wp\/v2\/comments?post=119526"}],"wp:featuredmedia":[{"embeddable":true,"href":"https:\/\/nabytoklaguna.sk\/sk\/wp-json\/wp\/v2\/media\/7976"}],"wp:attachment":[{"href":"https:\/\/nabytoklaguna.sk\/sk\/wp-json\/wp\/v2\/media?parent=119526"}],"wp:term":[{"taxonomy":"product_brand","embeddable":true,"href":"https:\/\/nabytoklaguna.sk\/sk\/wp-json\/wp\/v2\/product_brand?post=119526"},{"taxonomy":"product_cat","embeddable":true,"href":"https:\/\/nabytoklaguna.sk\/sk\/wp-json\/wp\/v2\/product_cat?post=119526"},{"taxonomy":"product_tag","embeddable":true,"href":"https:\/\/nabytoklaguna.sk\/sk\/wp-json\/wp\/v2\/product_tag?post=119526"}],"curies":[{"name":"wp","href":"https:\/\/api.w.org\/{rel}","templated":true}]}}