{"id":119528,"date":"2023-04-22T18:40:00","date_gmt":"2023-04-22T16:40:00","guid":{"rendered":"https:\/\/nabytoklaguna.sk\/sk\/?post_type=product&#038;p=119528"},"modified":"2023-11-06T16:47:12","modified_gmt":"2023-11-06T15:47:12","slug":"artelb-milano-v","status":"publish","type":"product","link":"https:\/\/nabytoklaguna.sk\/sk\/produkt\/artelb-milano-v\/","title":{"rendered":"MILANO V"},"content":{"rendered":"<p>Stoli\u010dka z mas\u00edvneho dreva v preveden\u00ed orech. Po\u0165ahov\u00e1 l\u00e1tka je na v\u00fdber z pon\u00fakan\u00e9ho vzorkovn\u00edka. Za l\u00e1tku 28, 29, 30, 31, 32, 33, 34, 35, 36 je doplatok 3,- \u20ac.\u00a0 Farbu dreva je mo\u017en\u00e9 vybra\u0165 z ponuky: orech, sonoma, biela, dub grandson a ga\u0161tan.<\/p>\n<p>Rozmery: \u0161xvxh: 43&#215;48\/94&#215;40 cm.<\/p>\n<p>&nbsp;<\/p>\n","protected":false},"excerpt":{"rendered":"<p>Stoli\u010dka z mas\u00edvneho dreva v preveden\u00ed orech. Po\u0165ahov\u00e1 l\u00e1tka je na v\u00fdber z pon\u00fakan\u00e9ho vzorkovn\u00edka. Za l\u00e1tku 28, 29, 30, 31, 32, 33, 34, 35, 36 je doplatok 3,- \u20ac.\u00a0 Farbu dreva je mo\u017en\u00e9 vybra\u0165 z ponuky: orech, sonoma, biela, dub grandson a ga\u0161tan. Rozmery: \u0161xvxh: 43&#215;48\/94&#215;40 cm. &nbsp;<\/p>\n","protected":false},"featured_media":6299,"comment_status":"closed","ping_status":"closed","template":"","meta":{"_seopress_robots_primary_cat":"238","_seopress_titles_title":"","_seopress_titles_desc":"","_seopress_robots_index":""},"product_brand":[],"product_cat":[238],"product_tag":[],"class_list":{"0":"post-119528","1":"product","2":"type-product","3":"status-publish","4":"has-post-thumbnail","6":"product_cat-drevene-stolicky","8":"first","9":"onbackorder","10":"shipping-taxable","11":"purchasable","12":"product-type-simple"},"_links":{"self":[{"href":"https:\/\/nabytoklaguna.sk\/sk\/wp-json\/wp\/v2\/product\/119528","targetHints":{"allow":["GET"]}}],"collection":[{"href":"https:\/\/nabytoklaguna.sk\/sk\/wp-json\/wp\/v2\/product"}],"about":[{"href":"https:\/\/nabytoklaguna.sk\/sk\/wp-json\/wp\/v2\/types\/product"}],"replies":[{"embeddable":true,"href":"https:\/\/nabytoklaguna.sk\/sk\/wp-json\/wp\/v2\/comments?post=119528"}],"wp:featuredmedia":[{"embeddable":true,"href":"https:\/\/nabytoklaguna.sk\/sk\/wp-json\/wp\/v2\/media\/6299"}],"wp:attachment":[{"href":"https:\/\/nabytoklaguna.sk\/sk\/wp-json\/wp\/v2\/media?parent=119528"}],"wp:term":[{"taxonomy":"product_brand","embeddable":true,"href":"https:\/\/nabytoklaguna.sk\/sk\/wp-json\/wp\/v2\/product_brand?post=119528"},{"taxonomy":"product_cat","embeddable":true,"href":"https:\/\/nabytoklaguna.sk\/sk\/wp-json\/wp\/v2\/product_cat?post=119528"},{"taxonomy":"product_tag","embeddable":true,"href":"https:\/\/nabytoklaguna.sk\/sk\/wp-json\/wp\/v2\/product_tag?post=119528"}],"curies":[{"name":"wp","href":"https:\/\/api.w.org\/{rel}","templated":true}]}}