{"id":119531,"date":"2023-04-22T18:40:00","date_gmt":"2023-04-22T16:40:00","guid":{"rendered":"https:\/\/nabytoklaguna.sk\/sk\/?post_type=product&#038;p=119531"},"modified":"2023-11-09T16:42:04","modified_gmt":"2023-11-09T15:42:04","slug":"artelb-jedalensky-set-max-v-boss-xiv","status":"publish","type":"product","link":"https:\/\/nabytoklaguna.sk\/sk\/produkt\/artelb-jedalensky-set-max-v-boss-xiv\/","title":{"rendered":"ArtElb Jed\u00e1lensk\u00fd set MAX V \/ BOSS XIV"},"content":{"rendered":"<p>Jed\u00e1lensk\u00fd set 1+6 z mas\u00edvu. St\u00f4l\u00a0 &#8211; pl\u00e1t laminovan\u00e1 DTD, nohy bukov\u00fd mas\u00edv. Stoli\u010dka &#8211; bukov\u00fd mas\u00edv. Mo\u017enos\u0165 v\u00fdberu farebn\u00e9ho prevedenie a po\u0165ahovej l\u00e1tky pod\u013ea ponuky.<\/p>\n<p>Rozmery: st\u00f4l: \u0161xvxd: 80x78x120\/150 cm. Stoli\u010dka: \u0161xvxh: 43x94x40 cm.<\/p>\n","protected":false},"excerpt":{"rendered":"<p>Jed\u00e1lensk\u00fd set 1+6 z mas\u00edvu. St\u00f4l\u00a0 &#8211; pl\u00e1t laminovan\u00e1 DTD, nohy bukov\u00fd mas\u00edv. Stoli\u010dka &#8211; bukov\u00fd mas\u00edv. Mo\u017enos\u0165 v\u00fdberu farebn\u00e9ho prevedenie a po\u0165ahovej l\u00e1tky pod\u013ea ponuky. Rozmery: st\u00f4l: \u0161xvxd: 80x78x120\/150 cm. Stoli\u010dka: \u0161xvxh: 43x94x40 cm.<\/p>\n","protected":false},"featured_media":6631,"comment_status":"closed","ping_status":"closed","template":"","meta":{"_seopress_robots_primary_cat":"246","_seopress_titles_title":"","_seopress_titles_desc":"","_seopress_robots_index":""},"product_brand":[],"product_cat":[246],"product_tag":[],"class_list":{"0":"post-119531","1":"product","2":"type-product","3":"status-publish","4":"has-post-thumbnail","6":"product_cat-jedalenske-sety","8":"first","9":"onbackorder","10":"shipping-taxable","11":"purchasable","12":"product-type-simple"},"_links":{"self":[{"href":"https:\/\/nabytoklaguna.sk\/sk\/wp-json\/wp\/v2\/product\/119531","targetHints":{"allow":["GET"]}}],"collection":[{"href":"https:\/\/nabytoklaguna.sk\/sk\/wp-json\/wp\/v2\/product"}],"about":[{"href":"https:\/\/nabytoklaguna.sk\/sk\/wp-json\/wp\/v2\/types\/product"}],"replies":[{"embeddable":true,"href":"https:\/\/nabytoklaguna.sk\/sk\/wp-json\/wp\/v2\/comments?post=119531"}],"wp:featuredmedia":[{"embeddable":true,"href":"https:\/\/nabytoklaguna.sk\/sk\/wp-json\/wp\/v2\/media\/6631"}],"wp:attachment":[{"href":"https:\/\/nabytoklaguna.sk\/sk\/wp-json\/wp\/v2\/media?parent=119531"}],"wp:term":[{"taxonomy":"product_brand","embeddable":true,"href":"https:\/\/nabytoklaguna.sk\/sk\/wp-json\/wp\/v2\/product_brand?post=119531"},{"taxonomy":"product_cat","embeddable":true,"href":"https:\/\/nabytoklaguna.sk\/sk\/wp-json\/wp\/v2\/product_cat?post=119531"},{"taxonomy":"product_tag","embeddable":true,"href":"https:\/\/nabytoklaguna.sk\/sk\/wp-json\/wp\/v2\/product_tag?post=119531"}],"curies":[{"name":"wp","href":"https:\/\/api.w.org\/{rel}","templated":true}]}}