{"id":119539,"date":"2023-04-22T18:40:00","date_gmt":"2023-04-22T18:40:00","guid":{"rendered":"https:\/\/nabytoklaguna.sk\/sk\/?post_type=product&#038;p=119539"},"modified":"2023-11-09T16:45:46","modified_gmt":"2023-11-09T15:45:46","slug":"artelb-jedalensky-set-max-iv-boss-vii","status":"publish","type":"product","link":"https:\/\/nabytoklaguna.sk\/sk\/produkt\/artelb-jedalensky-set-max-iv-boss-vii\/","title":{"rendered":"ArtElb Jed\u00e1lensk\u00fd set MAX IV\/BOSS VII"},"content":{"rendered":"<p>Jed\u00e1lensk\u00fd set 1+4 z mas\u00edvu. St\u00f4l MAX IV, pl\u00e1t pr\u00edrodn\u00e1 dyha, nohy bukov\u00fd mas\u00edv. Stoli\u010dka BOSS VII, bukov\u00fd mas\u00edv. Mo\u017enos\u0165 objedna\u0165 v r\u00f4znych farebn\u00fdch prevedeniach pod\u013ea ponuky.<\/p>\n<p>Rozmery: st\u00f4l: \u0161xvxd: 70x76x120\/150 cm. Stoli\u010dka: \u0161xvxh: 43x96x40 cm.<\/p>\n","protected":false},"excerpt":{"rendered":"<p>Jed\u00e1lensk\u00fd set 1+4 z mas\u00edvu. St\u00f4l MAX IV, pl\u00e1t pr\u00edrodn\u00e1 dyha, nohy bukov\u00fd mas\u00edv. Stoli\u010dka BOSS VII, bukov\u00fd mas\u00edv. Mo\u017enos\u0165 objedna\u0165 v r\u00f4znych farebn\u00fdch prevedeniach pod\u013ea ponuky. Rozmery: st\u00f4l: \u0161xvxd: 70x76x120\/150 cm. Stoli\u010dka: \u0161xvxh: 43x96x40 cm.<\/p>\n","protected":false},"featured_media":6595,"comment_status":"closed","ping_status":"closed","template":"","meta":{"_seopress_robots_primary_cat":"246","_seopress_titles_title":"","_seopress_titles_desc":"","_seopress_robots_index":""},"product_brand":[],"product_cat":[246],"product_tag":[],"class_list":{"0":"post-119539","1":"product","2":"type-product","3":"status-publish","4":"has-post-thumbnail","6":"product_cat-jedalenske-sety","8":"first","9":"onbackorder","10":"shipping-taxable","11":"purchasable","12":"product-type-simple"},"_links":{"self":[{"href":"https:\/\/nabytoklaguna.sk\/sk\/wp-json\/wp\/v2\/product\/119539","targetHints":{"allow":["GET"]}}],"collection":[{"href":"https:\/\/nabytoklaguna.sk\/sk\/wp-json\/wp\/v2\/product"}],"about":[{"href":"https:\/\/nabytoklaguna.sk\/sk\/wp-json\/wp\/v2\/types\/product"}],"replies":[{"embeddable":true,"href":"https:\/\/nabytoklaguna.sk\/sk\/wp-json\/wp\/v2\/comments?post=119539"}],"wp:featuredmedia":[{"embeddable":true,"href":"https:\/\/nabytoklaguna.sk\/sk\/wp-json\/wp\/v2\/media\/6595"}],"wp:attachment":[{"href":"https:\/\/nabytoklaguna.sk\/sk\/wp-json\/wp\/v2\/media?parent=119539"}],"wp:term":[{"taxonomy":"product_brand","embeddable":true,"href":"https:\/\/nabytoklaguna.sk\/sk\/wp-json\/wp\/v2\/product_brand?post=119539"},{"taxonomy":"product_cat","embeddable":true,"href":"https:\/\/nabytoklaguna.sk\/sk\/wp-json\/wp\/v2\/product_cat?post=119539"},{"taxonomy":"product_tag","embeddable":true,"href":"https:\/\/nabytoklaguna.sk\/sk\/wp-json\/wp\/v2\/product_tag?post=119539"}],"curies":[{"name":"wp","href":"https:\/\/api.w.org\/{rel}","templated":true}]}}