{"id":119549,"date":"2023-04-22T18:40:00","date_gmt":"2023-04-22T18:40:00","guid":{"rendered":"https:\/\/nabytoklaguna.sk\/sk\/?post_type=product&#038;p=119549"},"modified":"2025-05-26T15:19:14","modified_gmt":"2025-05-26T13:19:14","slug":"kuchynska-linka-line-26m","status":"publish","type":"product","link":"https:\/\/nabytoklaguna.sk\/sk\/produkt\/kuchynska-linka-line-26m\/","title":{"rendered":"K LINE white"},"content":{"rendered":"<p>Kuchynsk\u00e1 z\u00e1kladn\u00e1 zostava v preveden\u00ed extra vysok\u00fd biely lesk HG \/ dub sonoma. DTD laminovan\u00e1, hr\u00fabka pracovnej dosky je 38 mm.\u00a0 V\u0161etky spodn\u00e9 skrinky s\u00fa dod\u00e1van\u00e9 s pracovnou doskou a spodnou li\u0161tou. Drezov\u00e1 skrinka je dod\u00e1van\u00e1 bez pracovnej dosky, je mo\u017en\u00e9 doobjedna\u0165 celoplo\u0161n\u00fd drez LYON v cene 94,- eur. Mo\u017enos\u0165 objedna\u0165 vo farebnom preveden\u00ed dub sonoma. Kuchynsk\u00fa linku je mo\u017en\u00e9 vysklada\u0165 aj ako sektorov\u00fa zostavu.<\/p>\n<p>Rozmer: 260 cm.<\/p>\n","protected":false},"excerpt":{"rendered":"<p>Kuchynsk\u00e1 z\u00e1kladn\u00e1 zostava v preveden\u00ed extra vysok\u00fd biely lesk HG \/ dub sonoma. DTD laminovan\u00e1, hr\u00fabka pracovnej dosky je 38 mm.\u00a0 V\u0161etky spodn\u00e9 skrinky s\u00fa dod\u00e1van\u00e9 s pracovnou doskou a spodnou li\u0161tou. Drezov\u00e1 skrinka je dod\u00e1van\u00e1 bez pracovnej dosky, je mo\u017en\u00e9 doobjedna\u0165 celoplo\u0161n\u00fd drez LYON v cene 94,- eur. Mo\u017enos\u0165 objedna\u0165 vo farebnom preveden\u00ed dub&#8230;<\/p>\n","protected":false},"featured_media":43169,"comment_status":"closed","ping_status":"closed","template":"","meta":{"_seopress_robots_primary_cat":"177","_seopress_titles_title":"","_seopress_titles_desc":"","_seopress_robots_index":""},"product_brand":[],"product_cat":[177],"product_tag":[],"class_list":{"0":"post-119549","1":"product","2":"type-product","3":"status-publish","4":"has-post-thumbnail","6":"product_cat-kuchyne-top","8":"first","9":"onbackorder","10":"shipping-taxable","11":"purchasable","12":"product-type-simple"},"_links":{"self":[{"href":"https:\/\/nabytoklaguna.sk\/sk\/wp-json\/wp\/v2\/product\/119549","targetHints":{"allow":["GET"]}}],"collection":[{"href":"https:\/\/nabytoklaguna.sk\/sk\/wp-json\/wp\/v2\/product"}],"about":[{"href":"https:\/\/nabytoklaguna.sk\/sk\/wp-json\/wp\/v2\/types\/product"}],"replies":[{"embeddable":true,"href":"https:\/\/nabytoklaguna.sk\/sk\/wp-json\/wp\/v2\/comments?post=119549"}],"wp:featuredmedia":[{"embeddable":true,"href":"https:\/\/nabytoklaguna.sk\/sk\/wp-json\/wp\/v2\/media\/43169"}],"wp:attachment":[{"href":"https:\/\/nabytoklaguna.sk\/sk\/wp-json\/wp\/v2\/media?parent=119549"}],"wp:term":[{"taxonomy":"product_brand","embeddable":true,"href":"https:\/\/nabytoklaguna.sk\/sk\/wp-json\/wp\/v2\/product_brand?post=119549"},{"taxonomy":"product_cat","embeddable":true,"href":"https:\/\/nabytoklaguna.sk\/sk\/wp-json\/wp\/v2\/product_cat?post=119549"},{"taxonomy":"product_tag","embeddable":true,"href":"https:\/\/nabytoklaguna.sk\/sk\/wp-json\/wp\/v2\/product_tag?post=119549"}],"curies":[{"name":"wp","href":"https:\/\/api.w.org\/{rel}","templated":true}]}}