{"id":119550,"date":"2023-04-22T18:40:00","date_gmt":"2023-04-22T18:40:00","guid":{"rendered":"https:\/\/nabytoklaguna.sk\/sk\/?post_type=product&#038;p=119550"},"modified":"2023-08-23T17:23:48","modified_gmt":"2023-08-23T15:23:48","slug":"nocny-stolik-gabriela","status":"publish","type":"product","link":"https:\/\/nabytoklaguna.sk\/sk\/produkt\/nocny-stolik-gabriela\/","title":{"rendered":"no\u010dn\u00fd stol\u00edk GABRIELA"},"content":{"rendered":"<p>Elegantn\u00fd no\u010dn\u00fd stol\u00edk s jednou z\u00e1suvkou a otvoren\u00fdm \u00falo\u017en\u00fdm priestorom. V cene s\u00fa 2 ks!<\/p>\n<p>Rozmery: (\u0160xVxH) 41,8x40x38 cm.<\/p>\n","protected":false},"excerpt":{"rendered":"<p>Elegantn\u00fd no\u010dn\u00fd stol\u00edk s jednou z\u00e1suvkou a otvoren\u00fdm \u00falo\u017en\u00fdm priestorom. V cene s\u00fa 2 ks! Rozmery: (\u0160xVxH) 41,8x40x38 cm.<\/p>\n","protected":false},"featured_media":7761,"comment_status":"closed","ping_status":"closed","template":"","meta":{"_seopress_robots_primary_cat":"224","_seopress_titles_title":"","_seopress_titles_desc":"","_seopress_robots_index":""},"product_brand":[],"product_cat":[224],"product_tag":[],"class_list":{"0":"post-119550","1":"product","2":"type-product","3":"status-publish","4":"has-post-thumbnail","6":"product_cat-nocne-stoliky","8":"first","9":"onbackorder","10":"shipping-taxable","11":"purchasable","12":"product-type-simple"},"_links":{"self":[{"href":"https:\/\/nabytoklaguna.sk\/sk\/wp-json\/wp\/v2\/product\/119550","targetHints":{"allow":["GET"]}}],"collection":[{"href":"https:\/\/nabytoklaguna.sk\/sk\/wp-json\/wp\/v2\/product"}],"about":[{"href":"https:\/\/nabytoklaguna.sk\/sk\/wp-json\/wp\/v2\/types\/product"}],"replies":[{"embeddable":true,"href":"https:\/\/nabytoklaguna.sk\/sk\/wp-json\/wp\/v2\/comments?post=119550"}],"wp:featuredmedia":[{"embeddable":true,"href":"https:\/\/nabytoklaguna.sk\/sk\/wp-json\/wp\/v2\/media\/7761"}],"wp:attachment":[{"href":"https:\/\/nabytoklaguna.sk\/sk\/wp-json\/wp\/v2\/media?parent=119550"}],"wp:term":[{"taxonomy":"product_brand","embeddable":true,"href":"https:\/\/nabytoklaguna.sk\/sk\/wp-json\/wp\/v2\/product_brand?post=119550"},{"taxonomy":"product_cat","embeddable":true,"href":"https:\/\/nabytoklaguna.sk\/sk\/wp-json\/wp\/v2\/product_cat?post=119550"},{"taxonomy":"product_tag","embeddable":true,"href":"https:\/\/nabytoklaguna.sk\/sk\/wp-json\/wp\/v2\/product_tag?post=119550"}],"curies":[{"name":"wp","href":"https:\/\/api.w.org\/{rel}","templated":true}]}}