{"id":119553,"date":"2023-04-22T18:40:00","date_gmt":"2023-04-22T18:40:00","guid":{"rendered":"https:\/\/nabytoklaguna.sk\/sk\/?post_type=product&#038;p=119553"},"modified":"2025-05-26T15:18:17","modified_gmt":"2025-05-26T13:18:17","slug":"line-kuchynska-linka-26-m","status":"publish","type":"product","link":"https:\/\/nabytoklaguna.sk\/sk\/produkt\/line-kuchynska-linka-26-m\/","title":{"rendered":"K LINE"},"content":{"rendered":"<p>Kuchynsk\u00e1 linka v z\u00e1kladnom bloku v preveden\u00ed dub sonoma. DTD laminovan\u00e1, hr\u00fabka pracovnej dosky 38 mm, tich\u00fd doraz z\u00e1suviek, tich\u00e9 zatv\u00e1ranie dvierok. Spodn\u00e9 skrinky s\u00fa dod\u00e1van\u00e9 s pracovnou doskou a dolnou li\u0161tou. Mo\u017enos\u0165 objedna\u0165 aj ako sektor.<\/p>\n<p>Rozmer: 260 cm.<\/p>\n","protected":false},"excerpt":{"rendered":"<p>Kuchynsk\u00e1 linka v z\u00e1kladnom bloku v preveden\u00ed dub sonoma. DTD laminovan\u00e1, hr\u00fabka pracovnej dosky 38 mm, tich\u00fd doraz z\u00e1suviek, tich\u00e9 zatv\u00e1ranie dvierok. Spodn\u00e9 skrinky s\u00fa dod\u00e1van\u00e9 s pracovnou doskou a dolnou li\u0161tou. Mo\u017enos\u0165 objedna\u0165 aj ako sektor. Rozmer: 260 cm.<\/p>\n","protected":false},"featured_media":5061,"comment_status":"closed","ping_status":"closed","template":"","meta":{"_seopress_robots_primary_cat":"177","_seopress_titles_title":"","_seopress_titles_desc":"","_seopress_robots_index":""},"product_brand":[],"product_cat":[177],"product_tag":[],"class_list":{"0":"post-119553","1":"product","2":"type-product","3":"status-publish","4":"has-post-thumbnail","6":"product_cat-kuchyne-top","8":"first","9":"onbackorder","10":"shipping-taxable","11":"purchasable","12":"product-type-simple"},"_links":{"self":[{"href":"https:\/\/nabytoklaguna.sk\/sk\/wp-json\/wp\/v2\/product\/119553","targetHints":{"allow":["GET"]}}],"collection":[{"href":"https:\/\/nabytoklaguna.sk\/sk\/wp-json\/wp\/v2\/product"}],"about":[{"href":"https:\/\/nabytoklaguna.sk\/sk\/wp-json\/wp\/v2\/types\/product"}],"replies":[{"embeddable":true,"href":"https:\/\/nabytoklaguna.sk\/sk\/wp-json\/wp\/v2\/comments?post=119553"}],"wp:featuredmedia":[{"embeddable":true,"href":"https:\/\/nabytoklaguna.sk\/sk\/wp-json\/wp\/v2\/media\/5061"}],"wp:attachment":[{"href":"https:\/\/nabytoklaguna.sk\/sk\/wp-json\/wp\/v2\/media?parent=119553"}],"wp:term":[{"taxonomy":"product_brand","embeddable":true,"href":"https:\/\/nabytoklaguna.sk\/sk\/wp-json\/wp\/v2\/product_brand?post=119553"},{"taxonomy":"product_cat","embeddable":true,"href":"https:\/\/nabytoklaguna.sk\/sk\/wp-json\/wp\/v2\/product_cat?post=119553"},{"taxonomy":"product_tag","embeddable":true,"href":"https:\/\/nabytoklaguna.sk\/sk\/wp-json\/wp\/v2\/product_tag?post=119553"}],"curies":[{"name":"wp","href":"https:\/\/api.w.org\/{rel}","templated":true}]}}