{"id":119554,"date":"2023-04-22T18:40:00","date_gmt":"2023-04-22T18:40:00","guid":{"rendered":"https:\/\/nabytoklaguna.sk\/sk\/?post_type=product&#038;p=119554"},"modified":"2023-08-23T17:23:48","modified_gmt":"2023-08-23T15:23:48","slug":"monna-180x200-cm","status":"publish","type":"product","link":"https:\/\/nabytoklaguna.sk\/sk\/produkt\/monna-180x200-cm\/","title":{"rendered":"MONNA 180&#215;200 cm"},"content":{"rendered":"<p>Pevn\u00fd ro\u0161t s oh\u00fdban\u00fdmi lamelami z brezov\u00e9ho dreva. V\u010faka elastick\u00fdm li\u0161t\u00e1m sa prisp\u00f4sobuje tvaru a hmotnosti tela. H\u013abka 5 cm.<\/p>\n","protected":false},"excerpt":{"rendered":"<p>Pevn\u00fd ro\u0161t s oh\u00fdban\u00fdmi lamelami z brezov\u00e9ho dreva. V\u010faka elastick\u00fdm li\u0161t\u00e1m sa prisp\u00f4sobuje tvaru a hmotnosti tela. H\u013abka 5 cm.<\/p>\n","protected":false},"featured_media":7755,"comment_status":"closed","ping_status":"closed","template":"","meta":{"_seopress_robots_primary_cat":"227","_seopress_titles_title":"","_seopress_titles_desc":"","_seopress_robots_index":""},"product_brand":[],"product_cat":[227],"product_tag":[],"class_list":{"0":"post-119554","1":"product","2":"type-product","3":"status-publish","4":"has-post-thumbnail","6":"product_cat-rosty-matrace","8":"first","9":"onbackorder","10":"shipping-taxable","11":"purchasable","12":"product-type-simple"},"_links":{"self":[{"href":"https:\/\/nabytoklaguna.sk\/sk\/wp-json\/wp\/v2\/product\/119554","targetHints":{"allow":["GET"]}}],"collection":[{"href":"https:\/\/nabytoklaguna.sk\/sk\/wp-json\/wp\/v2\/product"}],"about":[{"href":"https:\/\/nabytoklaguna.sk\/sk\/wp-json\/wp\/v2\/types\/product"}],"replies":[{"embeddable":true,"href":"https:\/\/nabytoklaguna.sk\/sk\/wp-json\/wp\/v2\/comments?post=119554"}],"wp:featuredmedia":[{"embeddable":true,"href":"https:\/\/nabytoklaguna.sk\/sk\/wp-json\/wp\/v2\/media\/7755"}],"wp:attachment":[{"href":"https:\/\/nabytoklaguna.sk\/sk\/wp-json\/wp\/v2\/media?parent=119554"}],"wp:term":[{"taxonomy":"product_brand","embeddable":true,"href":"https:\/\/nabytoklaguna.sk\/sk\/wp-json\/wp\/v2\/product_brand?post=119554"},{"taxonomy":"product_cat","embeddable":true,"href":"https:\/\/nabytoklaguna.sk\/sk\/wp-json\/wp\/v2\/product_cat?post=119554"},{"taxonomy":"product_tag","embeddable":true,"href":"https:\/\/nabytoklaguna.sk\/sk\/wp-json\/wp\/v2\/product_tag?post=119554"}],"curies":[{"name":"wp","href":"https:\/\/api.w.org\/{rel}","templated":true}]}}