{"id":119556,"date":"2023-04-22T18:40:00","date_gmt":"2023-04-22T16:40:00","guid":{"rendered":"https:\/\/nabytoklaguna.sk\/sk\/?post_type=product&#038;p=119556"},"modified":"2023-11-06T16:46:49","modified_gmt":"2023-11-06T15:46:49","slug":"artelb-nilo-x","status":"publish","type":"product","link":"https:\/\/nabytoklaguna.sk\/sk\/produkt\/artelb-nilo-x\/","title":{"rendered":"NILO X"},"content":{"rendered":"<p>Stoli\u010dka z mas\u00edvu vo farebnom preveden\u00ed biela\/ po\u0165ahov\u00e1 l\u00e1tka 8. Mo\u017enos\u0165 v\u00fdberu po\u0165ahov\u00fdch l\u00e1tok pod\u013ea ponuky. Za l\u00e1tku 28, 29, 30, 31, 32, 33, 34, 35, 36 je doplatok 3,- \u20ac.\u00a0 Mo\u017enos\u0165 v\u00fdberu farebn\u00e9ho prevedenia dreva z mo\u017enost\u00ed. orech, jel\u0161a, sonoma, grafit, biela, \u010dierna, dub grandson, ga\u0161tan a buk.<\/p>\n<p>Rozmery: \u0161xvxh: 43&#215;48\/92&#215;40 cm.<\/p>\n","protected":false},"excerpt":{"rendered":"<p>Stoli\u010dka z mas\u00edvu vo farebnom preveden\u00ed biela\/ po\u0165ahov\u00e1 l\u00e1tka 8. Mo\u017enos\u0165 v\u00fdberu po\u0165ahov\u00fdch l\u00e1tok pod\u013ea ponuky. Za l\u00e1tku 28, 29, 30, 31, 32, 33, 34, 35, 36 je doplatok 3,- \u20ac.\u00a0 Mo\u017enos\u0165 v\u00fdberu farebn\u00e9ho prevedenia dreva z mo\u017enost\u00ed. orech, jel\u0161a, sonoma, grafit, biela, \u010dierna, dub grandson, ga\u0161tan a buk. Rozmery: \u0161xvxh: 43&#215;48\/92&#215;40 cm.<\/p>\n","protected":false},"featured_media":9098,"comment_status":"closed","ping_status":"closed","template":"","meta":{"_seopress_robots_primary_cat":"238","_seopress_titles_title":"","_seopress_titles_desc":"","_seopress_robots_index":""},"product_brand":[],"product_cat":[238],"product_tag":[],"class_list":{"0":"post-119556","1":"product","2":"type-product","3":"status-publish","4":"has-post-thumbnail","6":"product_cat-drevene-stolicky","8":"first","9":"onbackorder","10":"shipping-taxable","11":"purchasable","12":"product-type-simple"},"_links":{"self":[{"href":"https:\/\/nabytoklaguna.sk\/sk\/wp-json\/wp\/v2\/product\/119556","targetHints":{"allow":["GET"]}}],"collection":[{"href":"https:\/\/nabytoklaguna.sk\/sk\/wp-json\/wp\/v2\/product"}],"about":[{"href":"https:\/\/nabytoklaguna.sk\/sk\/wp-json\/wp\/v2\/types\/product"}],"replies":[{"embeddable":true,"href":"https:\/\/nabytoklaguna.sk\/sk\/wp-json\/wp\/v2\/comments?post=119556"}],"wp:featuredmedia":[{"embeddable":true,"href":"https:\/\/nabytoklaguna.sk\/sk\/wp-json\/wp\/v2\/media\/9098"}],"wp:attachment":[{"href":"https:\/\/nabytoklaguna.sk\/sk\/wp-json\/wp\/v2\/media?parent=119556"}],"wp:term":[{"taxonomy":"product_brand","embeddable":true,"href":"https:\/\/nabytoklaguna.sk\/sk\/wp-json\/wp\/v2\/product_brand?post=119556"},{"taxonomy":"product_cat","embeddable":true,"href":"https:\/\/nabytoklaguna.sk\/sk\/wp-json\/wp\/v2\/product_cat?post=119556"},{"taxonomy":"product_tag","embeddable":true,"href":"https:\/\/nabytoklaguna.sk\/sk\/wp-json\/wp\/v2\/product_tag?post=119556"}],"curies":[{"name":"wp","href":"https:\/\/api.w.org\/{rel}","templated":true}]}}