{"id":119557,"date":"2023-04-22T18:40:00","date_gmt":"2023-04-22T18:40:00","guid":{"rendered":"https:\/\/nabytoklaguna.sk\/sk\/?post_type=product&#038;p=119557"},"modified":"2025-05-26T15:49:15","modified_gmt":"2025-05-26T13:49:15","slug":"rea-alfa-zz-c-1","status":"publish","type":"product","link":"https:\/\/nabytoklaguna.sk\/sk\/produkt\/rea-alfa-zz-c-1\/","title":{"rendered":"REA ALFA ZZ \u010d.1"},"content":{"rendered":"<p>Kuchy\u0148a &#8211;\u00a0<strong>Z\u00e1kladn\u00e1 zostava &#8211;\u00a0<\/strong>zostava so zv\u00fdhodnenou cenou (nie je mo\u017en\u00e9 meni\u0165 jednotliv\u00e9 polo\u017eky zostavy)\u00a0<strong>BEZ DIGESTOROVEJ SKRINKY.<\/strong><\/p>\n<p>Kuchynsk\u00e1 zostava je dod\u00e1van\u00e1\u00a0<strong>BEZ \u00daCHYTIEK &#8211;\u00a0<\/strong>tie je<strong>\u00a0nutn\u00e9 doobjedna\u0165.\u00a0<\/strong>M\u00f4\u017eete si vybra\u0165 z ponuky &#8211; TYP1 a TYP2 v dvoch d\u013a\u017ekach, 128 a 192mm, TYP3 v d\u013a\u017eke 192mm. Dvierka nie s\u00fa na \u00fachytky prev\u0155tan\u00e9 &#8211; s\u00fa iba zo zadnej strany predzna\u010den\u00e9.<\/p>\n<p>Rozmery: spodn\u00fd rozmer 200 cm, horn\u00fd rozmer 200 cm<br \/>\nhorn\u00e9 skrinky: v\u00fd\u0161ka\u00a0<strong>57<\/strong>\u00a0<strong>cm<\/strong>, h\u013abka 32,6 cm<br \/>\ndoln\u00e9 skrinky: v\u00fd\u0161ka 72 + no\u017ei\u010dky= 82 cm, h\u013abka 47 cm<\/p>\n<p>Materi\u00e1l: DTD 16mm + ABS 0,5 mm na korpuse, dvierka s\u00fa z DTD 16mm + ABS 2mm<\/p>\n<p>No\u017ei\u010dky s\u00fa 2x okovovan\u00e9, strieborn\u00e9, plastov\u00e9, v\u00fd\u0161ky 10cm, 2x plastov\u00e9. Kovov\u00e9 \u00fachytky.<br \/>\nPou\u017eit\u00e9 je\u00a0<strong>z\u00e1vesn\u00e9 kovanie s integrovan\u00fdm tlmen\u00edm.<\/strong>\u00a0Na z\u00e1suvk\u00e1ch je pou\u017eit\u00fd\u00a0<strong>guli\u010dkov\u00fd plnov\u00fdsuv<\/strong>.<\/p>\n<p>V cene zostavy je pracovn\u00e1 doska striebornej farby \u2013 2 \u010dasti 80+40 cm.<\/p>\n<p>Dod\u00e1vame v demonte.<\/p>\n","protected":false},"excerpt":{"rendered":"<p>Kuchy\u0148a &#8211;\u00a0Z\u00e1kladn\u00e1 zostava &#8211;\u00a0zostava so zv\u00fdhodnenou cenou (nie je mo\u017en\u00e9 meni\u0165 jednotliv\u00e9 polo\u017eky zostavy)\u00a0BEZ DIGESTOROVEJ SKRINKY. Kuchynsk\u00e1 zostava je dod\u00e1van\u00e1\u00a0BEZ \u00daCHYTIEK &#8211;\u00a0tie je\u00a0nutn\u00e9 doobjedna\u0165.\u00a0M\u00f4\u017eete si vybra\u0165 z ponuky &#8211; TYP1 a TYP2 v dvoch d\u013a\u017ekach, 128 a 192mm, TYP3 v d\u013a\u017eke 192mm. Dvierka nie s\u00fa na \u00fachytky prev\u0155tan\u00e9 &#8211; s\u00fa iba zo zadnej strany predzna\u010den\u00e9&#8230;.<\/p>\n","protected":false},"featured_media":5056,"comment_status":"closed","ping_status":"closed","template":"","meta":{"_seopress_robots_primary_cat":"177","_seopress_titles_title":"","_seopress_titles_desc":"","_seopress_robots_index":""},"product_brand":[],"product_cat":[177],"product_tag":[],"class_list":{"0":"post-119557","1":"product","2":"type-product","3":"status-publish","4":"has-post-thumbnail","6":"product_cat-kuchyne-top","8":"first","9":"onbackorder","10":"shipping-taxable","11":"purchasable","12":"product-type-simple"},"_links":{"self":[{"href":"https:\/\/nabytoklaguna.sk\/sk\/wp-json\/wp\/v2\/product\/119557","targetHints":{"allow":["GET"]}}],"collection":[{"href":"https:\/\/nabytoklaguna.sk\/sk\/wp-json\/wp\/v2\/product"}],"about":[{"href":"https:\/\/nabytoklaguna.sk\/sk\/wp-json\/wp\/v2\/types\/product"}],"replies":[{"embeddable":true,"href":"https:\/\/nabytoklaguna.sk\/sk\/wp-json\/wp\/v2\/comments?post=119557"}],"wp:featuredmedia":[{"embeddable":true,"href":"https:\/\/nabytoklaguna.sk\/sk\/wp-json\/wp\/v2\/media\/5056"}],"wp:attachment":[{"href":"https:\/\/nabytoklaguna.sk\/sk\/wp-json\/wp\/v2\/media?parent=119557"}],"wp:term":[{"taxonomy":"product_brand","embeddable":true,"href":"https:\/\/nabytoklaguna.sk\/sk\/wp-json\/wp\/v2\/product_brand?post=119557"},{"taxonomy":"product_cat","embeddable":true,"href":"https:\/\/nabytoklaguna.sk\/sk\/wp-json\/wp\/v2\/product_cat?post=119557"},{"taxonomy":"product_tag","embeddable":true,"href":"https:\/\/nabytoklaguna.sk\/sk\/wp-json\/wp\/v2\/product_tag?post=119557"}],"curies":[{"name":"wp","href":"https:\/\/api.w.org\/{rel}","templated":true}]}}