{"id":119558,"date":"2023-04-22T18:40:00","date_gmt":"2023-04-22T18:40:00","guid":{"rendered":"https:\/\/nabytoklaguna.sk\/sk\/?post_type=product&#038;p=119558"},"modified":"2023-08-23T17:23:49","modified_gmt":"2023-08-23T15:23:49","slug":"monna-160x200-cm","status":"publish","type":"product","link":"https:\/\/nabytoklaguna.sk\/sk\/produkt\/monna-160x200-cm\/","title":{"rendered":"MONNA 160&#215;200 cm"},"content":{"rendered":"<p>Pevn\u00fd ro\u0161t s oh\u00fdban\u00fdmi lamelami z brezov\u00e9ho dreva. V\u010faka elastick\u00fdm li\u0161t\u00e1m sa prisp\u00f4sobuje tvaru a hmotnosti tela. H\u013abka 5 cm.<\/p>\n<p>Materi\u00e1l: lamely<\/p>\n<p>Farebn\u00e9 prevedenie: brezov\u00e9 drevo\/plastov\u00e9 p\u00fazdra<\/p>\n<p>Presn\u00fd rozmer ro\u0161tu: 195&#215;158 cm Ro\u0161t je vhodn\u00fd do postele s plochou na spanie s rozmerom: 200&#215;160 cm<\/p>\n<p>Hr\u00fabka ro\u0161tu: 5 cm<\/p>\n<p>Nosnos\u0165: max. 120 kg<\/p>\n<p>Ro\u0161t nie je samonosn\u00fd<\/p>\n<p>Dod\u00e1van\u00e9 v monte<\/p>\n","protected":false},"excerpt":{"rendered":"<p>Pevn\u00fd ro\u0161t s oh\u00fdban\u00fdmi lamelami z brezov\u00e9ho dreva. V\u010faka elastick\u00fdm li\u0161t\u00e1m sa prisp\u00f4sobuje tvaru a hmotnosti tela. H\u013abka 5 cm. Materi\u00e1l: lamely Farebn\u00e9 prevedenie: brezov\u00e9 drevo\/plastov\u00e9 p\u00fazdra Presn\u00fd rozmer ro\u0161tu: 195&#215;158 cm Ro\u0161t je vhodn\u00fd do postele s plochou na spanie s rozmerom: 200&#215;160 cm Hr\u00fabka ro\u0161tu: 5 cm Nosnos\u0165: max. 120 kg Ro\u0161t nie&#8230;<\/p>\n","protected":false},"featured_media":7755,"comment_status":"closed","ping_status":"closed","template":"","meta":{"_seopress_robots_primary_cat":"227","_seopress_titles_title":"","_seopress_titles_desc":"","_seopress_robots_index":""},"product_brand":[],"product_cat":[227],"product_tag":[],"class_list":{"0":"post-119558","1":"product","2":"type-product","3":"status-publish","4":"has-post-thumbnail","6":"product_cat-rosty-matrace","8":"first","9":"onbackorder","10":"shipping-taxable","11":"purchasable","12":"product-type-simple"},"_links":{"self":[{"href":"https:\/\/nabytoklaguna.sk\/sk\/wp-json\/wp\/v2\/product\/119558","targetHints":{"allow":["GET"]}}],"collection":[{"href":"https:\/\/nabytoklaguna.sk\/sk\/wp-json\/wp\/v2\/product"}],"about":[{"href":"https:\/\/nabytoklaguna.sk\/sk\/wp-json\/wp\/v2\/types\/product"}],"replies":[{"embeddable":true,"href":"https:\/\/nabytoklaguna.sk\/sk\/wp-json\/wp\/v2\/comments?post=119558"}],"wp:featuredmedia":[{"embeddable":true,"href":"https:\/\/nabytoklaguna.sk\/sk\/wp-json\/wp\/v2\/media\/7755"}],"wp:attachment":[{"href":"https:\/\/nabytoklaguna.sk\/sk\/wp-json\/wp\/v2\/media?parent=119558"}],"wp:term":[{"taxonomy":"product_brand","embeddable":true,"href":"https:\/\/nabytoklaguna.sk\/sk\/wp-json\/wp\/v2\/product_brand?post=119558"},{"taxonomy":"product_cat","embeddable":true,"href":"https:\/\/nabytoklaguna.sk\/sk\/wp-json\/wp\/v2\/product_cat?post=119558"},{"taxonomy":"product_tag","embeddable":true,"href":"https:\/\/nabytoklaguna.sk\/sk\/wp-json\/wp\/v2\/product_tag?post=119558"}],"curies":[{"name":"wp","href":"https:\/\/api.w.org\/{rel}","templated":true}]}}