{"id":119566,"date":"2023-04-22T18:40:00","date_gmt":"2023-04-22T18:40:00","guid":{"rendered":"https:\/\/nabytoklaguna.sk\/sk\/?post_type=product&#038;p=119566"},"modified":"2026-02-12T11:04:51","modified_gmt":"2026-02-12T10:04:51","slug":"skrina-k-gabriela","status":"publish","type":"product","link":"https:\/\/nabytoklaguna.sk\/sk\/produkt\/skrina-k-gabriela\/","title":{"rendered":"K GABRIELA"},"content":{"rendered":"<p>Modern\u00e1 a priestrann\u00e1 skri\u0148a s posuvn\u00fdmi dverami. \u013dahk\u00e1 manipul\u00e1cia s dvierkami v\u010faka kvalitn\u00e9mu mechanizmu. Mo\u017enos\u0165 dok\u00fapi\u0165 poste\u013e a no\u010dn\u00e9 stol\u00edky v rovnakom dizajne. <strong>Slovensk\u00fd v\u00fdrobok.<\/strong><\/p>\n<p>Rozmery: 201,6x200x62 cm (\u0160xVxH).<\/p>\n<p><img loading=\"lazy\" decoding=\"async\" class=\"alignnone size-full wp-image-7744\" src=\"http:\/\/nabytoklaguna.sk\/sk\/wp-content\/uploads\/2017\/02\/vlajka.png\" alt=\"\" width=\"150\" height=\"100\" \/><\/p>\n","protected":false},"excerpt":{"rendered":"<p>Modern\u00e1 a priestrann\u00e1 skri\u0148a s posuvn\u00fdmi dverami. \u013dahk\u00e1 manipul\u00e1cia s dvierkami v\u010faka kvalitn\u00e9mu mechanizmu. Mo\u017enos\u0165 dok\u00fapi\u0165 poste\u013e a no\u010dn\u00e9 stol\u00edky v rovnakom dizajne. Slovensk\u00fd v\u00fdrobok. Rozmery: 201,6x200x62 cm (\u0160xVxH).<\/p>\n","protected":false},"featured_media":7745,"comment_status":"closed","ping_status":"closed","template":"","meta":{"_seopress_robots_primary_cat":"225","_seopress_titles_title":"","_seopress_titles_desc":"","_seopress_robots_index":""},"product_brand":[],"product_cat":[1585,225],"product_tag":[],"class_list":{"0":"post-119566","1":"product","2":"type-product","3":"status-publish","4":"has-post-thumbnail","6":"product_cat-s-posuvnymi-dverami","7":"product_cat-skrine","9":"first","10":"onbackorder","11":"shipping-taxable","12":"purchasable","13":"product-type-simple"},"_links":{"self":[{"href":"https:\/\/nabytoklaguna.sk\/sk\/wp-json\/wp\/v2\/product\/119566","targetHints":{"allow":["GET"]}}],"collection":[{"href":"https:\/\/nabytoklaguna.sk\/sk\/wp-json\/wp\/v2\/product"}],"about":[{"href":"https:\/\/nabytoklaguna.sk\/sk\/wp-json\/wp\/v2\/types\/product"}],"replies":[{"embeddable":true,"href":"https:\/\/nabytoklaguna.sk\/sk\/wp-json\/wp\/v2\/comments?post=119566"}],"wp:featuredmedia":[{"embeddable":true,"href":"https:\/\/nabytoklaguna.sk\/sk\/wp-json\/wp\/v2\/media\/7745"}],"wp:attachment":[{"href":"https:\/\/nabytoklaguna.sk\/sk\/wp-json\/wp\/v2\/media?parent=119566"}],"wp:term":[{"taxonomy":"product_brand","embeddable":true,"href":"https:\/\/nabytoklaguna.sk\/sk\/wp-json\/wp\/v2\/product_brand?post=119566"},{"taxonomy":"product_cat","embeddable":true,"href":"https:\/\/nabytoklaguna.sk\/sk\/wp-json\/wp\/v2\/product_cat?post=119566"},{"taxonomy":"product_tag","embeddable":true,"href":"https:\/\/nabytoklaguna.sk\/sk\/wp-json\/wp\/v2\/product_tag?post=119566"}],"curies":[{"name":"wp","href":"https:\/\/api.w.org\/{rel}","templated":true}]}}