{"id":119570,"date":"2023-04-22T18:40:00","date_gmt":"2023-04-22T18:40:00","guid":{"rendered":"https:\/\/nabytoklaguna.sk\/sk\/?post_type=product&#038;p=119570"},"modified":"2023-11-30T16:02:01","modified_gmt":"2023-11-30T15:02:01","slug":"tempo-kondela-plaza-90x200","status":"publish","type":"product","link":"https:\/\/nabytoklaguna.sk\/sk\/produkt\/tempo-kondela-plaza-90x200\/","title":{"rendered":"TK PLAZA 90&#215;200"},"content":{"rendered":"<p>Rolovan\u00fd ro\u0161t zo smrekov\u00fdch lamelov. Vhodn\u00fd pre rozmery postel\u00ed: 90&#215;200 cm. Hr\u00fabka lamiel: 1,8 cm, \u0161\u00edrka lamiel 7 cm.<\/p>\n","protected":false},"excerpt":{"rendered":"<p>Rolovan\u00fd ro\u0161t zo smrekov\u00fdch lamelov. Vhodn\u00fd pre rozmery postel\u00ed: 90&#215;200 cm. Hr\u00fabka lamiel: 1,8 cm, \u0161\u00edrka lamiel 7 cm.<\/p>\n","protected":false},"featured_media":7422,"comment_status":"closed","ping_status":"closed","template":"","meta":{"_seopress_robots_primary_cat":"227","_seopress_titles_title":"","_seopress_titles_desc":"","_seopress_robots_index":""},"product_brand":[],"product_cat":[227],"product_tag":[],"class_list":{"0":"post-119570","1":"product","2":"type-product","3":"status-publish","4":"has-post-thumbnail","6":"product_cat-rosty-matrace","8":"first","9":"onbackorder","10":"shipping-taxable","11":"purchasable","12":"product-type-simple"},"_links":{"self":[{"href":"https:\/\/nabytoklaguna.sk\/sk\/wp-json\/wp\/v2\/product\/119570","targetHints":{"allow":["GET"]}}],"collection":[{"href":"https:\/\/nabytoklaguna.sk\/sk\/wp-json\/wp\/v2\/product"}],"about":[{"href":"https:\/\/nabytoklaguna.sk\/sk\/wp-json\/wp\/v2\/types\/product"}],"replies":[{"embeddable":true,"href":"https:\/\/nabytoklaguna.sk\/sk\/wp-json\/wp\/v2\/comments?post=119570"}],"wp:featuredmedia":[{"embeddable":true,"href":"https:\/\/nabytoklaguna.sk\/sk\/wp-json\/wp\/v2\/media\/7422"}],"wp:attachment":[{"href":"https:\/\/nabytoklaguna.sk\/sk\/wp-json\/wp\/v2\/media?parent=119570"}],"wp:term":[{"taxonomy":"product_brand","embeddable":true,"href":"https:\/\/nabytoklaguna.sk\/sk\/wp-json\/wp\/v2\/product_brand?post=119570"},{"taxonomy":"product_cat","embeddable":true,"href":"https:\/\/nabytoklaguna.sk\/sk\/wp-json\/wp\/v2\/product_cat?post=119570"},{"taxonomy":"product_tag","embeddable":true,"href":"https:\/\/nabytoklaguna.sk\/sk\/wp-json\/wp\/v2\/product_tag?post=119570"}],"curies":[{"name":"wp","href":"https:\/\/api.w.org\/{rel}","templated":true}]}}