{"id":119574,"date":"2023-04-22T18:40:00","date_gmt":"2023-04-22T18:40:00","guid":{"rendered":"https:\/\/nabytoklaguna.sk\/sk\/?post_type=product&#038;p=119574"},"modified":"2025-05-27T14:05:51","modified_gmt":"2025-05-27T12:05:51","slug":"k-dolores","status":"publish","type":"product","link":"https:\/\/nabytoklaguna.sk\/sk\/produkt\/k-dolores\/","title":{"rendered":"K DOLORES"},"content":{"rendered":"<p>Najd\u00f4le\u017eitej\u0161ou potrebou \u010dloveka pre spr\u00e1vne fungovanie je sp\u00e1nok a preto v\u00e1m pon\u00fakame zvodn\u00fa kovov\u00fa poste\u013e, ktor\u00e1 oh\u00fari aj praktick\u00fdmi vlastnos\u0165ami. Kr\u00e1sna poste\u013e s\u00a0<b>kr\u00e1\u013eovskou plochou na spanie<\/b>,\u00a0<b>kovovou kon\u0161trukciou<\/b>\u00a0zv\u00fdraznenou romantick\u00fdmi ornamentami je vhodn\u00e1 do ka\u017edej sp\u00e1lne, z\u00fatuln\u00ed ju a dod\u00e1 jej\u00a0<b>retro efekt<\/b>. Kon\u0161trukcia postele je vyhotoven\u00e1 z\u00a0<b>\u010dierneho kovu<\/b>, doplnen\u00e1\u00a0<b>dreven\u00fdmi nohami<\/b>\u00a0vo farbe \u010dere\u0161\u0148a. Na poh\u013ead ve\u013emi jednoduch\u00e1, no prec\u00edzna pr\u00e1ca s kovom. Vhodn\u00e1 pre jednotlivcov, ale samozrejme aj p\u00e1ry, ktor\u00e9 si po n\u00e1ro\u010dnom dni chc\u00fa vychutna\u0165 oddych v tom\u00a0<b>najlep\u0161om komforte<\/b>.\u00a0<b>DOLORES<\/b>\u00a0sa p\u00fd\u0161i ve\u013ekos\u0165ou spacej plochy\u00a0<b>180&#215;200 cm<\/b>. Je dod\u00e1van\u00e1\u00a0<b>s lamelov\u00fdm ro\u0161tom<\/b>. Jej ve\u013ekosti a\u00a0<b>kvalite neodol\u00e1te<\/b> a budete v nej tr\u00e1vi\u0165 ove\u013ea viac \u010dasu, ako ste si mysleli.<\/p>\n<p>Spacia plocha: 180x200cm<\/p>\n","protected":false},"excerpt":{"rendered":"<p>Najd\u00f4le\u017eitej\u0161ou potrebou \u010dloveka pre spr\u00e1vne fungovanie je sp\u00e1nok a preto v\u00e1m pon\u00fakame zvodn\u00fa kovov\u00fa poste\u013e, ktor\u00e1 oh\u00fari aj praktick\u00fdmi vlastnos\u0165ami. Kr\u00e1sna poste\u013e s\u00a0kr\u00e1\u013eovskou plochou na spanie,\u00a0kovovou kon\u0161trukciou\u00a0zv\u00fdraznenou romantick\u00fdmi ornamentami je vhodn\u00e1 do ka\u017edej sp\u00e1lne, z\u00fatuln\u00ed ju a dod\u00e1 jej\u00a0retro efekt. Kon\u0161trukcia postele je vyhotoven\u00e1 z\u00a0\u010dierneho kovu, doplnen\u00e1\u00a0dreven\u00fdmi nohami\u00a0vo farbe \u010dere\u0161\u0148a. Na poh\u013ead ve\u013emi jednoduch\u00e1, no&#8230;<\/p>\n","protected":false},"featured_media":8195,"comment_status":"closed","ping_status":"closed","template":"","meta":{"_seopress_robots_primary_cat":"618","_seopress_titles_title":"","_seopress_titles_desc":"","_seopress_robots_index":""},"product_brand":[],"product_cat":[4012,618],"product_tag":[],"class_list":{"0":"post-119574","1":"product","2":"type-product","3":"status-publish","4":"has-post-thumbnail","6":"product_cat-postele","7":"product_cat-kovove-postele","9":"first","10":"onbackorder","11":"shipping-taxable","12":"purchasable","13":"product-type-simple"},"_links":{"self":[{"href":"https:\/\/nabytoklaguna.sk\/sk\/wp-json\/wp\/v2\/product\/119574","targetHints":{"allow":["GET"]}}],"collection":[{"href":"https:\/\/nabytoklaguna.sk\/sk\/wp-json\/wp\/v2\/product"}],"about":[{"href":"https:\/\/nabytoklaguna.sk\/sk\/wp-json\/wp\/v2\/types\/product"}],"replies":[{"embeddable":true,"href":"https:\/\/nabytoklaguna.sk\/sk\/wp-json\/wp\/v2\/comments?post=119574"}],"wp:featuredmedia":[{"embeddable":true,"href":"https:\/\/nabytoklaguna.sk\/sk\/wp-json\/wp\/v2\/media\/8195"}],"wp:attachment":[{"href":"https:\/\/nabytoklaguna.sk\/sk\/wp-json\/wp\/v2\/media?parent=119574"}],"wp:term":[{"taxonomy":"product_brand","embeddable":true,"href":"https:\/\/nabytoklaguna.sk\/sk\/wp-json\/wp\/v2\/product_brand?post=119574"},{"taxonomy":"product_cat","embeddable":true,"href":"https:\/\/nabytoklaguna.sk\/sk\/wp-json\/wp\/v2\/product_cat?post=119574"},{"taxonomy":"product_tag","embeddable":true,"href":"https:\/\/nabytoklaguna.sk\/sk\/wp-json\/wp\/v2\/product_tag?post=119574"}],"curies":[{"name":"wp","href":"https:\/\/api.w.org\/{rel}","templated":true}]}}